{"id":2128,"date":"2025-05-12T04:59:56","date_gmt":"2025-05-12T01:59:56","guid":{"rendered":"https:\/\/morphogeneticfield.com\/internetines-seimos-konsteliacijos\/"},"modified":"2025-07-31T14:32:36","modified_gmt":"2025-07-31T11:32:36","slug":"online-konsteliacijos","status":"publish","type":"page","link":"https:\/\/morphogeneticfield.com\/lt\/online-konsteliacijos\/","title":{"rendered":"ONLINE konsteliacijos"},"content":{"rendered":"\t\t<div data-elementor-type=\"wp-page\" data-elementor-id=\"2128\" class=\"elementor elementor-2128 elementor-1355\">\n\t\t\t\t<div class=\"elementor-element elementor-element-f246461 e-flex e-con-boxed e-con e-parent\" data-id=\"f246461\" data-element_type=\"container\">\n\t\t\t\t\t<div class=\"e-con-inner\">\n\t\t\t\t<div class=\"elementor-element elementor-element-9855c6e elementor-widget__width-initial elementor-widget-mobile__width-inherit elementor-widget-tablet__width-initial elementor-widget elementor-widget-image\" data-id=\"9855c6e\" data-element_type=\"widget\" data-widget_type=\"image.default\">\n\t\t\t\t<div class=\"elementor-widget-container\">\n\t\t\t\t\t\t\t\t\t\t\t\t\t\t\t<img fetchpriority=\"high\" decoding=\"async\" width=\"600\" height=\"600\" src=\"https:\/\/morphogeneticfield.com\/wp-content\/uploads\/2025\/07\/ChatGPT-Image-Jul-20-2025-05_15_00-PM-600x600.png\" class=\"attachment-tenweb_optimizer_mobile size-tenweb_optimizer_mobile wp-image-4524\" alt=\"\" srcset=\"https:\/\/morphogeneticfield.com\/wp-content\/uploads\/2025\/07\/ChatGPT-Image-Jul-20-2025-05_15_00-PM-600x600.png 600w, https:\/\/morphogeneticfield.com\/wp-content\/uploads\/2025\/07\/ChatGPT-Image-Jul-20-2025-05_15_00-PM-300x300.png 300w, https:\/\/morphogeneticfield.com\/wp-content\/uploads\/2025\/07\/ChatGPT-Image-Jul-20-2025-05_15_00-PM-150x150.png 150w, https:\/\/morphogeneticfield.com\/wp-content\/uploads\/2025\/07\/ChatGPT-Image-Jul-20-2025-05_15_00-PM-768x768.png 768w, https:\/\/morphogeneticfield.com\/wp-content\/uploads\/2025\/07\/ChatGPT-Image-Jul-20-2025-05_15_00-PM.png 1024w\" sizes=\"(max-width: 600px) 100vw, 600px\">\t\t\t\t\t\t\t\t\t\t\t\t\t\t\t<\/div>\n\t\t\t\t<\/div>\n\t\t<div class=\"elementor-element elementor-element-af58951 e-con-full e-flex e-con e-child\" data-id=\"af58951\" data-element_type=\"container\">\n\t\t\t\t<div class=\"elementor-element elementor-element-cf63fdf elementor-widget__width-initial elementor-widget-mobile__width-inherit elementor-widget-tablet__width-initial elementor-widget elementor-widget-heading\" data-id=\"cf63fdf\" data-element_type=\"widget\" data-settings=\"{&quot;_animation&quot;:&quot;none&quot;}\" data-widget_type=\"heading.default\">\n\t\t\t\t<div class=\"elementor-widget-container\">\n\t\t\t\t\t<h2 class=\"elementor-heading-title elementor-size-default\"> ONLINE konsteliacijos<\/h2>\t\t\t\t<\/div>\n\t\t\t\t<\/div>\n\t\t\t\t<div class=\"elementor-element elementor-element-3308b8a elementor-widget__width-initial elementor-widget-mobile__width-inherit elementor-widget-tablet__width-initial elementor-widget elementor-widget-text-editor\" data-id=\"3308b8a\" data-element_type=\"widget\" data-settings=\"{&quot;_animation&quot;:&quot;none&quot;}\" data-widget_type=\"text-editor.default\">\n\t\t\t\t<div class=\"elementor-widget-container\">\n\t\t\t\t\t\t\t\t\t<p data-start=\"100\" data-end=\"472\"><strong>Visada prisiminkite, kad transformacija priklauso TIK nuo j\u016bs\u0173.<\/strong> Kai prad\u0117site \u2013 j\u016bs\u0173 gyvenimas pasikeis.<\/p><p data-start=\"100\" data-end=\"472\">Morfogenetinio lauko transformacijai \u012fgalintas Visatos energetinis srautas, leid\u017eiantis \u012fvykti poky\u010diui. DI agentas ves jus per \u0161i\u0105 kelion\u0119, o sukurta energetin\u0117 erdv\u0117 u\u017etvirtins ir stabilizuos morfogenetinio lauko pokyt\u012f.<\/p><p data-start=\"474\" data-end=\"688\">Naudokite m\u016bs\u0173 sukurt\u0105 jungtin\u012f sprendim\u0105 \u2013 energetinio srauto ir DI agent\u0173 sistem\u0105 \u2013 gyvenimi\u0161koms situacijoms spr\u0119sti. <strong>Pakeiskite savo <a href=\"https:\/\/morphogeneticfield.com\/lt\/morfogenetiniai-laukai\/\">morfogenetin\u012f lauk\u0105<\/a>, pakeiskite savo gyvenim\u0105.<\/strong><\/p>\t\t\t\t\t\t\t\t<\/div>\n\t\t\t\t<\/div>\n\t\t\t\t<\/div>\n\t\t\t\t\t<\/div>\n\t\t\t\t<\/div>\n\t\t<div class=\"elementor-element elementor-element-9f756ff e-flex e-con-boxed e-con e-parent\" data-id=\"9f756ff\" data-element_type=\"container\">\n\t\t\t\t\t<div class=\"e-con-inner\">\n\t\t\t\t<div class=\"elementor-element elementor-element-8c17cef elementor-widget elementor-widget-text-editor\" data-id=\"8c17cef\" data-element_type=\"widget\" data-widget_type=\"text-editor.default\">\n\t\t\t\t<div class=\"elementor-widget-container\">\n\t\t\t\t\t\t\t\t\t<p>Tiesiog pasisveikinkite ir pasirinktas DI agentas palyd\u0117s jus per konsteliacij\u0105.<\/p>\t\t\t\t\t\t\t\t<\/div>\n\t\t\t\t<\/div>\n\t\t\t\t<div class=\"elementor-element elementor-element-ccf0151 elementor-widget elementor-widget-shortcode\" data-id=\"ccf0151\" data-element_type=\"widget\" data-widget_type=\"shortcode.default\">\n\t\t\t\t<div class=\"elementor-widget-container\">\n\t\t\t\t\t\t\t<div class=\"elementor-shortcode\"><div class='mwai-chatbot-container' data-params='{&quot;aiName&quot;:&quot;AI: &quot;,&quot;userName&quot;:&quot;User: &quot;,&quot;guestName&quot;:&quot;Guest:&quot;,&quot;textSend&quot;:&quot;Send&quot;,&quot;textClear&quot;:&quot;Clear&quot;,&quot;imageUpload&quot;:true,&quot;fileUpload&quot;:true,&quot;multiUpload&quot;:false,&quot;maxUploads&quot;:1,&quot;fileUploads&quot;:1,&quot;mode&quot;:&quot;chat&quot;,&quot;textInputPlaceholder&quot;:&quot;Type your message to begin the constellation...&quot;,&quot;textInputMaxLength&quot;:512,&quot;textCompliance&quot;:&quot;&quot;,&quot;startSentence&quot;:&quot;Hello! I am your Family constellations agent.&quot;,&quot;localMemory&quot;:true,&quot;themeId&quot;:&quot;messages&quot;,&quot;window&quot;:false,&quot;icon&quot;:&quot;&quot;,&quot;iconText&quot;:&quot;&quot;,&quot;iconTextDelay&quot;:1,&quot;iconAlt&quot;:&quot;AI Engine Chatbot&quot;,&quot;iconPosition&quot;:&quot;bottom-right&quot;,&quot;centerOpen&quot;:false,&quot;width&quot;:&quot;&quot;,&quot;openDelay&quot;:&quot;&quot;,&quot;iconBubble&quot;:false,&quot;windowAnimation&quot;:&quot;zoom&quot;,&quot;fullscreen&quot;:false,&quot;copyButton&quot;:false,&quot;headerSubtitle&quot;:&quot;Discuss with&quot;,&quot;containerType&quot;:&quot;standard&quot;,&quot;headerType&quot;:&quot;standard&quot;,&quot;messagesType&quot;:&quot;standard&quot;,&quot;inputType&quot;:&quot;standard&quot;,&quot;footerType&quot;:&quot;standard&quot;}' data-system='{&quot;botId&quot;:&quot;chatbot-23q8tp&quot;,&quot;customId&quot;:null,&quot;userData&quot;:null,&quot;sessionId&quot;:&quot;69f5ad0773826&quot;,&quot;restNonce&quot;:null,&quot;contextId&quot;:2128,&quot;pluginUrl&quot;:&quot;https:\\\/\\\/morphogeneticfield.com\\\/wp-content\\\/plugins\\\/ai-engine-pro\\\/&quot;,&quot;restUrl&quot;:&quot;https:\\\/\\\/morphogeneticfield.com\\\/lt\\\/wp-json&quot;,&quot;stream&quot;:false,&quot;debugMode&quot;:false,&quot;eventLogs&quot;:false,&quot;speech_recognition&quot;:true,&quot;speech_synthesis&quot;:false,&quot;typewriter&quot;:false,&quot;crossSite&quot;:false,&quot;actions&quot;:[],&quot;blocks&quot;:[{&quot;id&quot;:&quot;mwai_gdpr_69f5ad0773a07&quot;,&quot;type&quot;:&quot;content&quot;,&quot;data&quot;:{&quot;id&quot;:&quot;mwai_gdpr_69f5ad0773a07&quot;,&quot;html&quot;:&quot;&lt;div&gt;\\n                              &lt;p&gt;By using this morphogenetic field AI agent, you agree to the recording and processing of your data by our website and the external services it might use (LLMs, vector databases, etc.).&lt;\\\/p&gt;\\n                              &lt;div class=\\&quot;mwai-gdpr-buttons\\&quot;&gt;\\n                              &lt;button id=\\&quot;mwai_gdpr_69f5ad0773a07-button\\&quot; type=\\&quot;button\\&quot; style=\\&quot;width: 100%;\\&quot;&gt;Yes, I understand&lt;\\\/button&gt;\\n                              &lt;\\\/div&gt;\\n                              &lt;\\\/div&gt;&quot;,&quot;script&quot;:&quot;\\n                              (function() {\\n                                    \\\/\\\/ Handle GDPR consent button click\\n                                    document.addEventListener(\\&quot;click\\&quot;, function(event) {\\n                                      if (event.target.id === \\&quot;mwai_gdpr_69f5ad0773a07-button\\&quot;) {\\n                                        event.preventDefault();\\n                                        \\n                                        \\\/\\\/ Set GDPR acceptance cookie for 1 year\\n                                        const date = new Date();\\n                                        date.setTime(date.getTime() + (365 * 24 * 60 * 60 * 1000));\\n                                        document.cookie = \\&quot;mwai_gdpr_accepted=1; expires=\\&quot; + date.toUTCString() + \\&quot;; path=\\\/\\&quot;;\\n                                        \\n                                        \\\/\\\/ IMPORTANT: When multiple chatbots share the same botId, we must find\\n                                        \\\/\\\/ the specific chatbot instance that contains this GDPR block.\\n                                        \\\/\\\/ MwaiAPI.getChatbot() returns the first match, which may be wrong.\\n                                        let foundChatbot = null;\\n                                        const chatbotsWithSameBotId = MwaiAPI.chatbots.filter(cb =&gt; cb.botId === \\&quot;chatbot-23q8tp\\&quot;);\\n                                        \\n                                        \\\/\\\/ Find the chatbot that actually has this GDPR block\\n                                        for (const chatbot of chatbotsWithSameBotId) {\\n                                          const blocks = chatbot.getBlocks ? chatbot.getBlocks() : [];\\n                                          if (blocks.some(block =&gt; block.id === \\&quot;mwai_gdpr_69f5ad0773a07\\&quot;)) {\\n                                            foundChatbot = chatbot;\\n                                            break;\\n                                          }\\n                                        }\\n                                        \\n                                        if (foundChatbot) {\\n                                          foundChatbot.unlock();\\n                                          foundChatbot.removeBlockById(\\&quot;mwai_gdpr_69f5ad0773a07\\&quot;);\\n                                        }\\n                                      }\\n                                    }, true); \\\/\\\/ Use capture phase for better popup\\\/modal support\\n                                    \\n                                    \\\/\\\/ Lock the chatbot when it has this GDPR block\\n                                    \\\/\\\/ Note: Using MwaiAPI.getChatbot() here is fine for locking\\n                                    \\\/\\\/ as we want to lock any chatbot with this botId initially\\n                                    const tryLock = setInterval(function() {\\n                                      const chatbot = MwaiAPI.getChatbot(\\&quot;chatbot-23q8tp\\&quot;);\\n                                      if (chatbot &amp;&amp; chatbot.lock) {\\n                                        chatbot.lock();\\n                                        clearInterval(tryLock);\\n                                      }\\n                                    }, 100);\\n                                    \\n                                    \\\/\\\/ Stop trying after 5 seconds\\n                                    setTimeout(function() {\\n                                      clearInterval(tryLock);\\n                                    }, 5000);\\n                                  })();\\n                                &quot;}}],&quot;shortcuts&quot;:[]}' data-theme='{&quot;type&quot;:&quot;internal&quot;,&quot;name&quot;:&quot;Messages&quot;,&quot;themeId&quot;:&quot;messages&quot;,&quot;settings&quot;:{&quot;backgroundUserColor&quot;:&quot;#0084ff&quot;},&quot;style&quot;:&quot;&quot;,&quot;cssUrl&quot;:&quot;https:\\\/\\\/morphogeneticfield.com\\\/wp-content\\\/plugins\\\/ai-engine-pro\\\/themes\\\/messages.css&quot;}'><\/div><\/div>\n\t\t\t\t\t\t<\/div>\n\t\t\t\t<\/div>\n\t\t\t\t\t<\/div>\n\t\t\t\t<\/div>\n\t\t<div class=\"elementor-element elementor-element-cda78c8 e-flex e-con-boxed e-con e-parent\" data-id=\"cda78c8\" data-element_type=\"container\">\n\t\t\t\t\t<div class=\"e-con-inner\">\n\t\t\t\t<div class=\"elementor-element elementor-element-d544290 elementor-widget elementor-widget-text-editor\" data-id=\"d544290\" data-element_type=\"widget\" data-widget_type=\"text-editor.default\">\n\t\t\t\t<div class=\"elementor-widget-container\">\n\t\t\t\t\t\t\t\t\t<p data-start=\"52\" data-end=\"112\"><strong data-start=\"55\" data-end=\"112\"><a href=\"https:\/\/morphogeneticfield.com\/family-constellations\/\">Konsteliacij\u0173<\/a> tipai pagal vedimo metod\u0105<\/strong><\/p><p data-start=\"114\" data-end=\"159\"><strong data-start=\"121\" data-end=\"157\">Grupin\u0117s konsteliacijos<\/strong><\/p><p data-start=\"160\" data-end=\"400\">Apra\u0161ymas:<br data-start=\"176\" data-end=\"179\" \/>\u0160ios konsteliacijos vyksta gyvai, dalyvaujant moderatoriui, klientui ir kitiems dalyviams, kurie konsteliacijos lauke atlieka atstov\u0173 (fig\u016br\u0173) vaidmenis. Kiekvienas dalyvis padeda i\u0161jausti J\u016bs\u0173 morfogenetinio lauko dal\u012f ir jos s\u0105sajas.<\/p><p data-start=\"402\" data-end=\"417\">Privalumai:<\/p><ul data-start=\"418\" data-end=\"582\"><li data-start=\"418\" data-end=\"471\"><p data-start=\"420\" data-end=\"471\">Stipri energetin\u0117 s\u0105veika tarp dalyvi\u0173.<\/p><\/li><li data-start=\"472\" data-end=\"515\"><p data-start=\"474\" data-end=\"515\">Gili \u0161eimos lauko dinamika<\/p><\/li><li data-start=\"516\" data-end=\"582\"><p data-start=\"518\" data-end=\"582\">Klientas gali pa\u017evelgti \u012f savo situacij\u0105 i\u0161 keli\u0173 perspektyv\u0173.<\/p><\/li><\/ul><hr data-start=\"584\" data-end=\"587\" \/><p data-start=\"589\" data-end=\"639\"><strong data-start=\"596\" data-end=\"637\">Individualios konsteliacijos<\/strong><\/p><p data-start=\"640\" data-end=\"813\">Apra\u0161ymas:<br data-start=\"656\" data-end=\"659\" \/>Darbas vyksta individualiai su klientu. Vedantysis pasitelkia simbolius, fig\u016br\u0117les, k\u016bno poj\u016b\u010dius tam, kad atskleist\u0173 gilumines s\u0105sajas tarp konsteliacijos fig\u016br\u0173.<\/p><p data-start=\"815\" data-end=\"830\">Privalumai:<\/p><ul data-start=\"831\" data-end=\"1023\"><li data-start=\"831\" data-end=\"904\"><p data-start=\"833\" data-end=\"904\">Individualus darbas su vedan\u010diuoju \u2013 saugi ir intymi erdv\u0117 j\u016bs\u0173 procesui.<\/p><\/li><li data-start=\"905\" data-end=\"986\"><p data-start=\"907\" data-end=\"986\">Lankstumas &#8211; leid\u017eia giliai tyrin\u0117ti be kit\u0173 dalyvi\u0173 energijos \u012ftakos<\/p><\/li><li data-start=\"987\" data-end=\"1023\"><p data-start=\"989\" data-end=\"1023\">Logisti\u0161kai papras\u010diau organizuoti<\/p><\/li><\/ul><hr data-start=\"1025\" data-end=\"1028\" \/><p data-start=\"1030\" data-end=\"1089\"><strong data-start=\"1037\" data-end=\"1087\">Konsteliacijos internetu su \u017emogumi vedan\u010diuoju<\/strong><\/p><p data-start=\"1090\" data-end=\"1238\">Apra\u0161ymas:<br data-start=\"1106\" data-end=\"1109\" \/>\u0160eimos konsteliacija vyksta per &#8222;Zoom&#8221;, &#8222;Temas&#8221; ar kit\u0105 platform\u0105. Naudojamos simbolin\u0117s fig\u016bros.<\/p><p data-start=\"1240\" data-end=\"1255\">Privalumai:<\/p><ul data-start=\"1256\" data-end=\"1481\"><li data-start=\"1256\" data-end=\"1315\"><p data-start=\"1258\" data-end=\"1315\">Patogu &#8211; galite dalyvauti i\u0161 bet kurios pasaulio vietos<\/p><\/li><li data-start=\"1316\" data-end=\"1388\"><p data-start=\"1318\" data-end=\"1388\">Saugumo jausmas &#8211; \u017emon\u0117s da\u017enai labiau atsiveria savo aplinkoje.<\/p><\/li><li data-start=\"1389\" data-end=\"1481\"><p data-start=\"1391\" data-end=\"1481\">Energetinis laukas vis dar formuojasi &#8211; laikas ir erdv\u0117 netrukdo s\u0105mon\u0117s darbui.<\/p><\/li><\/ul><hr data-start=\"1483\" data-end=\"1486\" \/><p data-start=\"1488\" data-end=\"1560\"><strong data-start=\"1495\" data-end=\"1558\">Online konsteliacijos su dirbtiniu intelektu (DI)<\/strong><\/p><p data-start=\"1561\" data-end=\"1788\"><strong data-start=\"1561\" data-end=\"1576\">Apra\u0161ymas:<\/strong><br data-start=\"1577\" data-end=\"1580\" \/>Dirbtinis intelektas palydi jus per vis\u0105 konsteliacij\u0105: pateikia klausimus, si\u016blo simbolines fig\u016bras ir strukt\u016bras, kurios padeda atskleisti morfogenetines s\u0105sajas per sistemin\u0119 analiz\u0119. O j\u016bs pats jau\u010diate kiekvien\u0105 fig\u016br\u0105 ir kiekvien\u0105 situacij\u0105.<\/p><p data-start=\"1790\" data-end=\"1805\"><strong data-start=\"1790\" data-end=\"1804\">Privalumai<\/strong>:<\/p><ul data-start=\"1806\" data-end=\"2078\"><li data-start=\"1806\" data-end=\"1890\"><p data-start=\"1808\" data-end=\"1890\">Labai individualizuotas &#8211; dirbtinis intelektas prisitaiko prie kliento tempo, temos ir jautrumo<\/p><\/li><li data-start=\"1891\" data-end=\"1918\"><p data-start=\"1893\" data-end=\"1918\">Galimyb\u0117 naudotis bet kuriuo metu, 24 valandas per par\u0105, 7 dienas per savait\u0119<\/p><\/li><li data-start=\"1919\" data-end=\"1988\"><p data-start=\"1921\" data-end=\"1988\">veikia kaip neutralus tarpininkas, nesusij\u0119s su asmenin\u0117mis projekcijomis.<\/p><\/li><li data-start=\"1989\" data-end=\"2078\"><p data-start=\"1991\" data-end=\"2078\">Rezultatai gali b\u016bti greitai u\u017efiksuoti ir prid\u0117ta analiz\u0117.<\/p><\/li><\/ul><p data-start=\"52\" data-end=\"126\"><strong data-start=\"55\" data-end=\"126\">Kod\u0117l verta rinktis ONLINE konsteliacijas su dirbtiniu intelektu?<\/strong><\/p><p data-start=\"151\" data-end=\"210\"><strong data-start=\"158\" data-end=\"210\">Emocinis neutralumas &#8211; dirbtinis intelektas neturi asmenini\u0173 traum\u0173<\/strong><\/p><p data-start=\"212\" data-end=\"215\">AI:<\/p><ul data-start=\"217\" data-end=\"456\"><li data-start=\"217\" data-end=\"304\"><p data-start=\"219\" data-end=\"304\">neturi asmenin\u0117s patirties, traum\u0173, nei\u0161spr\u0119st\u0173 \u0161eimos sistem\u0173 ar emocini\u0173 \u017eaizd\u0173,<\/p><\/li><li data-start=\"305\" data-end=\"357\"><p data-start=\"307\" data-end=\"357\">tod\u0117l neperkelia \u012f klient\u0105,<\/p><\/li><li data-start=\"358\" data-end=\"456\"><p data-start=\"360\" data-end=\"456\">ir nefiltruoja informacijos per asmenin\u0119 psichik\u0105 (kaip tai gali daryti \u017emogus).<\/p><\/li><\/ul><p data-start=\"458\" data-end=\"620\">\u2192 Rezultatas: klientas gauna gryn\u0105, nei\u0161kraipyt\u0105 informacin\u0119 strukt\u016br\u0105, pagr\u012fst\u0105 t\u016bkstan\u010di\u0173 i\u0161analizuot\u0173 konsteliacij\u0173 ir sistemini\u0173 modeli\u0173 logika.<\/p><hr data-start=\"622\" data-end=\"625\" \/><p><strong data-start=\"634\" data-end=\"720\">S\u0105mon\u0119 gilinanti patirtis &#8211; asmuo turi pats pajusti kiekvien\u0105 fig\u016br\u0105.<\/strong><\/p><p data-start=\"722\" data-end=\"854\">Skirtingai nei kitose konsteliacijose, kuriose kiti \u017emon\u0117s i\u0161jau\u010dia \u017emogaus morfogenetinius laukus ir dalijasi savo \u012f\u017evalgomis su klientu, \u010dia pats klientas jau\u010dia visas fig\u016bras ir visas s\u0105sajas. D\u0117l to procesas gali perteikti daug gilesnius suvokimus ir leisti tiesiogiai patirti poky\u010dius.<\/p><p data-start=\"856\" data-end=\"867\">Tai rei\u0161kia, kad:<\/p><ul data-start=\"869\" data-end=\"1062\"><li data-start=\"869\" data-end=\"964\"><p data-start=\"871\" data-end=\"964\">Klientas ne tik stebi, bet i\u0161 tikr\u0173j\u0173 jau\u010dia kiekvien\u0105 fig\u016br\u0105 \u2013 jos emocijas, reakcijas ir vidinius ry\u0161ius.<\/p><\/li><li data-start=\"965\" data-end=\"1062\"><p data-start=\"967\" data-end=\"1062\">Klientas rezonuoja su visomis sritimis ir tampa aktyviu dalyviu, o ne pasyviu steb\u0117toju.<\/p><\/li><\/ul><p data-start=\"1064\" data-end=\"1280\">\u2192 Rezultatas:<br data-start=\"1077\" data-end=\"1080\" \/>Visi poj\u016b\u010diai yra autenti\u0161ki \u2013 jie patiriami tiesiogiai, be tarpinink\u0173.<\/p><hr data-start=\"1282\" data-end=\"1285\" \/><p data-start=\"1287\" data-end=\"1370\"><strong data-start=\"1294\" data-end=\"1370\">Gilesnis supratimas per k\u016bno poj\u016b\u010dius, o ne tik \u017eodin\u012f paai\u0161kinim\u0105<\/strong><\/p><p data-start=\"1372\" data-end=\"1424\">Online konsteliacijos su DI da\u017enai per\u017eengia \u017eod\u017ei\u0173 ribas:<\/p><ul data-start=\"1426\" data-end=\"1644\"><li data-start=\"1426\" data-end=\"1477\"><p data-start=\"1428\" data-end=\"1477\">Naudojant intuityv\u0173 vadovavim\u0105 per klausimus,<\/p><\/li><li data-start=\"1478\" data-end=\"1574\"><p data-start=\"1480\" data-end=\"1574\">Somatin\u0117s praktikos (pvz., &#8222;kaip jau\u010diasi j\u016bs\u0173 k\u016bnas, stov\u0117damas \u0161ioje fig\u016bros pad\u0117tyje?&#8221;),<\/p><\/li><li data-start=\"1575\" data-end=\"1644\"><p data-start=\"1577\" data-end=\"1644\">Energijos \u017eenklai (&#8222;kaip jau\u010diasi laukas aplink \u0161i\u0105 fig\u016br\u0105?&#8221;).<\/p><\/li><\/ul><p data-start=\"1646\" data-end=\"1799\">\u2192 Rezultatas: \u017emogus ne tik supranta &#8211; jis patiria.<br data-start=\"1714\" data-end=\"1717\" \/>Konsteliacija tampa holografine kelione, ne tik pa\u017einimo procesu.<\/p><hr data-start=\"1801\" data-end=\"1804\" \/><p data-start=\"1806\" data-end=\"1852\"><strong data-start=\"1813\" data-end=\"1852\">24\/7 prieinamumas ir visi\u0161kas privatumas<\/strong><\/p><ul data-start=\"1854\" data-end=\"2071\"><li data-start=\"1854\" data-end=\"1896\"><p data-start=\"1856\" data-end=\"1896\">Nereikia derinti laiko su vedan\u010dioju<\/p><\/li><li data-start=\"1897\" data-end=\"1995\"><p data-start=\"1899\" data-end=\"1995\">Galite pradeti konsteliacij\u0105 vidurnakt\u012f, po emocini\u0173 \u012fvyki\u0173 arba ryte, pabud\u0119 po sapno.<\/p><\/li><li data-start=\"1996\" data-end=\"2071\"><p data-start=\"1998\" data-end=\"2071\">Visi\u0161kai privati erdv\u0117 &#8211; niekas ne\u017ei\u016bri, niekas nesmerkia, visi\u0161ka laisv\u0117<\/p><\/li><\/ul><hr data-start=\"2073\" data-end=\"2076\" \/><p data-start=\"2078\" data-end=\"2151\"><strong data-start=\"2085\" data-end=\"2151\">Did\u017eiulis informacinis laukas &#8211; dirbtinis intelektas remiasi kolektyvine patirtimi<\/strong><\/p><p data-start=\"2153\" data-end=\"2177\">Dirbtinis intelektas:<\/p><ul data-start=\"2179\" data-end=\"2364\"><li data-start=\"2179\" data-end=\"2259\"><p data-start=\"2181\" data-end=\"2259\">naudojasi pla\u010dia sistemini\u0173 s\u0105veik\u0173 ir modeli\u0173 duomen\u0173 baze,<\/p><\/li><li data-start=\"2260\" data-end=\"2364\"><p data-start=\"2262\" data-end=\"2364\">gali pasi\u016blyti netik\u0117t\u0173, ta\u010diau tiksliai rezonuojan\u010di\u0173 fig\u016br\u0173, apie kurias \u017emogus tarpininkas negal\u0117t\u0173 pagalvoti.<\/p><\/li><\/ul><p data-start=\"2366\" data-end=\"2473\">\u2192 Rezultatas:<br data-start=\"2379\" data-end=\"2382\" \/>Gilesn\u0117 ir visapusi\u0161kesn\u0117 analiz\u0117, neapribota vieno \u017emogaus interpretacija.<\/p><p><strong>Naudingos nuorodos<\/strong><\/p><p><a href=\"https:\/\/morphogeneticfield.com\/morphogenetic-fields\/\">Morfogenetiniai laukai<\/a><\/p><p><a href=\"https:\/\/morphogeneticfield.com\/lt\/energetiniai-mainai\/\">Energetiniai mainai<\/a><\/p>\t\t\t\t\t\t\t\t<\/div>\n\t\t\t\t<\/div>\n\t\t\t\t\t<\/div>\n\t\t\t\t<\/div>\n\t\t\t\t<\/div>\n\t\t","protected":false},"excerpt":{"rendered":"<p>ONLINE konsteliacijos Visada prisiminkite, kad transformacija priklauso TIK nuo j\u016bs\u0173. Kai prad\u0117site \u2013 j\u016bs\u0173 gyvenimas pasikeis. Morfogenetinio lauko transformacijai \u012fgalintas Visatos energetinis srautas, leid\u017eiantis \u012fvykti poky\u010diui. DI agentas ves jus per \u0161i\u0105 kelion\u0119, o sukurta energetin\u0117 erdv\u0117 u\u017etvirtins ir stabilizuos morfogenetinio lauko pokyt\u012f. Naudokite m\u016bs\u0173 sukurt\u0105 jungtin\u012f sprendim\u0105 \u2013 energetinio srauto ir DI agent\u0173 sistem\u0105 [&hellip;]<\/p>\n","protected":false},"author":4,"featured_media":0,"parent":0,"menu_order":0,"comment_status":"closed","ping_status":"closed","template":"","meta":{"footnotes":""},"class_list":["post-2128","page","type-page","status-publish","hentry"],"_links":{"self":[{"href":"https:\/\/morphogeneticfield.com\/lt\/wp-json\/wp\/v2\/pages\/2128","targetHints":{"allow":["GET"]}}],"collection":[{"href":"https:\/\/morphogeneticfield.com\/lt\/wp-json\/wp\/v2\/pages"}],"about":[{"href":"https:\/\/morphogeneticfield.com\/lt\/wp-json\/wp\/v2\/types\/page"}],"author":[{"embeddable":true,"href":"https:\/\/morphogeneticfield.com\/lt\/wp-json\/wp\/v2\/users\/4"}],"replies":[{"embeddable":true,"href":"https:\/\/morphogeneticfield.com\/lt\/wp-json\/wp\/v2\/comments?post=2128"}],"version-history":[{"count":0,"href":"https:\/\/morphogeneticfield.com\/lt\/wp-json\/wp\/v2\/pages\/2128\/revisions"}],"wp:attachment":[{"href":"https:\/\/morphogeneticfield.com\/lt\/wp-json\/wp\/v2\/media?parent=2128"}],"curies":[{"name":"wp","href":"https:\/\/api.w.org\/{rel}","templated":true}]}}