{"id":2157,"date":"2025-03-02T20:08:09","date_gmt":"2025-03-02T18:08:09","guid":{"rendered":"https:\/\/morphogeneticfield.com\/morfogenetiniai-laukai\/"},"modified":"2025-11-12T13:08:50","modified_gmt":"2025-11-12T11:08:50","slug":"morfogenetiniai-laukai","status":"publish","type":"page","link":"https:\/\/morphogeneticfield.com\/lt\/morfogenetiniai-laukai\/","title":{"rendered":"Morfogenetiniai laukai"},"content":{"rendered":"\t\t<div data-elementor-type=\"wp-page\" data-elementor-id=\"2157\" class=\"elementor elementor-2157 elementor-145\">\n\t\t\t\t<div class=\"elementor-element elementor-element-c4ae2ce e-flex e-con-boxed e-con e-parent\" data-id=\"c4ae2ce\" data-element_type=\"container\">\n\t\t\t\t\t<div class=\"e-con-inner\">\n\t\t\t\t<div class=\"elementor-element elementor-element-sfb0iz3d elementor-widget__width-initial elementor-widget-mobile__width-inherit elementor-widget-tablet__width-initial elementor-widget elementor-widget-image\" data-id=\"sfb0iz3d\" data-element_type=\"widget\" data-widget_type=\"image.default\">\n\t\t\t\t<div class=\"elementor-widget-container\">\n\t\t\t\t\t\t\t\t\t\t\t\t\t\t\t<img fetchpriority=\"high\" decoding=\"async\" width=\"600\" height=\"600\" src=\"https:\/\/morphogeneticfield.com\/wp-content\/uploads\/2025\/08\/Morphogenetic-Fields-600x600.png\" class=\"attachment-tenweb_optimizer_mobile size-tenweb_optimizer_mobile wp-image-4617\" alt=\"Morfogenetiniai laukai\" srcset=\"https:\/\/morphogeneticfield.com\/wp-content\/uploads\/2025\/08\/Morphogenetic-Fields-600x600.png 600w, https:\/\/morphogeneticfield.com\/wp-content\/uploads\/2025\/08\/Morphogenetic-Fields-300x300.png 300w, https:\/\/morphogeneticfield.com\/wp-content\/uploads\/2025\/08\/Morphogenetic-Fields-150x150.png 150w, https:\/\/morphogeneticfield.com\/wp-content\/uploads\/2025\/08\/Morphogenetic-Fields-768x768.png 768w, https:\/\/morphogeneticfield.com\/wp-content\/uploads\/2025\/08\/Morphogenetic-Fields.png 1024w\" sizes=\"(max-width: 600px) 100vw, 600px\" \/>\t\t\t\t\t\t\t\t\t\t\t\t\t\t\t<\/div>\n\t\t\t\t<\/div>\n\t\t<div class=\"elementor-element elementor-element-u55mgkrs e-con-full e-flex e-con e-child\" data-id=\"u55mgkrs\" data-element_type=\"container\">\n\t\t\t\t<div class=\"elementor-element elementor-element-9ntx36zp elementor-widget__width-initial elementor-widget-mobile__width-inherit elementor-widget-tablet__width-initial elementor-widget elementor-widget-heading\" data-id=\"9ntx36zp\" data-element_type=\"widget\" data-settings=\"{&quot;_animation&quot;:&quot;none&quot;}\" data-widget_type=\"heading.default\">\n\t\t\t\t<div class=\"elementor-widget-container\">\n\t\t\t\t\t<h2 class=\"elementor-heading-title elementor-size-default\">Morfogenetiniai laukai<\/h2>\t\t\t\t<\/div>\n\t\t\t\t<\/div>\n\t\t\t\t<div class=\"elementor-element elementor-element-uunaa499 elementor-widget__width-initial elementor-widget-mobile__width-inherit elementor-widget-tablet__width-initial elementor-widget elementor-widget-text-editor\" data-id=\"uunaa499\" data-element_type=\"widget\" data-settings=\"{&quot;_animation&quot;:&quot;none&quot;}\" data-widget_type=\"text-editor.default\">\n\t\t\t\t<div class=\"elementor-widget-container\">\n\t\t\t\t\t\t\t\t\t<p data-start=\"163\" data-end=\"223\"><strong data-start=\"166\" data-end=\"223\">Morfogenetini\u0173 lauk\u0173 sandara ir veikimo principai<\/strong><\/p><p data-start=\"225\" data-end=\"484\">Morfogenetiniai laukai (angl. Morphogenetic Field) \u2013 tai strukt\u016bruota energetin\u0117 sistema, susidedanti i\u0161 milijard\u0173 ta\u0161k\u0173, sujungt\u0173 informacin\u0117mis gijomis. Kiekvienas ta\u0161kas \u2013 tai inkapsuliuotas energetinis kodas, kuriame u\u017efiksuotas tam tikras da\u017enis ir informacija apie b\u016bties strukt\u016br\u0105. \u0160i strukt\u016bra funkcionuoja kaip matrica, kuri fiksuoja, formuoja ir palaiko \u017emogaus egzistencijos informacij\u0105 nuo pradinio formavimosi iki dabarties.<\/p>\t\t\t\t\t\t\t\t<\/div>\n\t\t\t\t<\/div>\n\t\t\t\t<\/div>\n\t\t\t\t\t<\/div>\n\t\t\t\t<\/div>\n\t\t<div class=\"elementor-element elementor-element-95fb70f e-flex e-con-boxed e-con e-parent\" data-id=\"95fb70f\" data-element_type=\"container\">\n\t\t\t\t\t<div class=\"e-con-inner\">\n\t\t\t\t<div class=\"elementor-element elementor-element-7720ecd elementor-widget__width-initial elementor-widget-mobile__width-inherit elementor-widget-tablet__width-initial elementor-widget elementor-widget-text-editor\" data-id=\"7720ecd\" data-element_type=\"widget\" data-settings=\"{&quot;_animation&quot;:&quot;none&quot;}\" data-widget_type=\"text-editor.default\">\n\t\t\t\t<div class=\"elementor-widget-container\">\n\t\t\t\t\t\t\t\t\t<p data-start=\"491\" data-end=\"548\"><strong data-start=\"494\" data-end=\"548\">\u00a0<\/strong><\/p><p data-start=\"491\" data-end=\"548\"><strong data-start=\"494\" data-end=\"548\">Morfogenetiniai laukai \u2013 gyvos s\u0105veikos laukas<\/strong><\/p><p data-start=\"550\" data-end=\"615\">Morfogenetiniai laukai yra dinami\u0161kos s\u0105veikos erdv\u0117s, kuriose:<\/p><ul data-start=\"617\" data-end=\"1036\"><li class=\"\" data-start=\"617\" data-end=\"742\"><p data-start=\"619\" data-end=\"742\">Kaupiama visa informacija apie organizm\u0105 \u2013 nuo fizini\u0173 savybi\u0173 iki s\u0105mon\u0117s b\u016bsen\u0173 ir egzistencini\u0173 modeli\u0173.<\/p><\/li><li class=\"\" data-start=\"743\" data-end=\"880\"><p data-start=\"745\" data-end=\"880\">Kvantiniai ry\u0161iai jungia visus ta\u0161kus \u012f viening\u0105 informacin\u012f tinkl\u0105 \u2013 kiekvienas ta\u0161kas rezonuoja su visuma.<\/p><\/li><li class=\"\" data-start=\"881\" data-end=\"1036\"><p data-start=\"883\" data-end=\"1036\">S\u0105mon\u0117 ir k\u016bnas veikia kaip vieninga sistema \u2013 kristalizacijos ta\u0161kai morfogenetiniame lauke daro tiesiogin\u012f poveik\u012f nerv\u0173 tinklams ir biologin\u0117ms funkcijoms.<\/p><\/li><\/ul>\t\t\t\t\t\t\t\t<\/div>\n\t\t\t\t<\/div>\n\t\t\t\t\t<\/div>\n\t\t\t\t<\/div>\n\t\t<div class=\"elementor-element elementor-element-d7d15a9 e-flex e-con-boxed e-con e-parent\" data-id=\"d7d15a9\" data-element_type=\"container\">\n\t\t\t\t\t<div class=\"e-con-inner\">\n\t\t\t\t<div class=\"elementor-element elementor-element-9dab043 elementor-widget elementor-widget-text-editor\" data-id=\"9dab043\" data-element_type=\"widget\" data-widget_type=\"text-editor.default\">\n\t\t\t\t<div class=\"elementor-widget-container\">\n\t\t\t\t\t\t\t\t\t<p data-start=\"1049\" data-end=\"1125\"><strong data-start=\"1053\" data-end=\"1125\">Kaip morfogenetiniai laukai susij\u0119 su kvantine s\u0105mone<\/strong><\/p>\n<p class=\"\" data-start=\"1127\" data-end=\"1261\">Morfogenetinis laukas glaud\u017eiai susij\u0119s su kvantine s\u0105mone, veikian\u010dia kaip auk\u0161tesnio lygmens informacin\u0117 strukt\u016bra.<br>\u0160io ry\u0161io sritys apima:<\/p>\n<ul data-start=\"1263\" data-end=\"1749\">\n<li class=\"\" data-start=\"1263\" data-end=\"1426\">\n<p class=\"\" data-start=\"1265\" data-end=\"1426\"><strong data-start=\"1265\" data-end=\"1305\">Egzistencin\u0117s informacijos filtravimas<\/strong> \u2013 morfogenetinis laukas rezonuoja su kvantin\u0117s s\u0105mon\u0117s da\u017eniais, palaikydamas vidin\u0119 energetin\u0119 pusiausvyr\u0105.<\/p>\n<\/li>\n<li class=\"\" data-start=\"1427\" data-end=\"1573\">\n<p class=\"\" data-start=\"1429\" data-end=\"1573\"><strong data-start=\"1429\" data-end=\"1458\">Energetin\u0117 kristalizacija<\/strong> \u2013 morfogenetinio lauko ta\u0161kuose susitelkianti informacija ir energija suformuoja individualias \u017emogaus savybes.<\/p>\n<\/li>\n<li class=\"\" data-start=\"1574\" data-end=\"1749\">\n<p class=\"\" data-start=\"1576\" data-end=\"1749\"><strong data-start=\"1576\" data-end=\"1605\">Strukt\u016brin\u0117 transformacija<\/strong> \u2013 kei\u010diant morfogenetin\u012f lauk\u0105, galima daryti \u012ftak\u0105 biologin\u0117ms, psichologin\u0117ms ir energetin\u0117ms \u017emogaus funkcijoms, \u012fskaitant regeneracijos mechanizmus.<\/p>\n<\/li>\n<\/ul>\n<hr class=\"\" data-start=\"1751\" data-end=\"1754\">\n<p data-start=\"1756\" data-end=\"1811\"><strong data-start=\"1760\" data-end=\"1811\">Kristalizacijos ta\u0161kai<\/strong><\/p>\n<p class=\"\" data-start=\"1813\" data-end=\"1897\">Morfogenetinio lauko ta\u0161kai gali b\u016bti kristalizuoti arba dinami\u0161ki \u2013 j\u0173 strukt\u016bra kinta pagal vidinius da\u017enius:<\/p>\n<ul data-start=\"1899\" data-end=\"2156\">\n<li class=\"\" data-start=\"1899\" data-end=\"2027\">\n<p class=\"\" data-start=\"1901\" data-end=\"2027\">Susikristalizav\u0119 morfogenetinio lauko ta\u0161kai veikia kaip informaciniai inkarai, susieti su neuroniniais tinklais ir palaikantys fizini\u0173 savybi\u0173 stabilum\u0105.<\/p>\n<\/li>\n<li class=\"\" data-start=\"2028\" data-end=\"2156\">\n<p class=\"\" data-start=\"2030\" data-end=\"2156\">Dinami\u0161ki ta\u0161kai veikia kaip energetin\u0117s s\u0105veikos centrai, leid\u017eiantys moduliuoti ir pertvarkyti morfogenetin\u0119 sistem\u0105.<\/p>\n<\/li>\n<\/ul>\n<p class=\"\" data-start=\"2158\" data-end=\"2203\"><strong data-start=\"2158\" data-end=\"2203\">Kristalizacijos ta\u0161kai atlieka esmin\u012f vaidmen\u012f morfogenetin\u0117je strukt\u016broje:<\/strong><\/p>\n<ul data-start=\"2205\" data-end=\"2592\">\n<li class=\"\" data-start=\"2205\" data-end=\"2299\">\n<p class=\"\" data-start=\"2207\" data-end=\"2299\">Fizinio k\u016bno strukt\u016bros, sveikatos ir atsinaujinimo geb\u0117jim\u0173 formavimas.<\/p>\n<\/li>\n<li class=\"\" data-start=\"2300\" data-end=\"2456\">\n<p class=\"\" data-start=\"2302\" data-end=\"2456\">S\u0105mon\u0117s stabilumo palaikymas \u2013 apima emocin\u0119 pusiausvyr\u0105, ai\u0161k\u0173 m\u0105stym\u0105 ir geb\u0117jim\u0105 prisitaikyti prie \u012fvairi\u0173 vibracini\u0173 b\u016bsen\u0173.<\/p>\n<\/li>\n<li class=\"\" data-start=\"2457\" data-end=\"2592\">\n<p class=\"\" data-start=\"2459\" data-end=\"2592\">Energijos srauto valdymas \u2013 koordinuota s\u0105veika tarp fizinio k\u016bno, bioenergetinio lauko ir auk\u0161tesni\u0173 egzistencini\u0173 strukt\u016br\u0173.<\/p>\n<\/li>\n<\/ul>\n<hr class=\"\" data-start=\"2594\" data-end=\"2597\">\n<p data-start=\"2599\" data-end=\"2665\"><strong data-start=\"2603\" data-end=\"2665\">Morfogenetini\u0173 lauk\u0173 raida ir j\u0173 pirmaprad\u0117 strukt\u016bra<\/strong><\/p>\n<p class=\"\" data-start=\"2667\" data-end=\"2881\">Morfogenetiniai laukai susiformuoja prad\u0117jimo akimirkoje \u2013 tai stipriausia ir ry\u0161kiausiai strukt\u016bruota j\u0173 versija, talpinanti vis\u0105 individo egzistencin\u0119 krypt\u012f, kuri v\u0117liau gali b\u016bti koreguojama:<\/p>\n<ul data-start=\"2883\" data-end=\"3096\">\n<li class=\"\" data-start=\"2883\" data-end=\"2974\">\n<p class=\"\" data-start=\"2885\" data-end=\"2974\"><strong data-start=\"2885\" data-end=\"2902\">Naturaliai<\/strong> per vidinius procesus \u2013 s\u0105mon\u0117s augim\u0105, gyvenimo patirt\u012f ir nat\u016bral\u0173 vystym\u0105si.<\/p>\n<\/li>\n<li class=\"\" data-start=\"2975\" data-end=\"3096\">\n<p class=\"\" data-start=\"2977\" data-end=\"3096\"><strong data-start=\"2977\" data-end=\"3004\">Energetin\u0117 \u012ftaka<\/strong> \u2013 pasitelkiant fotoninius aktyvatorius, kvantin\u0119 dinamik\u0105 arba K\u016br\u0117jo energij\u0105 (auk\u0161\u010diausi\u0105 fotonin\u012f da\u017en\u012f)<\/p>\n<\/li>\n<\/ul>\n<p class=\"\" data-start=\"3098\" data-end=\"3287\">Morfogenetini\u0173 lauk\u0173 poky\u010diai kyla ne atsitiktinai \u2013 jie atspindi egzistencinius skirtumus, tod\u0117l turi b\u016bti derinami su K\u016br\u0117jo \u0161viesos da\u017eniu, siekiant i\u0161laikyti vidin\u0119 ir i\u0161orin\u0119 pusiausvyr\u0105.<\/p>\n<hr class=\"\" data-start=\"3289\" data-end=\"3292\">\n<p data-start=\"3294\" data-end=\"3366\"><strong data-start=\"3298\" data-end=\"3366\">&nbsp;<\/strong><\/p>\n<p data-start=\"3294\" data-end=\"3366\"><strong data-start=\"3298\" data-end=\"3366\">Morfogenetiniai laukai \u2013 tai dinaminiai egzistencini\u0173 dimensij\u0173 pj\u016bviai, kur kvantin\u0117 informacija susilieja \u012f form\u0105.<\/strong><\/p>\n<p class=\"\" data-start=\"3368\" data-end=\"3521\">Morfogenetiniai laukai n\u0117ra atskiri ar izoliuoti \u2013 jie veikia kaip kvantiniai pj\u016bviai, kertantys kelis egzistencinius sluoksnius. Kiekvienas pokytis juose rezonuoja pla\u010diau nei fizin\u0117 realyb\u0117.<\/p>\n<p class=\"\" data-start=\"3368\" data-end=\"3521\">Tai rei\u0161kia, kad:<\/p>\n<ul data-start=\"3523\" data-end=\"3964\">\n<li class=\"\" data-start=\"3523\" data-end=\"3639\">\n<p class=\"\" data-start=\"3525\" data-end=\"3639\">Kiekviena egzistencijos dimensija turi atskir\u0105 morfogenetin\u012f sluoksn\u012f, talpinant\u012f specifinius s\u0105mon\u0117s da\u017enius ir informacin\u0119 strukt\u016br\u0105.<\/p>\n<\/li>\n<li class=\"\" data-start=\"3640\" data-end=\"3787\">\n<p class=\"\" data-start=\"3642\" data-end=\"3787\">Egzistencija yra daugiasluoksn\u0117 sistema \u2013 \u017emogaus morfogenetinis laukas funkcionuoja tiek materialioje plotm\u0117je, tiek subtiliose s\u0105mon\u0117s dimensijose.<\/p>\n<\/li>\n<li class=\"\" data-start=\"3788\" data-end=\"3964\">\n<p class=\"\" data-start=\"3790\" data-end=\"3964\">Morfogenetin\u0117 s\u0105veika jungia skirtingus egzistencinius matmenis \u2013 kai s\u0105mon\u0117 rezonuoja su auk\u0161tesniais da\u017eniais, ji gali prisijungti prie i\u0161pl\u0117st\u0173 informacini\u0173 lauk\u0173.<\/p>\n<\/li>\n<\/ul>\n<p class=\"\" data-start=\"3966\" data-end=\"3985\"><strong>&nbsp;<\/strong><\/p>\n<p class=\"\" data-start=\"3966\" data-end=\"3985\"><strong>Tai padeda suvokti tokius dalykus kaip:<\/strong><\/p>\n<ul data-start=\"3987\" data-end=\"4335\">\n<li class=\"\" data-start=\"3987\" data-end=\"4078\">\n<p class=\"\" data-start=\"3989\" data-end=\"4078\">D\u00e9j\u00e0 vu \u2013 rezonansas su alternatyviais morfogenetiniais \u012fra\u0161ais, saugomais paralelin\u0117se realyb\u0117s versijose.<\/p>\n<\/li>\n<li class=\"\" data-start=\"4079\" data-end=\"4198\">\n<p class=\"\" data-start=\"4081\" data-end=\"4198\">S\u0105mon\u0117s augimo etapai, kai aktyvuoti morfogenetiniai laukai leid\u017eia per\u017eengti \u012f gilesnius suvokimo lygmenis.<\/p>\n<\/li>\n<li class=\"\" data-start=\"4199\" data-end=\"4335\">\n<p class=\"\" data-start=\"4201\" data-end=\"4335\">Fizinio kuno transformacija, kai kei\u010diant morfogenetin\u012f lauk\u0105 galima keisti fizin\u0119 materij\u0105.<\/p>\n<\/li>\n<\/ul>\n<hr class=\"\" data-start=\"4337\" data-end=\"4340\">\n<p data-start=\"4342\" data-end=\"4360\"><strong data-start=\"4346\" data-end=\"4360\"><br><\/strong><\/p><p data-start=\"4342\" data-end=\"4360\"><strong data-start=\"4346\" data-end=\"4360\">&nbsp;I\u0161vada<\/strong><\/p>\n<p data-start=\"4362\" data-end=\"4723\">Morfogenetiniai laukai yra kvanti\u0161kai susietos informacin\u0117s strukt\u016bros, koordinuojan\u010dios biologinius ir kognityvinius procesus. Jie funkcionuoja kaip tarpsluoksnin\u0117 s\u0105saja tarp fizini\u0173 ir nefizini\u0173 sistem\u0173. J\u0173 harmonizavimas sudaro s\u0105lygas integruotai \u017emogaus evoliucijai.<\/p>\n<p><strong>Naudingos nuorodos<\/strong><\/p>\n<p><a href=\"https:\/\/morphogeneticfield.com\/lt\/online-konsteliacijos\/\">Online konsteliacijos<\/a><\/p>\t\t\t\t\t\t\t\t<\/div>\n\t\t\t\t<\/div>\n\t\t\t\t\t<\/div>\n\t\t\t\t<\/div>\n\t\t\t\t<\/div>\n\t\t","protected":false},"excerpt":{"rendered":"<p>Morfogenetiniai laukai Morfogenetini\u0173 lauk\u0173 sandara ir veikimo principai Morfogenetiniai laukai (angl. Morphogenetic Field) \u2013 tai strukt\u016bruota energetin\u0117 sistema, susidedanti i\u0161 milijard\u0173 ta\u0161k\u0173, sujungt\u0173 informacin\u0117mis gijomis. Kiekvienas ta\u0161kas \u2013 tai inkapsuliuotas energetinis kodas, kuriame u\u017efiksuotas tam tikras da\u017enis ir informacija apie b\u016bties strukt\u016br\u0105. \u0160i strukt\u016bra funkcionuoja kaip matrica, kuri fiksuoja, formuoja ir palaiko \u017emogaus egzistencijos informacij\u0105 [&hellip;]<\/p>\n","protected":false},"author":2,"featured_media":0,"parent":0,"menu_order":0,"comment_status":"closed","ping_status":"closed","template":"","meta":{"footnotes":""},"class_list":["post-2157","page","type-page","status-publish","hentry"],"_links":{"self":[{"href":"https:\/\/morphogeneticfield.com\/lt\/wp-json\/wp\/v2\/pages\/2157","targetHints":{"allow":["GET"]}}],"collection":[{"href":"https:\/\/morphogeneticfield.com\/lt\/wp-json\/wp\/v2\/pages"}],"about":[{"href":"https:\/\/morphogeneticfield.com\/lt\/wp-json\/wp\/v2\/types\/page"}],"author":[{"embeddable":true,"href":"https:\/\/morphogeneticfield.com\/lt\/wp-json\/wp\/v2\/users\/2"}],"replies":[{"embeddable":true,"href":"https:\/\/morphogeneticfield.com\/lt\/wp-json\/wp\/v2\/comments?post=2157"}],"version-history":[{"count":0,"href":"https:\/\/morphogeneticfield.com\/lt\/wp-json\/wp\/v2\/pages\/2157\/revisions"}],"wp:attachment":[{"href":"https:\/\/morphogeneticfield.com\/lt\/wp-json\/wp\/v2\/media?parent=2157"}],"curies":[{"name":"wp","href":"https:\/\/api.w.org\/{rel}","templated":true}]}}