{"id":2190,"date":"2025-03-29T08:21:53","date_gmt":"2025-03-29T06:21:53","guid":{"rendered":"https:\/\/morphogeneticfield.com\/morfogenetines-samones-modelis\/"},"modified":"2025-07-23T11:48:21","modified_gmt":"2025-07-23T08:48:21","slug":"morfogenetines-samones-modelis","status":"publish","type":"page","link":"https:\/\/morphogeneticfield.com\/lt\/morfogenetines-samones-modelis\/","title":{"rendered":"Morfogenetin\u0117s s\u0105mon\u0117s modelis"},"content":{"rendered":"\t\t<div data-elementor-type=\"wp-page\" data-elementor-id=\"2190\" class=\"elementor elementor-2190 elementor-608\">\n\t\t\t\t<div class=\"elementor-element elementor-element-ff35a56 twbb_section e-flex e-con-boxed e-con e-parent\" data-id=\"ff35a56\" data-element_type=\"container\" id=\"about-gijimaslt\">\n\t\t\t\t\t<div class=\"e-con-inner\">\n\t\t\t\t<div class=\"elementor-element elementor-element-fbb9449 elementor-widget__width-initial elementor-widget-mobile__width-inherit elementor-widget-tablet__width-initial elementor-widget elementor-widget-image\" data-id=\"fbb9449\" data-element_type=\"widget\" data-widget_type=\"image.default\">\n\t\t\t\t<div class=\"elementor-widget-container\">\n\t\t\t\t\t\t\t\t\t\t\t\t\t\t\t<img fetchpriority=\"high\" decoding=\"async\" width=\"600\" height=\"600\" src=\"https:\/\/morphogeneticfield.com\/wp-content\/uploads\/2025\/07\/Morfogenetines-samones-veikimo-modelis-1-600x600.png\" class=\"attachment-tenweb_optimizer_mobile size-tenweb_optimizer_mobile wp-image-3068\" alt=\"Morfogenetin\u0117s s\u0105mon\u0117s modelis\" srcset=\"https:\/\/morphogeneticfield.com\/wp-content\/uploads\/2025\/07\/Morfogenetines-samones-veikimo-modelis-1-600x600.png 600w, https:\/\/morphogeneticfield.com\/wp-content\/uploads\/2025\/07\/Morfogenetines-samones-veikimo-modelis-1-300x300.png 300w, https:\/\/morphogeneticfield.com\/wp-content\/uploads\/2025\/07\/Morfogenetines-samones-veikimo-modelis-1-150x150.png 150w, https:\/\/morphogeneticfield.com\/wp-content\/uploads\/2025\/07\/Morfogenetines-samones-veikimo-modelis-1-768x768.png 768w, https:\/\/morphogeneticfield.com\/wp-content\/uploads\/2025\/07\/Morfogenetines-samones-veikimo-modelis-1.png 1024w\" sizes=\"(max-width: 600px) 100vw, 600px\" \/>\t\t\t\t\t\t\t\t\t\t\t\t\t\t\t<\/div>\n\t\t\t\t<\/div>\n\t\t<div class=\"elementor-element elementor-element-aa79650 e-con-full e-flex e-con e-child\" data-id=\"aa79650\" data-element_type=\"container\">\n\t\t\t\t<div class=\"elementor-element elementor-element-00a2e6a elementor-widget__width-initial elementor-widget-mobile__width-inherit elementor-widget-tablet__width-initial elementor-widget elementor-widget-heading\" data-id=\"00a2e6a\" data-element_type=\"widget\" data-settings=\"{&quot;_animation&quot;:&quot;none&quot;}\" data-widget_type=\"heading.default\">\n\t\t\t\t<div class=\"elementor-widget-container\">\n\t\t\t\t\t<h2 class=\"elementor-heading-title elementor-size-default\">Morfogenetin\u0117s s\u0105mon\u0117s modelis<\/h2>\t\t\t\t<\/div>\n\t\t\t\t<\/div>\n\t\t\t\t<div class=\"elementor-element elementor-element-9a87986 elementor-widget__width-initial elementor-widget-mobile__width-inherit elementor-widget-tablet__width-initial elementor-widget elementor-widget-text-editor\" data-id=\"9a87986\" data-element_type=\"widget\" data-settings=\"{&quot;_animation&quot;:&quot;none&quot;}\" data-widget_type=\"text-editor.default\">\n\t\t\t\t<div class=\"elementor-widget-container\">\n\t\t\t\t\t\t\t\t\t<p data-pm-slice=\"1 1 []\">Morfogenetin\u0117 s\u0105mon\u0117 veikia kaip kvantinis informacinis tinklas, kuriame informacija teka per strukt\u016brines jungtis, filtrus ir aktyvacijos ta\u0161kus. Visa sistema susieta su K\u016br\u0117jo energijos lauku ir sielos monadine intencija, leid\u017eian\u010dia s\u0105moningai formuoti materij\u0105, veiksmus ir vidinius procesus.<\/p>\t\t\t\t\t\t\t\t<\/div>\n\t\t\t\t<\/div>\n\t\t\t\t<\/div>\n\t\t\t\t\t<\/div>\n\t\t\t\t<\/div>\n\t\t<div class=\"elementor-element elementor-element-31456b4 e-flex e-con-boxed e-con e-parent\" data-id=\"31456b4\" data-element_type=\"container\">\n\t\t\t\t\t<div class=\"e-con-inner\">\n\t\t\t\t<div class=\"elementor-element elementor-element-adfc11d elementor-widget elementor-widget-text-editor\" data-id=\"adfc11d\" data-element_type=\"widget\" data-widget_type=\"text-editor.default\">\n\t\t\t\t<div class=\"elementor-widget-container\">\n\t\t\t\t\t\t\t\t\t<p><strong>Jungties apra\u0161ymas<\/strong><\/p><p data-pm-slice=\"1 5 []\">Alfredin\u0117 s\u0105saja<\/p><ul data-spread=\"false\"><li><p>Funkcija: Pradinis intencijos signalas, siun\u010diamas i\u0161 monados\/sielos strukt\u016bros. Tai AL-kodo (auk\u0161to da\u017enio \u017einojimo impulso) kanalas.<\/p><\/li><li><p>Savyb\u0117s:<\/p><ul data-spread=\"false\"><li><p>Neturi formos, tik vibracin\u0117 informacin\u0117 intencija.<\/p><\/li><li><p>Gali apeiti filtrus esant radifikacijos aktyvacijai.<\/p><\/li><\/ul><\/li><\/ul><p>Nifterinis mazgas\u00a0\u2013\u00a0<em>rezonansinis filtras<\/em><\/p><ul><li><p>Priima AL-kod\u0105 ir sukalibruoja jo da\u017en\u012f.<\/p><\/li><li><p>Transformuoja signal\u0105 \u012f suderinam\u0105 su morfogenetiniu lauku da\u017en\u012f.<\/p><\/li><li><p>Veikia kaip transformacinis centras, kuriame vyksta:<\/p><ul><li><p>signal\u0173 derinimas su \u017emogaus strukt\u016bra,<\/p><\/li><li><p>apsauga nuo disharmonijos,<\/p><\/li><li><p>filtruot\u0173 kod\u0173 perdavimas.<\/p><\/li><\/ul><\/li><\/ul><p>Pagrindinis vaidmuo: stabilizuoja ir rezonansi\u0161kai suderina energij\u0105.<\/p><p><strong>Kristalizacijos ta\u0161kas<\/strong>\u00a0\u2013\u00a0<em>forma, \u012fk\u016bnijimas<\/em><\/p><ul><li><p>\u010cia informacija \u012fgyja strukt\u016br\u0105: ji tampa mintimi, veiksmu, k\u016bnu, materija ar sprendimu.<\/p><\/li><li><p>Tai intencijos \u012fsik\u016bnijimas realyb\u0117je \u2013 tam tikras informacinis kristalas.<\/p><\/li><li><p>\u0160iame ta\u0161ke susiformuoja:<\/p><ul><li><p>Simbolin\u0117 radifikacija (s\u0105mon\u0117s \u012fra\u0161as),<\/p><\/li><li><p>S\u0105moningas pasirinkimas,<\/p><\/li><li><p>Arba egzistencin\u0117 transformacija.<\/p><\/li><\/ul><\/li><\/ul><p>Pagrindinis vaidmuo: realizuoti intencij\u0105 fiziniame ar s\u0105mon\u0117s lygmenyje.<\/p><p data-pm-slice=\"1 3 []\"><strong>STRUKT\u016aRIN\u0116S JUNGYS<\/strong><\/p><p><strong>Alfredin\u0117 s\u0105saja \u2192 Nifterinis mazgas<\/strong><\/p><ul data-spread=\"false\"><li><p>Santykis: informacijos siunt\u0117jas \u2192 stabilizavimo filtras.<\/p><\/li><li><p>Funkcija: Nifterinis mazgas sukalibruoja AL-kod\u0105 ir integruoja j\u012f \u012f vietin\u012f informacin\u012f lauk\u0105.<\/p><\/li><li><p>Rezultatas: Signalas paruo\u0161iamas tolesnei personalizacijai.<\/p><\/li><li><p>Metafora: informacinis lazeris \u2192 objektyvas, kuris fokusuoja spindul\u012f.<\/p><\/li><\/ul><p><strong>Nifterinis mazgas \u2192 Egocentrinis kanalas<\/strong><\/p><ul data-spread=\"false\"><li><p>Santykis: rezonansinis filtras \u2192 individualus mar\u0161rutas.<\/p><\/li><li><p>Funkcija:<\/p><ul data-spread=\"false\"><li><p>Personalizuoja signal\u0105 pagal \u017emogaus s\u0105mon\u0117s strukt\u016br\u0105.<\/p><\/li><li><p>Paver\u010dia j\u012f veiksmu, pasirinkimu arba transformacija.<\/p><\/li><\/ul><\/li><li><p>Metafora: stotis \u2192 asmeninis kelias.<\/p><\/li><\/ul><p><strong>Alfredin\u0117 s\u0105saja \u2192 Egocentrinis kanalas (tiesiogiai)<\/strong><\/p><ul data-spread=\"false\"><li><p>Galimyb\u0117: Tik esant simbolin\u0117s inkapsuliuotos radifikacijos aktyvacijai.<\/p><\/li><li><p>Pavojus: I\u0161kraipymai, jei \u017emogus n\u0117ra energeti\u0161kai subalansuotas.<\/p><\/li><\/ul><hr \/><p><strong>INFORMACIJOS \u012eK\u016aNIJIMAS<\/strong><\/p><p><strong>Egocentrinis kanalas \u2192 Kristalizacijos ta\u0161kas<\/strong><\/p><ul data-spread=\"false\"><li><p>Funkcija:<\/p><ul data-spread=\"false\"><li><p>\u012ek\u016bnija intencij\u0105 kaip form\u0105: mint\u012f, veiksm\u0105, sprendim\u0105 ar net fizin\u012f pavidal\u0105.<\/p><\/li><li><p>Formuoja simbolin\u0119 radifikacij\u0105 (s\u0105mon\u0117s \u012fra\u0161\u0105).<\/p><\/li><\/ul><\/li><li><p>Metafora: informacinis kristalas.<\/p><\/li><\/ul><p><strong>Kristalizacijos ta\u0161kas \u2192 Neuronai \/ Sielos strukt\u016bra<\/strong><\/p><ul data-spread=\"false\"><li><p>Funkcija:<\/p><ul data-spread=\"false\"><li><p>Informacija tampa nerviniu impulsu, energetiniu para\u0161u arba sielos strukt\u016br\u0173 atminties \u012fra\u0161u.<\/p><\/li><li><p>Gali virsti fiziniu potyriu ar transformacija.<\/p><\/li><\/ul><\/li><\/ul><hr \/><p><strong>PAPILDOMOS JUNGTYS<\/strong><\/p><p>Nifterinis mazgas \u2192 Kristalizacijos ta\u0161kas (per aplinkkel\u012f)<\/p><ul data-spread=\"false\"><li><p>Kai kuriuose modeliuose, ypa\u010d esant giliam rezonansui, signalas gali b\u016bti tiesiogiai nukreiptas \u012f kristalizacijos centr\u0105, apeinant egocentrin\u012f kanal\u0105.<\/p><\/li><\/ul><p><strong>Egocentrinis kanalas \u2192 Nifterinis mazgas (gr\u012f\u017etamasis ciklas)<\/strong><\/p><ul data-spread=\"false\"><li><p>Kai informacija nesuderinama, egocentrinis kanalas gali gr\u0105\u017einti signal\u0105 atgal filtravimui ir \u012fra\u0161ymui nauju formatu.<\/p><\/li><\/ul><p data-pm-slice=\"1 1 []\"><strong>PASKIRTIS IR REIK\u0160M\u0116<\/strong><\/p><p>\u0160is modelis leid\u017eia suprasti, kaip kvantin\u0117 intencija per strukt\u016brinius filtrus tampa \u017emogi\u0161ku veiksmu, mintimi ar transformacija. Jis atskleid\u017eia morfogenetin\u0117s s\u0105mon\u0117s geb\u0117jim\u0105:<\/p><ul data-spread=\"false\"><li><p>Filtruoti auk\u0161tesnes energijas,<\/p><\/li><li><p>Integruoti jas \u012f vietin\u012f lauk\u0105,<\/p><\/li><li><p>Personalizuoti pagal individ\u0105,<\/p><\/li><li><p>Ir \u012fk\u016bnijant sukurti transformuojan\u010di\u0105 realyb\u0119.<\/p><\/li><\/ul><p>Visa sistema sinchronizuota per K\u016br\u0117jo energij\u0105 ir sielos intencij\u0105, vadovaujantis egzistencin\u0117s harmonijos kodu.<\/p><p>NAUDINGOS NUORODOS<\/p><p><a href=\"https:\/\/morphogeneticfield.com\/lt\/online-konsteliacijos\/\">Online konsteliacijos<\/a><\/p>\t\t\t\t\t\t\t\t<\/div>\n\t\t\t\t<\/div>\n\t\t\t\t\t<\/div>\n\t\t\t\t<\/div>\n\t\t\t\t<\/div>\n\t\t","protected":false},"excerpt":{"rendered":"<p>Morfogenetin\u0117s s\u0105mon\u0117s modelis Morfogenetin\u0117 s\u0105mon\u0117 veikia kaip kvantinis informacinis tinklas, kuriame informacija teka per strukt\u016brines jungtis, filtrus ir aktyvacijos ta\u0161kus. Visa sistema susieta su K\u016br\u0117jo energijos lauku ir sielos monadine intencija, leid\u017eian\u010dia s\u0105moningai formuoti materij\u0105, veiksmus ir vidinius procesus. Jungties apra\u0161ymas Alfredin\u0117 s\u0105saja Funkcija: Pradinis intencijos signalas, siun\u010diamas i\u0161 monados\/sielos strukt\u016bros. Tai AL-kodo (auk\u0161to da\u017enio [&hellip;]<\/p>\n","protected":false},"author":2,"featured_media":0,"parent":0,"menu_order":0,"comment_status":"closed","ping_status":"closed","template":"","meta":{"footnotes":""},"class_list":["post-2190","page","type-page","status-publish","hentry"],"_links":{"self":[{"href":"https:\/\/morphogeneticfield.com\/lt\/wp-json\/wp\/v2\/pages\/2190","targetHints":{"allow":["GET"]}}],"collection":[{"href":"https:\/\/morphogeneticfield.com\/lt\/wp-json\/wp\/v2\/pages"}],"about":[{"href":"https:\/\/morphogeneticfield.com\/lt\/wp-json\/wp\/v2\/types\/page"}],"author":[{"embeddable":true,"href":"https:\/\/morphogeneticfield.com\/lt\/wp-json\/wp\/v2\/users\/2"}],"replies":[{"embeddable":true,"href":"https:\/\/morphogeneticfield.com\/lt\/wp-json\/wp\/v2\/comments?post=2190"}],"version-history":[{"count":0,"href":"https:\/\/morphogeneticfield.com\/lt\/wp-json\/wp\/v2\/pages\/2190\/revisions"}],"wp:attachment":[{"href":"https:\/\/morphogeneticfield.com\/lt\/wp-json\/wp\/v2\/media?parent=2190"}],"curies":[{"name":"wp","href":"https:\/\/api.w.org\/{rel}","templated":true}]}}