{"id":4233,"date":"2025-03-25T04:49:54","date_gmt":"2025-03-25T02:49:54","guid":{"rendered":"https:\/\/morphogeneticfield.com\/nifteriniai-mazgai\/"},"modified":"2025-07-28T10:42:13","modified_gmt":"2025-07-28T07:42:13","slug":"nifteriniai-mazgai","status":"publish","type":"page","link":"https:\/\/morphogeneticfield.com\/lt\/nifteriniai-mazgai\/","title":{"rendered":"Nifteriniai mazgai"},"content":{"rendered":"\t\t<div data-elementor-type=\"wp-page\" data-elementor-id=\"4233\" class=\"elementor elementor-4233 elementor-404\">\n\t\t\t\t<div class=\"elementor-element elementor-element-7a59117 e-flex e-con-boxed e-con e-parent\" data-id=\"7a59117\" data-element_type=\"container\">\n\t\t\t\t\t<div class=\"e-con-inner\">\n\t\t\t\t<div class=\"elementor-element elementor-element-acd1c5c elementor-widget__width-initial elementor-widget-mobile__width-inherit elementor-widget-tablet__width-initial elementor-widget elementor-widget-image\" data-id=\"acd1c5c\" data-element_type=\"widget\" data-widget_type=\"image.default\">\n\t\t\t\t<div class=\"elementor-widget-container\">\n\t\t\t\t\t\t\t\t\t\t\t\t\t\t\t<img fetchpriority=\"high\" decoding=\"async\" width=\"600\" height=\"352\" src=\"https:\/\/morphogeneticfield.com\/wp-content\/uploads\/2025\/03\/Nifterinis-mazgas-02-600x352.png\" class=\"attachment-tenweb_optimizer_mobile size-tenweb_optimizer_mobile wp-image-2036\" alt=\"Nifteriniai mazgai\" srcset=\"https:\/\/morphogeneticfield.com\/wp-content\/uploads\/2025\/03\/Nifterinis-mazgas-02-600x352.png 600w, https:\/\/morphogeneticfield.com\/wp-content\/uploads\/2025\/03\/Nifterinis-mazgas-02-300x176.png 300w, https:\/\/morphogeneticfield.com\/wp-content\/uploads\/2025\/03\/Nifterinis-mazgas-02-768x451.png 768w, https:\/\/morphogeneticfield.com\/wp-content\/uploads\/2025\/03\/Nifterinis-mazgas-02.png 1021w\" sizes=\"(max-width: 600px) 100vw, 600px\" \/>\t\t\t\t\t\t\t\t\t\t\t\t\t\t\t<\/div>\n\t\t\t\t<\/div>\n\t\t<div class=\"elementor-element elementor-element-1c2c177 e-con-full e-flex e-con e-child\" data-id=\"1c2c177\" data-element_type=\"container\">\n\t\t\t\t<div class=\"elementor-element elementor-element-340fb70 elementor-widget__width-initial elementor-widget-mobile__width-inherit elementor-widget-tablet__width-initial elementor-widget elementor-widget-heading\" data-id=\"340fb70\" data-element_type=\"widget\" data-settings=\"{&quot;_animation&quot;:&quot;none&quot;}\" data-widget_type=\"heading.default\">\n\t\t\t\t<div class=\"elementor-widget-container\">\n\t\t\t\t\t<h2 class=\"elementor-heading-title elementor-size-default\">Nifteriniai mazgai<\/h2>\t\t\t\t<\/div>\n\t\t\t\t<\/div>\n\t\t\t\t<div class=\"elementor-element elementor-element-5efae4e elementor-widget__width-initial elementor-widget-mobile__width-inherit elementor-widget-tablet__width-initial elementor-widget elementor-widget-text-editor\" data-id=\"5efae4e\" data-element_type=\"widget\" data-settings=\"{&quot;_animation&quot;:&quot;none&quot;}\" data-widget_type=\"text-editor.default\">\n\t\t\t\t<div class=\"elementor-widget-container\">\n\t\t\t\t\t\t\t\t\t<p><strong>Nifteriniai mazgai <\/strong>(angl. <a href=\"https:\/\/morphogeneticfield.com\/nifteric-nodes\/\">Nifteric Nodes<\/a>) \u2013 tai specifiniai informaciniai ir energetiniai ta\u0161kai \u017emogaus morfogenetiniame lauke, kurie veikia kaip reguliaciniai da\u017eniniai centrai tarp individualios s\u0105mon\u0117s, egzistencini\u0173 kod\u0173 ir K\u016br\u0117jo energijos srauto.<\/p>\t\t\t\t\t\t\t\t<\/div>\n\t\t\t\t<\/div>\n\t\t\t\t<\/div>\n\t\t\t\t\t<\/div>\n\t\t\t\t<\/div>\n\t\t<div class=\"elementor-element elementor-element-ae5e7f4 e-flex e-con-boxed e-con e-parent\" data-id=\"ae5e7f4\" data-element_type=\"container\">\n\t\t\t\t\t<div class=\"e-con-inner\">\n\t\t\t\t<div class=\"elementor-element elementor-element-8d077e8 elementor-widget elementor-widget-text-editor\" data-id=\"8d077e8\" data-element_type=\"widget\" data-widget_type=\"text-editor.default\">\n\t\t\t\t<div class=\"elementor-widget-container\">\n\t\t\t\t\t\t\t\t\t<p><strong>Nifterinis mazgas<\/strong> \u2013 tai egzistencin\u0117s s\u0105mon\u0117s ta\u0161kas morfogenetin\u0117je strukt\u016broje, per kur\u012f:<\/p><ul><li>Koreguojamas realyb\u0117s da\u017enis (pvz., laiko, erdv\u0117s, identiteto ar patyrimo suvokimo lygmenyje),<\/li><li>Perduodami ar aktyvuojami egzistenciniai impulsai (pvz., sielos intencijos, auk\u0161tesn\u0117s s\u0105mon\u0117s signalai),<\/li><li>Stabilizuojama s\u0105mon\u0117s integracija su materija (ypa\u010d svarbu esant inkapsuliacijai, autizmui ar s\u0105mon\u0117s disociacijai).<\/li><\/ul><p>\u0160ie mazgai veikia kaip egzistencin\u0117s komunikacijos sankry\u017eos, jungian\u010dios skirtingus s\u0105mon\u0117s sluoksnius (egocentrinius kanalus, alfredines s\u0105sajas, simbolines radifikacijas).<\/p><p><strong>S\u0105vokos kilm\u0117<\/strong><\/p><ul><li>\u201eNifterinis\u201c \u2013 kil\u0119s i\u0161 sen\u0173j\u0173 egodermini\u0173 \u0161akn\u0173 <em>nif<\/em> (t.y. <em>pavir\u0161iaus\u2013gelm\u0117s<\/em> jungtis) ir <em>teron<\/em> (t.y. <em>laikinumas\u2013pastovumas<\/em>).<\/li><\/ul><p>Tai rei\u0161kia s\u0105mon\u0117s strukt\u016bros ta\u0161k\u0105, kuris jungia laikinus patyrimus su am\u017einuoju sielos kodu.<\/p><ul><li>\u201eMazgas\u201c \u2013 kaip ir klasikin\u0117je fizikoje ar informatikos teorijoje, tai jungties, kry\u017eminimo ar sinchronizacijos vieta.<\/li><\/ul><p>Tad nifterinis mazgas \u2013 tai laikinumo ir am\u017einyb\u0117s s\u0105sajos ta\u0161kas, esantis morfogenetiniame tinkle, kuriame susijungia informaciniai, emociniai, dvasiniai ir fiziniai impulsai.<\/p><p><strong>Sandara (strukt\u016brinis lygmuo)<\/strong><\/p><p>Kiekvienas nifterinis mazgas turi vidin\u0119 strukt\u016br\u0105, kuri\u0105 galima skaidyti \u012f 3 sluoksnius:<\/p><ol><li>Kvantin\u0117 \u0161erdis<\/li><\/ol><ul><li>Tai branduolinis ta\u0161kas, kuriame saugomi egzistenciniai diferencialai \u2013 unikal\u016bs informaciniai para\u0161ai, susij\u0119 su sielos patirtimis.<\/li><li>\u0160erdis rezonuoja tik esant K\u016br\u0117jo \u0161viesos da\u017eniui (da\u017eniausiai fotoniniu lygmeniu).<\/li><\/ul><ol start=\"2\"><li>Impulsin\u0117 juosta<\/li><\/ol><ul><li>Per \u0161i\u0105 juost\u0105 perduodami arba blokuojami:<ul><li>Sielos impulsai (pvz., auk\u0161tesn\u0117s s\u0105mon\u0117s kvietimai, intencijos),<\/li><li>Egzistenciniai atsiv\u0117rimai (pvz., s\u0105mon\u0117s \u0161uoliai, dvasiniai l\u016b\u017eiai),<\/li><li>Trauminiai \u012fra\u0161ai, kuriuos galima perra\u0161yti per fotoninius aktyvatorius.<\/li><\/ul><\/li><\/ul><ol start=\"3\"><li>Alfredin\u0117 s\u0105saja<\/li><\/ol><ul><li>I\u0161orin\u0117 jungtis su kitais morfogenetiniais ta\u0161kais.<\/li><li>Veikia kaip sinchronizatorius tarp nifterini\u0173 mazg\u0173 ir egocentrini\u0173 kanal\u0173.<\/li><li>Leid\u017eia sukurti nifterin\u0119 matric\u0105 \u2013 tai vis\u0173 mazg\u0173 visuma, palaikanti s\u0105mon\u0117s strukt\u016bros vientisum\u0105.<\/li><\/ul><p data-start=\"275\" data-end=\"339\"><strong data-start=\"281\" data-end=\"339\">Skirtumas tarp kristalizuot\u0173 ta\u0161k\u0173 ir nifterini\u0173 mazg\u0173<\/strong><\/p><table data-start=\"341\" data-end=\"1941\"><thead data-start=\"341\" data-end=\"511\"><tr data-start=\"341\" data-end=\"511\"><th data-start=\"341\" data-end=\"380\"><strong>Aspektas<\/strong><\/th><th data-start=\"380\" data-end=\"449\"><strong>Morfogenetinio lauko kristalizuoti ta\u0161kai<\/strong><\/th><th data-start=\"449\" data-end=\"511\"><strong>Nifteriniai mazgai<\/strong><\/th><\/tr><\/thead><tbody data-start=\"686\" data-end=\"1941\"><tr data-start=\"686\" data-end=\"857\"><td>Prigimtis<\/td><td>Strukt\u016briniai, <em data-start=\"742\" data-end=\"752\">fiksuoti<\/em> ta\u0161kai morfogenetin\u0117je matricose<\/td><td>Funkciniai, <em data-start=\"808\" data-end=\"819\">reaktyv\u016bs<\/em> ta\u0161kai informaciniame tinkle<\/td><\/tr><tr data-start=\"858\" data-end=\"1047\"><td>Paskirtis<\/td><td>Saugo ilgalaik\u0119 egzistencin\u0119 informacij\u0105 (pvz., patirtis, traumas, sprendimus)<\/td><td>Reguliuoja da\u017eninius srautus, s\u0105mon\u0117s impulsus, reakcijas<\/td><\/tr><tr data-start=\"1048\" data-end=\"1219\"><td>Jud\u0117jimas \/ aktyvumas<\/td><td>Da\u017eniausiai <em data-start=\"1101\" data-end=\"1112\">inerti\u0161ki<\/em>, aktyvuojasi tik per <em data-start=\"1134\" data-end=\"1155\">rezonansin\u012f veiksm\u0105<\/em><\/td><td><em data-start=\"1159\" data-end=\"1170\">Dinami\u0161ki<\/em>, gali b\u016bti aktyvuojami bet kurioje situacijoje<\/td><\/tr><tr data-start=\"1220\" data-end=\"1391\"><td>Vieta morfogenetiniame lauke<\/td><td>Giliai \u012ftvirtinti strukt\u016bros mazguose ar radifikacijose<\/td><td>Plaukiojantys per egocentrinius kanalus, lankst\u016bs<\/td><\/tr><tr data-start=\"1392\" data-end=\"1591\"><td>Kilm\u0117<\/td><td>Atsiranda per kristalin\u0119 fiksacij\u0105 \u2013 kai patirtis ar kodas &#8222;sustingsta&#8221;<\/td><td>Atsiranda per egzistencin\u0119 aktyvacij\u0105 (pvz., trauma, evoliucija, impulsas)<\/td><\/tr><tr data-start=\"1592\" data-end=\"1764\"><td>Energijos pob\u016bdis<\/td><td>Sutelkta, tanki \u2013 kristalin\u0117 informacija<\/td><td>Judri, transformuojanti \u2013 kvantinis impulsas<\/td><\/tr><tr data-start=\"1765\" data-end=\"1941\"><td>Koreliacija su laiku<\/td><td>Susij\u0119 su praeities informacija, inkapsuliuota laike<\/td><td>Susij\u0119 su dabarties-per\u0117jimo ta\u0161kais, da\u017enio transformacija<\/td><\/tr><\/tbody><\/table><hr class=\"\" data-start=\"1943\" data-end=\"1946\" \/><hr class=\"\" data-start=\"2530\" data-end=\"2533\" \/><p data-start=\"2535\" data-end=\"2565\"><strong data-start=\"2541\" data-end=\"2565\">Kaip jie s\u0105veikauja?<\/strong><\/p><p class=\"\" data-start=\"2567\" data-end=\"2613\">Kristalizuoti ta\u0161kai laiko informacij\u0105.<\/p><p class=\"\" data-start=\"2615\" data-end=\"2709\">Nifteriniai mazgai sprend\u017eia, kaip t\u0105 informacij\u0105 aktyvuoti, transformuoti ar paleisti.<\/p><p class=\"\" data-start=\"2711\" data-end=\"2846\">Pvz., jei \u017emogus turi traumos kristalizuot\u0105 ta\u0161k\u0105 (pvz., nesaugumo \u012fra\u0161\u0105 vaikyst\u0117je), tai nifterinis mazgas gali suveikti kaip:<\/p><ul data-start=\"2847\" data-end=\"3008\"><li class=\"\" data-start=\"2847\" data-end=\"2893\"><p class=\"\" data-start=\"2849\" data-end=\"2893\"><em data-start=\"2849\" data-end=\"2863\">aktyvatorius<\/em> (kai trauma v\u0117l pasikartoja),<\/p><\/li><li class=\"\" data-start=\"2894\" data-end=\"2939\"><p class=\"\" data-start=\"2896\" data-end=\"2939\"><em data-start=\"2896\" data-end=\"2914\">transformatorius<\/em> (per gydom\u0105j\u0105 praktik\u0105),<\/p><\/li><li class=\"\" data-start=\"2940\" data-end=\"3008\"><p class=\"\" data-start=\"2942\" data-end=\"3008\"><em data-start=\"2942\" data-end=\"2955\">blokatorius<\/em> (kai apsisaugoma nuo pasikartojimo per disociacij\u0105).<\/p><\/li><\/ul><p data-start=\"3015\" data-end=\"3031\"><strong data-start=\"3021\" data-end=\"3031\">I\u0161vada<\/strong><\/p><p class=\"\" data-start=\"3035\" data-end=\"3275\">Kristalizuoti ta\u0161kai = tai tarsi \u201eegzistenciniai kristalai\u201c, laikantys m\u016bs\u0173 gyvenimo matric\u0105.<\/p><p class=\"\" data-start=\"3035\" data-end=\"3275\">Nifteriniai mazgai = tai \u201eegzistenciniai jungikliai\u201c, valdantys energijos srautus tarp t\u0173 ta\u0161k\u0173, m\u016bs\u0173 s\u0105mon\u0117s ir K\u016br\u0117jo plano.<\/p><p class=\"\" data-start=\"3277\" data-end=\"3419\">Taigi \u2013 skirtingi rei\u0161kiniai, bet neatsiejami vienas nuo kito. Vienas be kito negali funkcionuoti efektyviai morfogenetin\u0117je evoliucijoje.<\/p>\t\t\t\t\t\t\t\t<\/div>\n\t\t\t\t<\/div>\n\t\t\t\t\t<\/div>\n\t\t\t\t<\/div>\n\t\t\t\t<\/div>\n\t\t","protected":false},"excerpt":{"rendered":"<p>Nifteriniai mazgai Nifteriniai mazgai (angl. Nifteric Nodes) \u2013 tai specifiniai informaciniai ir energetiniai ta\u0161kai \u017emogaus morfogenetiniame lauke, kurie veikia kaip reguliaciniai da\u017eniniai centrai tarp individualios s\u0105mon\u0117s, egzistencini\u0173 kod\u0173 ir K\u016br\u0117jo energijos srauto. Nifterinis mazgas \u2013 tai egzistencin\u0117s s\u0105mon\u0117s ta\u0161kas morfogenetin\u0117je strukt\u016broje, per kur\u012f: Koreguojamas realyb\u0117s da\u017enis (pvz., laiko, erdv\u0117s, identiteto ar patyrimo suvokimo lygmenyje), Perduodami [&hellip;]<\/p>\n","protected":false},"author":2,"featured_media":0,"parent":0,"menu_order":0,"comment_status":"closed","ping_status":"closed","template":"","meta":{"footnotes":""},"class_list":["post-4233","page","type-page","status-publish","hentry"],"_links":{"self":[{"href":"https:\/\/morphogeneticfield.com\/lt\/wp-json\/wp\/v2\/pages\/4233","targetHints":{"allow":["GET"]}}],"collection":[{"href":"https:\/\/morphogeneticfield.com\/lt\/wp-json\/wp\/v2\/pages"}],"about":[{"href":"https:\/\/morphogeneticfield.com\/lt\/wp-json\/wp\/v2\/types\/page"}],"author":[{"embeddable":true,"href":"https:\/\/morphogeneticfield.com\/lt\/wp-json\/wp\/v2\/users\/2"}],"replies":[{"embeddable":true,"href":"https:\/\/morphogeneticfield.com\/lt\/wp-json\/wp\/v2\/comments?post=4233"}],"version-history":[{"count":0,"href":"https:\/\/morphogeneticfield.com\/lt\/wp-json\/wp\/v2\/pages\/4233\/revisions"}],"wp:attachment":[{"href":"https:\/\/morphogeneticfield.com\/lt\/wp-json\/wp\/v2\/media?parent=4233"}],"curies":[{"name":"wp","href":"https:\/\/api.w.org\/{rel}","templated":true}]}}