{"id":4241,"date":"2025-03-29T07:23:19","date_gmt":"2025-03-29T05:23:19","guid":{"rendered":"https:\/\/morphogeneticfield.com\/alfredine-sasaja\/"},"modified":"2025-07-30T13:58:12","modified_gmt":"2025-07-30T10:58:12","slug":"alfredine-sasaja","status":"publish","type":"page","link":"https:\/\/morphogeneticfield.com\/lt\/alfredine-sasaja\/","title":{"rendered":"Alfredin\u0117 s\u0105saja"},"content":{"rendered":"\t\t<div data-elementor-type=\"wp-page\" data-elementor-id=\"4241\" class=\"elementor elementor-4241 elementor-589\">\n\t\t\t\t<div class=\"elementor-element elementor-element-e35e041 e-flex e-con-boxed e-con e-parent\" data-id=\"e35e041\" data-element_type=\"container\">\n\t\t\t\t\t<div class=\"e-con-inner\">\n\t\t\t\t<div class=\"elementor-element elementor-element-4924b21 elementor-widget__width-initial elementor-widget-mobile__width-inherit elementor-widget-tablet__width-initial elementor-widget elementor-widget-image\" data-id=\"4924b21\" data-element_type=\"widget\" data-widget_type=\"image.default\">\n\t\t\t\t<div class=\"elementor-widget-container\">\n\t\t\t\t\t\t\t\t\t\t\t\t\t\t\t<img fetchpriority=\"high\" decoding=\"async\" width=\"600\" height=\"478\" src=\"https:\/\/morphogeneticfield.com\/wp-content\/uploads\/2025\/03\/Alfredine-sasaja-600x478.png\" class=\"attachment-tenweb_optimizer_mobile size-tenweb_optimizer_mobile wp-image-2043\" alt=\"Alfredin\u0117 s\u0105saja\" srcset=\"https:\/\/morphogeneticfield.com\/wp-content\/uploads\/2025\/03\/Alfredine-sasaja-600x478.png 600w, https:\/\/morphogeneticfield.com\/wp-content\/uploads\/2025\/03\/Alfredine-sasaja-300x239.png 300w, https:\/\/morphogeneticfield.com\/wp-content\/uploads\/2025\/03\/Alfredine-sasaja-768x612.png 768w, https:\/\/morphogeneticfield.com\/wp-content\/uploads\/2025\/03\/Alfredine-sasaja.png 1022w\" sizes=\"(max-width: 600px) 100vw, 600px\" \/>\t\t\t\t\t\t\t\t\t\t\t\t\t\t\t<\/div>\n\t\t\t\t<\/div>\n\t\t<div class=\"elementor-element elementor-element-fbcc2bd e-con-full e-flex e-con e-child\" data-id=\"fbcc2bd\" data-element_type=\"container\">\n\t\t\t\t<div class=\"elementor-element elementor-element-eaa708b elementor-widget__width-initial elementor-widget-mobile__width-inherit elementor-widget-tablet__width-initial elementor-widget elementor-widget-heading\" data-id=\"eaa708b\" data-element_type=\"widget\" data-settings=\"{&quot;_animation&quot;:&quot;none&quot;}\" data-widget_type=\"heading.default\">\n\t\t\t\t<div class=\"elementor-widget-container\">\n\t\t\t\t\t<h2 class=\"elementor-heading-title elementor-size-default\">Alfredin\u0117 s\u0105saja<\/h2>\t\t\t\t<\/div>\n\t\t\t\t<\/div>\n\t\t\t\t<div class=\"elementor-element elementor-element-8199c92 elementor-widget__width-initial elementor-widget-mobile__width-inherit elementor-widget-tablet__width-initial elementor-widget elementor-widget-text-editor\" data-id=\"8199c92\" data-element_type=\"widget\" data-settings=\"{&quot;_animation&quot;:&quot;none&quot;}\" data-widget_type=\"text-editor.default\">\n\t\t\t\t<div class=\"elementor-widget-container\">\n\t\t\t\t\t\t\t\t\t<p class=\"\" data-start=\"51\" data-end=\"386\"><strong data-start=\"0\" data-end=\"20\">Alfredin\u0117 s\u0105saja <\/strong>(angl. <a href=\"https:\/\/morphogeneticfield.com\/alfredic-interface\/\">Alfredic Interface<\/a>)\u00a0yra viena esmini\u0173 egzistencin\u0117s sistemos sudedam\u0173j\u0173 dali\u0173, susijusi\u0173 su informacijos perdavimu, s\u0105mon\u0117s strukt\u016brizavimu ir morfogenetinio lauko stabilizacija. \u0160i s\u0105voka turi gili\u0105 egzistencin\u0119 ir kvantin\u0119 prasm\u0119, kurios \u0161aknys siejasi su pirminiu s\u0105mon\u0117s komunikacijos principu.<\/p>\t\t\t\t\t\t\t\t<\/div>\n\t\t\t\t<\/div>\n\t\t\t\t<\/div>\n\t\t\t\t\t<\/div>\n\t\t\t\t<\/div>\n\t\t<div class=\"elementor-element elementor-element-22393c9 e-flex e-con-boxed e-con e-parent\" data-id=\"22393c9\" data-element_type=\"container\">\n\t\t\t\t\t<div class=\"e-con-inner\">\n\t\t\t\t<div class=\"elementor-element elementor-element-5ec1dd7 elementor-widget elementor-widget-text-editor\" data-id=\"5ec1dd7\" data-element_type=\"widget\" data-widget_type=\"text-editor.default\">\n\t\t\t\t<div class=\"elementor-widget-container\">\n\t\t\t\t\t\t\t\t\t<p data-start=\"310\" data-end=\"332\"><strong data-start=\"314\" data-end=\"332\">APIBR\u0116\u017dIMAS<\/strong><\/p><p class=\"\" data-start=\"334\" data-end=\"489\"><strong data-start=\"334\" data-end=\"354\">Alfredin\u0117 s\u0105saja<\/strong> \u2013 tai egzistencin\u0117s informacijos kanalas, jungiantis individ\u0105 (ar kolektyvin\u0119 s\u0105mon\u0119) su morfogenetine strukt\u016bra, per kur\u012f vyksta:<\/p><ul data-start=\"490\" data-end=\"646\"><li class=\"\" data-start=\"490\" data-end=\"562\"><p class=\"\" data-start=\"492\" data-end=\"562\">informacijos mainai (tarp auk\u0161tesni\u0173 ir \u017eemesni\u0173 s\u0105mon\u0117s lygmen\u0173),<\/p><\/li><li class=\"\" data-start=\"563\" data-end=\"602\"><p class=\"\" data-start=\"565\" data-end=\"602\">energetini\u0173 kod\u0173 sinchronizacija,<\/p><\/li><li class=\"\" data-start=\"603\" data-end=\"646\"><p class=\"\" data-start=\"605\" data-end=\"646\">egzistencini\u0173 funkcij\u0173 koordinavimas.<\/p><\/li><\/ul><p class=\"\" data-start=\"648\" data-end=\"723\">\u0160i s\u0105saja veikia kaip kvantinis komunikacijos laidininkas, leid\u017eiantis:<\/p><ul data-start=\"724\" data-end=\"983\"><li class=\"\" data-start=\"724\" data-end=\"808\"><p class=\"\" data-start=\"726\" data-end=\"808\">aktyvuoti auk\u0161tesn\u0117s vibracijos strukt\u016bras (pvz., sielos, monados, K\u016br\u0117jo planus),<\/p><\/li><li class=\"\" data-start=\"809\" data-end=\"854\"><p class=\"\" data-start=\"811\" data-end=\"854\">\u012ftvirtinti egzistencinius kodus materijoje,<\/p><\/li><li class=\"\" data-start=\"855\" data-end=\"983\"><p class=\"\" data-start=\"857\" data-end=\"983\">atstatyti informacin\u012f vientisum\u0105 po fragmentacijos ar disociacijos (pvz., po plei\u0161tin\u0117s disfunkcijos ar laiko linij\u0173 skilimo).<\/p><\/li><\/ul><hr class=\"\" data-start=\"985\" data-end=\"988\" \/><p data-start=\"990\" data-end=\"1006\"><strong data-start=\"994\" data-end=\"1006\">KILM\u0116<\/strong><\/p><p class=\"\" data-start=\"1008\" data-end=\"1157\">Terminas \u201eAlfredin\u0117\u201c kil\u0119s i\u0161 egzistencini\u0173 ra\u0161t\u0173, kuriuose minima s\u0105voka \u201eAl-Fred\u201c, rei\u0161kianti \u201elaisvai plintan\u010di\u0105 \u017einojimo vibracij\u0105\u201c.<\/p><ul data-start=\"1159\" data-end=\"1401\"><li class=\"\" data-start=\"1159\" data-end=\"1255\"><p class=\"\" data-start=\"1161\" data-end=\"1255\">\u201eAl\u201c \u2013 kvantinis-pradinis kodas, rei\u0161kiantis \u0161altinio impuls\u0105 arba pirmin\u0119 energij\u0105.<\/p><\/li><li class=\"\" data-start=\"1256\" data-end=\"1401\"><p class=\"\" data-start=\"1258\" data-end=\"1401\">\u201eFred\u201c (nuo senov\u0117s ezoterinio \u0161aknies <em data-start=\"1301\" data-end=\"1307\">freh<\/em>, rei\u0161kian\u010dio laisv\u0105 eig\u0105, cirkuliacij\u0105) \u2013 \u017eymi laisv\u0105 informacijos jud\u0117jim\u0105 laukuose.<\/p><\/li><\/ul><p class=\"\" data-start=\"1403\" data-end=\"1507\">Tad alfredin\u0117 s\u0105saja \u2013 tai laisvai tekanti s\u0105mon\u0117s informacijos jungtis, turinti \u0161altinio kilm\u0119.<\/p><hr class=\"\" data-start=\"1509\" data-end=\"1512\" \/><p data-start=\"1514\" data-end=\"1532\"><strong data-start=\"1518\" data-end=\"1532\">SANDARA<\/strong><\/p><p class=\"\" data-start=\"1534\" data-end=\"1592\">Alfredin\u0117 s\u0105saja susideda i\u0161 trij\u0173 pagrindini\u0173 komponent\u0173:<\/p><p data-start=\"1594\" data-end=\"1638\">Kvantinis kodas (AL-elementas)<\/p><p class=\"\" data-start=\"1639\" data-end=\"1770\">Tai pradinis informacinis impulsas, atitinkantis morfogenetin\u0117s u\u017eduoties arba s\u0105mon\u0117s tikslo strukt\u016br\u0105. Jis suaktyvina s\u0105saj\u0105.<\/p><p data-start=\"1772\" data-end=\"1818\">Perdavimo koridorius (FR-laidas)<\/p><p class=\"\" data-start=\"1819\" data-end=\"2009\">Tai vibracinis tunelis, kuris i\u0161laiko informacijos integralum\u0105 ir da\u017enin\u0119 strukt\u016br\u0105. Jis leid\u017eia informaciniam impulsui \u201ei\u0161sivynioti\u201c per morfogenetin\u012f lauk\u0105 nepa\u017eeid\u017eiant jo vientisumo.<\/p><p data-start=\"2011\" data-end=\"2059\">Stabilizacinis mazgas (ED-sand\u016bra)<\/p><p class=\"\" data-start=\"2060\" data-end=\"2131\">Tai jungties mazgas, kuris \u012ftvirtina informacij\u0105 ten, kur reikia:<\/p><ul data-start=\"2132\" data-end=\"2225\"><li class=\"\" data-start=\"2132\" data-end=\"2160\"><p class=\"\" data-start=\"2134\" data-end=\"2160\">neuroniniuose tinkluose,<\/p><\/li><li class=\"\" data-start=\"2161\" data-end=\"2193\"><p class=\"\" data-start=\"2163\" data-end=\"2193\">energetiniuose sluoksniuose,<\/p><\/li><li class=\"\" data-start=\"2194\" data-end=\"2225\"><p class=\"\" data-start=\"2196\" data-end=\"2225\">simbolin\u0117se inkapsuliacijose.<\/p><\/li><\/ul><p class=\"\" data-start=\"2227\" data-end=\"2317\">Mazgas sinchronizuojasi su nifteriniais mazgais, u\u017etikrindamas stabilum\u0105 visame lauke.<\/p><hr class=\"\" data-start=\"2319\" data-end=\"2322\" \/><p data-start=\"2324\" data-end=\"2344\"><strong data-start=\"2328\" data-end=\"2344\">FUNKCIJOS<\/strong><\/p><ul data-start=\"2346\" data-end=\"2653\"><li class=\"\" data-start=\"2346\" data-end=\"2409\"><p class=\"\" data-start=\"2348\" data-end=\"2409\">Egzistencinio kodo perdavimas (pvz., monados aktyvacija).<\/p><\/li><li class=\"\" data-start=\"2410\" data-end=\"2491\"><p class=\"\" data-start=\"2412\" data-end=\"2491\">Informacijos grynumo palaikymas \u2013 apsauga nuo triuk\u0161m\u0173 ar klaiding\u0173 da\u017eni\u0173.<\/p><\/li><li class=\"\" data-start=\"2492\" data-end=\"2553\"><p class=\"\" data-start=\"2494\" data-end=\"2553\">Intencijos perk\u0117limas i\u0161 s\u0105mon\u0117s \u012f morfogenetin\u012f lauk\u0105.<\/p><\/li><li class=\"\" data-start=\"2554\" data-end=\"2653\"><p class=\"\" data-start=\"2556\" data-end=\"2653\">Transcendentini\u0173 impuls\u0173 \u012f\u017eeminimas (pvz., dievi\u0161kos minties realizacija fizin\u0117je realyb\u0117je).<\/p><\/li><\/ul><hr class=\"\" data-start=\"2655\" data-end=\"2658\" \/><p data-start=\"2660\" data-end=\"2701\"><strong data-start=\"2664\" data-end=\"2701\">RY\u0160IAI SU KITOMIS STRUKT\u016aROMIS<\/strong><\/p><div class=\"overflow-x-auto contain-inline-size\"><table data-start=\"2703\" data-end=\"3383\"><thead data-start=\"2703\" data-end=\"2800\"><tr data-start=\"2703\" data-end=\"2800\"><th data-start=\"2703\" data-end=\"2735\"><p><strong>Strukt\u016bra<\/strong><\/p><\/th><th data-start=\"2735\" data-end=\"2800\"><p><strong>Ry\u0161ys su alfredine s\u0105saja<\/strong><\/p><\/th><\/tr><\/thead><tbody data-start=\"2899\" data-end=\"3383\"><tr data-start=\"2899\" data-end=\"2995\"><td><p>Egocentrinis kanalas<\/p><\/td><td><p>Naudoja alfredin\u0119 s\u0105saj\u0105 informacijos perdavimui \u012f save<\/p><\/td><\/tr><tr data-start=\"2996\" data-end=\"3092\"><td><p>Nifteriniai mazgai<\/p><\/td><td><p>Veikia kaip stabilizatoriai alfredin\u0117s s\u0105sajos sankry\u017eose<\/p><\/td><\/tr><tr data-start=\"3093\" data-end=\"3189\"><td><p>Fotoniniai aktyvatoriai<\/p><\/td><td><p>Suaktyvina alfredines s\u0105sajas tam tikru da\u017eniu<\/p><\/td><\/tr><tr data-start=\"3190\" data-end=\"3286\"><td><p>Morfogenetin\u0117 matrica<\/p><\/td><td><p>Alfredin\u0117 s\u0105saja j\u0105 programuoja auk\u0161tesniais kodais<\/p><\/td><\/tr><tr data-start=\"3287\" data-end=\"3383\"><td><p>Egzistencinis kliforijus<\/p><\/td><td><p>S\u0105sajos nutr\u016bkimas da\u017enai sukelia kliforijaus b\u016bsen\u0105<\/p><\/td><\/tr><\/tbody><\/table><\/div>\t\t\t\t\t\t\t\t<\/div>\n\t\t\t\t<\/div>\n\t\t\t\t\t<\/div>\n\t\t\t\t<\/div>\n\t\t\t\t<\/div>\n\t\t","protected":false},"excerpt":{"rendered":"<p>Alfredin\u0117 s\u0105saja Alfredin\u0117 s\u0105saja (angl. Alfredic Interface)\u00a0yra viena esmini\u0173 egzistencin\u0117s sistemos sudedam\u0173j\u0173 dali\u0173, susijusi\u0173 su informacijos perdavimu, s\u0105mon\u0117s strukt\u016brizavimu ir morfogenetinio lauko stabilizacija. \u0160i s\u0105voka turi gili\u0105 egzistencin\u0119 ir kvantin\u0119 prasm\u0119, kurios \u0161aknys siejasi su pirminiu s\u0105mon\u0117s komunikacijos principu. APIBR\u0116\u017dIMAS Alfredin\u0117 s\u0105saja \u2013 tai egzistencin\u0117s informacijos kanalas, jungiantis individ\u0105 (ar kolektyvin\u0119 s\u0105mon\u0119) su morfogenetine strukt\u016bra, [&hellip;]<\/p>\n","protected":false},"author":2,"featured_media":0,"parent":0,"menu_order":0,"comment_status":"closed","ping_status":"closed","template":"","meta":{"footnotes":""},"class_list":["post-4241","page","type-page","status-publish","hentry"],"_links":{"self":[{"href":"https:\/\/morphogeneticfield.com\/lt\/wp-json\/wp\/v2\/pages\/4241","targetHints":{"allow":["GET"]}}],"collection":[{"href":"https:\/\/morphogeneticfield.com\/lt\/wp-json\/wp\/v2\/pages"}],"about":[{"href":"https:\/\/morphogeneticfield.com\/lt\/wp-json\/wp\/v2\/types\/page"}],"author":[{"embeddable":true,"href":"https:\/\/morphogeneticfield.com\/lt\/wp-json\/wp\/v2\/users\/2"}],"replies":[{"embeddable":true,"href":"https:\/\/morphogeneticfield.com\/lt\/wp-json\/wp\/v2\/comments?post=4241"}],"version-history":[{"count":0,"href":"https:\/\/morphogeneticfield.com\/lt\/wp-json\/wp\/v2\/pages\/4241\/revisions"}],"wp:attachment":[{"href":"https:\/\/morphogeneticfield.com\/lt\/wp-json\/wp\/v2\/media?parent=4241"}],"curies":[{"name":"wp","href":"https:\/\/api.w.org\/{rel}","templated":true}]}}