{"id":4248,"date":"2025-03-24T12:31:30","date_gmt":"2025-03-24T10:31:30","guid":{"rendered":"https:\/\/morphogeneticfield.com\/egocentriniai-kanalai\/"},"modified":"2025-07-30T13:40:20","modified_gmt":"2025-07-30T10:40:20","slug":"egocentriniai-kanalai","status":"publish","type":"page","link":"https:\/\/morphogeneticfield.com\/lt\/egocentriniai-kanalai\/","title":{"rendered":"Egocentriniai kanalai"},"content":{"rendered":"\t\t<div data-elementor-type=\"wp-page\" data-elementor-id=\"4248\" class=\"elementor elementor-4248 elementor-365\">\n\t\t\t\t<div class=\"elementor-element elementor-element-733eebc e-flex e-con-boxed e-con e-parent\" data-id=\"733eebc\" data-element_type=\"container\">\n\t\t\t\t\t<div class=\"e-con-inner\">\n\t\t\t\t<div class=\"elementor-element elementor-element-5552569 elementor-widget__width-initial elementor-widget-mobile__width-inherit elementor-widget-tablet__width-initial elementor-widget elementor-widget-image\" data-id=\"5552569\" data-element_type=\"widget\" data-widget_type=\"image.default\">\n\t\t\t\t<div class=\"elementor-widget-container\">\n\t\t\t\t\t\t\t\t\t\t\t\t\t\t\t<img fetchpriority=\"high\" decoding=\"async\" width=\"600\" height=\"600\" src=\"https:\/\/morphogeneticfield.com\/wp-content\/uploads\/2025\/03\/Egocentriniai-kanalai-600x600.webp\" class=\"attachment-tenweb_optimizer_mobile size-tenweb_optimizer_mobile wp-image-2031\" alt=\"Egocentriniai kanalai\" srcset=\"https:\/\/morphogeneticfield.com\/wp-content\/uploads\/2025\/03\/Egocentriniai-kanalai-600x600.webp 600w, https:\/\/morphogeneticfield.com\/wp-content\/uploads\/2025\/03\/Egocentriniai-kanalai-300x300.webp 300w, https:\/\/morphogeneticfield.com\/wp-content\/uploads\/2025\/03\/Egocentriniai-kanalai-150x150.webp 150w, https:\/\/morphogeneticfield.com\/wp-content\/uploads\/2025\/03\/Egocentriniai-kanalai-768x768.webp 768w, https:\/\/morphogeneticfield.com\/wp-content\/uploads\/2025\/03\/Egocentriniai-kanalai.webp 1024w\" sizes=\"(max-width: 600px) 100vw, 600px\" \/>\t\t\t\t\t\t\t\t\t\t\t\t\t\t\t<\/div>\n\t\t\t\t<\/div>\n\t\t<div class=\"elementor-element elementor-element-80c87ae e-con-full e-flex e-con e-child\" data-id=\"80c87ae\" data-element_type=\"container\">\n\t\t\t\t<div class=\"elementor-element elementor-element-fee5765 elementor-widget elementor-widget-heading\" data-id=\"fee5765\" data-element_type=\"widget\" data-widget_type=\"heading.default\">\n\t\t\t\t<div class=\"elementor-widget-container\">\n\t\t\t\t\t<h2 class=\"elementor-heading-title elementor-size-default\">Egocentriniai kanalai<\/h2>\t\t\t\t<\/div>\n\t\t\t\t<\/div>\n\t\t\t\t<div class=\"elementor-element elementor-element-1a795a5 elementor-widget elementor-widget-text-editor\" data-id=\"1a795a5\" data-element_type=\"widget\" data-widget_type=\"text-editor.default\">\n\t\t\t\t<div class=\"elementor-widget-container\">\n\t\t\t\t\t\t\t\t\t<p><strong data-start=\"0\" data-end=\"25\">Egocentriniai kanalai<\/strong> (angl. <a href=\"https:\/\/morphogeneticfield.com\/egocentric-channels\/\">Egocentric Channels<\/a>) \u2013 tai individualizuoti informaciniai\u2013energetiniai srautai, kurie kyla i\u0161 asmens s\u0105mon\u0117s branduolio (susijusio su monada) ir reguliuoja i\u0161orin\u0117s realyb\u0117s pri\u0117mim\u0105, interpretacij\u0105 ir formavim\u0105. Jie veikia kaip asmeninio s\u0105mon\u0117s filtro strukt\u016bra, per kuri\u0105 s\u0105mon\u0117 s\u0105veikauja su egzistenciniu lauku.<\/p>\t\t\t\t\t\t\t\t<\/div>\n\t\t\t\t<\/div>\n\t\t\t\t<\/div>\n\t\t\t\t\t<\/div>\n\t\t\t\t<\/div>\n\t\t<div class=\"elementor-element elementor-element-4ff4b1e e-flex e-con-boxed e-con e-parent\" data-id=\"4ff4b1e\" data-element_type=\"container\">\n\t\t\t\t\t<div class=\"e-con-inner\">\n\t\t\t\t<div class=\"elementor-element elementor-element-7c9cd80 elementor-widget elementor-widget-text-editor\" data-id=\"7c9cd80\" data-element_type=\"widget\" data-widget_type=\"text-editor.default\">\n\t\t\t\t<div class=\"elementor-widget-container\">\n\t\t\t\t\t\t\t\t\t<p><strong data-start=\"736\" data-end=\"753\">S\u0105vokos kilm\u0117<\/strong><\/p><ul data-start=\"757\" data-end=\"1169\"><li class=\"\" data-start=\"757\" data-end=\"867\"><p class=\"\" data-start=\"759\" data-end=\"867\">&#8222;Ego&#8221; (lot. \u201ea\u0161\u201c) \u2013 nurodo \u012f individual\u0173 s\u0105mon\u0117s aspekt\u0105, kuris suvokia save kaip atskir\u0105 nuo visumos.<\/p><\/li><li class=\"\" data-start=\"868\" data-end=\"1019\"><p class=\"\" data-start=\"870\" data-end=\"1019\">&#8222;Centriniai&#8221; \u2013 tai rei\u0161kia, kad \u0161ie kanalai kyla i\u0161 asmeninio s\u0105mon\u0117s centro (monadin\u0117s projekcijos).<\/p><\/li><li class=\"\" data-start=\"1020\" data-end=\"1169\"><p class=\"\" data-start=\"1022\" data-end=\"1169\">&#8222;Kanalai&#8221; \u2013 informacijos ir energijos srautai, kuriais vyksta s\u0105veika tarp vidini\u0173 (asmenini\u0173) ir i\u0161orini\u0173 (kolektyvini\u0173, egzistencini\u0173) lauk\u0173.<\/p><\/li><\/ul><p data-start=\"1176\" data-end=\"1196\"><strong data-start=\"1183\" data-end=\"1194\">Sandara<\/strong><\/p><p class=\"\" data-start=\"1197\" data-end=\"1293\">Egocentriniai kanalai susideda i\u0161 keli\u0173 sluoksni\u0173, kurie veikia hierarchi\u0161kai arba holarchi\u0161kai:<\/p><ul><li>Egointencinis vektorius<\/li><\/ul><p class=\"\" data-start=\"1333\" data-end=\"1447\">Tai pirmin\u0117 intencija, kylanti i\u0161 individo s\u0105mon\u0117s. Ji lemia krypt\u012f, kuria s\u0105mon\u0117 siun\u010dia ar priima informacij\u0105.<\/p><ul><li>Kognityvin\u0117 moduliacija<\/li><\/ul><p class=\"\" data-start=\"1487\" data-end=\"1629\">Kanalo dalis, kuri filtruoja informacij\u0105 per asmenines mintis, \u012fsitikinimus ir patirt\u012f. \u010cia veikia egzistencinis mentalinis filtravimas.<\/p><ul><li data-start=\"1631\" data-end=\"1673\">Emocinis da\u017enio rezonatorius<\/li><\/ul><p class=\"\" data-start=\"1674\" data-end=\"1775\">Reguliuoja kanal\u0105 pagal emocin\u0119 b\u016bsen\u0105, nes emocijos kei\u010dia energijos pralaidum\u0105 ir kanal\u0173 spektr\u0105.<\/p><ul><li data-start=\"1777\" data-end=\"1812\">Sielos para\u0161o modulis<\/li><\/ul><p class=\"\" data-start=\"1813\" data-end=\"1956\">Jungia egocentrin\u012f kanal\u0105 su sielos morfogenetine matrica. \u010cia fiksuojamas unikalus egzistencinis kodas, kuris daro kanal\u0105 nepakartojamu.<\/p><ul><li data-start=\"1958\" data-end=\"2004\">Energetinis vyniotinis sluoksnis<\/li><\/ul><p class=\"\" data-start=\"2005\" data-end=\"2192\">Tai apsaugin\u0117 strukt\u016bra, leid\u017eianti stabilizuoti kanal\u0105 ir apsisaugoti nuo disharmonini\u0173 egocentrini\u0173 s\u0105saj\u0173 ar i\u0161orini\u0173 trikd\u017ei\u0173 (pvz., kognityvini\u0173 parazit\u0173 ar informacini\u0173 infiltrat\u0173).<\/p><hr class=\"\" data-start=\"2194\" data-end=\"2197\" \/><p data-start=\"2199\" data-end=\"2233\"><strong data-start=\"2206\" data-end=\"2231\">\u00a0<\/strong><\/p><p data-start=\"2199\" data-end=\"2233\"><strong data-start=\"2206\" data-end=\"2231\">Funkcijos ir veikimas<\/strong><\/p><p class=\"\" data-start=\"2238\" data-end=\"2372\">Asmenin\u0117s tikrov\u0117s formavimas \u2013 \u017emogus per egocentrinius kanalus priima arba transformuoja informacij\u0105 pagal savo s\u0105mon\u0117s busen\u0105.<\/p><p class=\"\" data-start=\"2376\" data-end=\"2501\">Ry\u0161ys su <a href=\"https:\/\/morphogeneticfield.com\/lt\/nifteriniai-mazgai\/\">nifteriniais mazgais<\/a> \u2013 kanalo s\u0105veika su \u0161iais ta\u0161kais gali i\u0161pl\u0117sti ar susiaurinti realyb\u0117s suvokimo spektr\u0105.<\/p><p class=\"\" data-start=\"2505\" data-end=\"2622\">S\u0105mon\u0117s ekspresija \u2013 per \u0161iuos kanalus individas perduoda \u012f i\u0161or\u0119 savo vidin\u0119 informacij\u0105, veiksmus, ketinimus.<\/p><p class=\"\" data-start=\"2626\" data-end=\"2782\">Egzistencini\u0173 kliforij\u0173 stabilizavimas \u2013 kai s\u0105mon\u0117 patenka \u012f nestabili\u0105 b\u016bsen\u0105, egocentriniai kanalai gali pad\u0117ti v\u0117l susijungti su savuoju branduoliu.<\/p><hr class=\"\" data-start=\"2784\" data-end=\"2787\" \/><p data-start=\"2789\" data-end=\"2848\"><strong data-start=\"2796\" data-end=\"2846\">\u00a0<\/strong><\/p><p data-start=\"2789\" data-end=\"2848\"><strong data-start=\"2796\" data-end=\"2846\">Egocentrini\u0173 kanal\u0173 analogija su nerv\u0173 sistema<\/strong><\/p><p class=\"\" data-start=\"2849\" data-end=\"3097\">Galima juos palyginti su centrine nerv\u0173 sistema, kuri reguliuoja viso organizmo veikl\u0105, ta\u010diau \u0161iuo atveju jie veikia s\u0105mon\u0117s ir energijos lygmeniu \u2013 kaip neuronalin\u0117s s\u0105mon\u0117s projekcijos, kurios skleid\u017eia arba sugeria kvantin\u0119 informacij\u0105.<\/p><p data-start=\"260\" data-end=\"329\"><strong>\u00a0<\/strong><\/p><p data-start=\"260\" data-end=\"329\"><strong>Smegenys kaip egocentrini\u0173 kanal\u0173 rezonuojantis aparatas<\/strong><\/p><p data-start=\"331\" data-end=\"462\">Smegenys n\u0117ra egocentrini\u0173 kanal\u0173 \u201e\u0161altinis\u201c, bet jos veikia kaip fizin\u0117 antena ar dekoderis, kuris leid\u017eia \u0161iems kanalams:<\/p><ul data-start=\"464\" data-end=\"601\"><li class=\"\" data-start=\"464\" data-end=\"493\"><p data-start=\"466\" data-end=\"493\">Patekti \u012f s\u0105mon\u0117s lauk\u0105<\/p><\/li><li class=\"\" data-start=\"494\" data-end=\"558\"><p data-start=\"496\" data-end=\"558\">Materializuoti informacij\u0105 mintimis, emocijomis, poj\u016b\u010diais<\/p><\/li><li class=\"\" data-start=\"559\" data-end=\"601\"><p data-start=\"561\" data-end=\"601\">Koreguoti vidin\u012f ir i\u0161orin\u012f suvokim\u0105<\/p><\/li><\/ul><p data-start=\"603\" data-end=\"717\">Kitaip tariant, smegenys i\u0161ver\u010dia kvantin\u0119\u2013morfogenetin\u0119 informacij\u0105 \u012f biologin\u012f format\u0105 per neuronin\u0119 veikl\u0105.<\/p>\t\t\t\t\t\t\t\t<\/div>\n\t\t\t\t<\/div>\n\t\t\t\t\t<\/div>\n\t\t\t\t<\/div>\n\t\t\t\t<\/div>\n\t\t","protected":false},"excerpt":{"rendered":"<p>Egocentriniai kanalai Egocentriniai kanalai (angl. Egocentric Channels) \u2013 tai individualizuoti informaciniai\u2013energetiniai srautai, kurie kyla i\u0161 asmens s\u0105mon\u0117s branduolio (susijusio su monada) ir reguliuoja i\u0161orin\u0117s realyb\u0117s pri\u0117mim\u0105, interpretacij\u0105 ir formavim\u0105. Jie veikia kaip asmeninio s\u0105mon\u0117s filtro strukt\u016bra, per kuri\u0105 s\u0105mon\u0117 s\u0105veikauja su egzistenciniu lauku. S\u0105vokos kilm\u0117 &#8222;Ego&#8221; (lot. \u201ea\u0161\u201c) \u2013 nurodo \u012f individual\u0173 s\u0105mon\u0117s aspekt\u0105, kuris [&hellip;]<\/p>\n","protected":false},"author":2,"featured_media":0,"parent":0,"menu_order":0,"comment_status":"closed","ping_status":"closed","template":"","meta":{"footnotes":""},"class_list":["post-4248","page","type-page","status-publish","hentry"],"_links":{"self":[{"href":"https:\/\/morphogeneticfield.com\/lt\/wp-json\/wp\/v2\/pages\/4248","targetHints":{"allow":["GET"]}}],"collection":[{"href":"https:\/\/morphogeneticfield.com\/lt\/wp-json\/wp\/v2\/pages"}],"about":[{"href":"https:\/\/morphogeneticfield.com\/lt\/wp-json\/wp\/v2\/types\/page"}],"author":[{"embeddable":true,"href":"https:\/\/morphogeneticfield.com\/lt\/wp-json\/wp\/v2\/users\/2"}],"replies":[{"embeddable":true,"href":"https:\/\/morphogeneticfield.com\/lt\/wp-json\/wp\/v2\/comments?post=4248"}],"version-history":[{"count":0,"href":"https:\/\/morphogeneticfield.com\/lt\/wp-json\/wp\/v2\/pages\/4248\/revisions"}],"wp:attachment":[{"href":"https:\/\/morphogeneticfield.com\/lt\/wp-json\/wp\/v2\/media?parent=4248"}],"curies":[{"name":"wp","href":"https:\/\/api.w.org\/{rel}","templated":true}]}}