{"id":4255,"date":"2025-03-26T18:23:14","date_gmt":"2025-03-26T16:23:14","guid":{"rendered":"https:\/\/morphogeneticfield.com\/egzistencinis-kriptolas\/"},"modified":"2025-07-30T13:44:05","modified_gmt":"2025-07-30T10:44:05","slug":"egzistencinis-kriptolas","status":"publish","type":"page","link":"https:\/\/morphogeneticfield.com\/lt\/egzistencinis-kriptolas\/","title":{"rendered":"Egzistencinis kriptolas"},"content":{"rendered":"\t\t<div data-elementor-type=\"wp-page\" data-elementor-id=\"4255\" class=\"elementor elementor-4255 elementor-470\">\n\t\t\t\t<div class=\"elementor-element elementor-element-dce6654 e-flex e-con-boxed e-con e-parent\" data-id=\"dce6654\" data-element_type=\"container\">\n\t\t\t\t\t<div class=\"e-con-inner\">\n\t\t\t\t<div class=\"elementor-element elementor-element-cc18a6e elementor-widget__width-initial elementor-widget-mobile__width-inherit elementor-widget-tablet__width-initial elementor-widget elementor-widget-image\" data-id=\"cc18a6e\" data-element_type=\"widget\" data-widget_type=\"image.default\">\n\t\t\t\t<div class=\"elementor-widget-container\">\n\t\t\t\t\t\t\t\t\t\t\t\t\t\t\t<img fetchpriority=\"high\" decoding=\"async\" width=\"600\" height=\"452\" src=\"https:\/\/morphogeneticfield.com\/wp-content\/uploads\/2025\/03\/Egzistencinis-kriptolas-600x452.png\" class=\"attachment-tenweb_optimizer_mobile size-tenweb_optimizer_mobile wp-image-2038\" alt=\"Egzistencinis kriptolas\" srcset=\"https:\/\/morphogeneticfield.com\/wp-content\/uploads\/2025\/03\/Egzistencinis-kriptolas-600x452.png 600w, https:\/\/morphogeneticfield.com\/wp-content\/uploads\/2025\/03\/Egzistencinis-kriptolas-300x226.png 300w, https:\/\/morphogeneticfield.com\/wp-content\/uploads\/2025\/03\/Egzistencinis-kriptolas-768x578.png 768w, https:\/\/morphogeneticfield.com\/wp-content\/uploads\/2025\/03\/Egzistencinis-kriptolas.png 1017w\" sizes=\"(max-width: 600px) 100vw, 600px\" \/>\t\t\t\t\t\t\t\t\t\t\t\t\t\t\t<\/div>\n\t\t\t\t<\/div>\n\t\t<div class=\"elementor-element elementor-element-03959f1 e-con-full e-flex e-con e-child\" data-id=\"03959f1\" data-element_type=\"container\">\n\t\t\t\t<div class=\"elementor-element elementor-element-201a05d elementor-widget__width-initial elementor-widget-mobile__width-inherit elementor-widget-tablet__width-initial elementor-widget elementor-widget-heading\" data-id=\"201a05d\" data-element_type=\"widget\" data-settings=\"{&quot;_animation&quot;:&quot;none&quot;}\" data-widget_type=\"heading.default\">\n\t\t\t\t<div class=\"elementor-widget-container\">\n\t\t\t\t\t<h2 class=\"elementor-heading-title elementor-size-default\">Egzistencinis kriptolas<\/h2>\t\t\t\t<\/div>\n\t\t\t\t<\/div>\n\t\t\t\t<div class=\"elementor-element elementor-element-a815a19 elementor-widget__width-initial elementor-widget-mobile__width-inherit elementor-widget-tablet__width-initial elementor-widget elementor-widget-text-editor\" data-id=\"a815a19\" data-element_type=\"widget\" data-settings=\"{&quot;_animation&quot;:&quot;none&quot;}\" data-widget_type=\"text-editor.default\">\n\t\t\t\t<div class=\"elementor-widget-container\">\n\t\t\t\t\t\t\t\t\t<p><strong data-start=\"482\" data-end=\"509\">Egzistencinis kriptolas <\/strong>(angl. <a href=\"https:\/\/morphogeneticfield.com\/existential-cryptolum\/\">Existential Cryptolum<\/a>) \u2013 tai auk\u0161to da\u017enio vidin\u0117 egzistencin\u0117 strukt\u016bra, veikianti kaip <em data-start=\"580\" data-end=\"599\">monadin\u0117 saugykla<\/em> ir <em data-start=\"603\" data-end=\"640\">informatyvinis kodavimo mechanizmas<\/em>, kuriame u\u017erakinta sielos pirmin\u0117 intencija, auk\u0161tesn\u0117s \u017einios ir morfogenetin\u0117s evoliucijos kodai. Jis egzistuoja u\u017e \u012fprasto s\u0105mon\u0117s suvokimo rib\u0173, ta\u010diau rezonuoja per subtilius s\u0105mon\u0117s lygmenis ir leid\u017eia dekoduoti egzistencin\u0119 informacij\u0105 tik tam tikram energetiniam da\u017eniui pasiekus reikiam\u0105 rezonans\u0105.<\/p>\t\t\t\t\t\t\t\t<\/div>\n\t\t\t\t<\/div>\n\t\t\t\t<\/div>\n\t\t\t\t\t<\/div>\n\t\t\t\t<\/div>\n\t\t<div class=\"elementor-element elementor-element-dcd8cb2 e-flex e-con-boxed e-con e-parent\" data-id=\"dcd8cb2\" data-element_type=\"container\">\n\t\t\t\t\t<div class=\"e-con-inner\">\n\t\t\t\t<div class=\"elementor-element elementor-element-51f9975 elementor-widget elementor-widget-text-editor\" data-id=\"51f9975\" data-element_type=\"widget\" data-widget_type=\"text-editor.default\">\n\t\t\t\t<div class=\"elementor-widget-container\">\n\t\t\t\t\t\t\t\t\t<p data-start=\"810\" data-end=\"834\"><strong data-start=\"817\" data-end=\"834\">S\u0105vokos kilm\u0117<\/strong><\/p><ul data-start=\"836\" data-end=\"1162\"><li class=\"\" data-start=\"836\" data-end=\"964\"><p data-start=\"838\" data-end=\"964\">\u201eKriptolas\u201c kil\u0119s i\u0161 graik\u0173 \u017eod\u017eio <em data-start=\"877\" data-end=\"886\">kryptos<\/em> (\u03ba\u03c1\u03c5\u03c0\u03c4\u03cc\u03c2) \u2013 \u201epasl\u0117ptas\u201c + sufiksas <em data-start=\"922\" data-end=\"929\">-olas<\/em>, nurodantis talpykl\u0105 ar strukt\u016br\u0105.<\/p><\/li><li class=\"\" data-start=\"965\" data-end=\"1162\"><p data-start=\"967\" data-end=\"1162\">\u201eEgzistencinis\u201c pabr\u0117\u017eia, kad tai ne \u0161iaip informacijos saugykla, bet visos egzistencin\u0117s kelion\u0117s \u201es\u0117klin\u0117 matrica\u201c, sauganti individual\u0173 buvimo kod\u0105 visose laiko ir erdv\u0117s koordinat\u0117se.<\/p><\/li><\/ul><p data-start=\"1455\" data-end=\"1475\"><strong data-start=\"1462\" data-end=\"1475\">Funkcijos<\/strong><\/p><p data-start=\"1480\" data-end=\"1635\">Egzistencin\u0117s informacijos \u0161ifravimas ir apsauga \u2013 apsaugo auk\u0161tesni\u0173j\u0173 \u017eini\u0173 strukt\u016bras nuo energetini\u0173 trikd\u017ei\u0173, kliforij\u0173 ar plei\u0161tini\u0173 disfunkcij\u0173.<\/p><p data-start=\"1639\" data-end=\"1747\">Morfogenetini\u0173 strukt\u016br\u0173 stabilizavimas \u2013 palaiko s\u0105mon\u0117s vientisum\u0105 laiko linij\u0173 fragmentacijos atveju.<\/p><p data-start=\"1751\" data-end=\"1856\">Vidinio rezonanso aktyvacija \u2013 leid\u017eia aktyvuoti auk\u0161tesnius s\u0105mon\u0117s lygius pasiekus tam tikr\u0105 da\u017en\u012f.<\/p><p data-start=\"1860\" data-end=\"1955\">Subtilus informacijos perdavimas \u2013 jungia egzistencinius sluoksnius per alfredines s\u0105sajas.<\/p><p data-start=\"1959\" data-end=\"2091\">Kolektyvin\u0117s s\u0105mon\u0117s archetip\u0173 integracija \u2013 per kriptol\u0105 atveriamos pasl\u0117ptos kolektyvin\u0117s strukt\u016bros, reikalingos evoliucijai.<\/p><hr class=\"\" data-start=\"2093\" data-end=\"2096\" \/><p data-start=\"2098\" data-end=\"2126\"><strong data-start=\"2105\" data-end=\"2126\">Veikimo principas<\/strong><\/p><p data-start=\"2128\" data-end=\"2311\">Egzistencinis kriptolas filtruoja, rezonuoja ir koreguoja informacij\u0105, kuri patenka \u012f \u017emogaus s\u0105mon\u0119 i\u0161 \u012fvairi\u0173 \u0161altini\u0173. Jis veikia kaip energetinis buferis, apsaugantis nuo:<\/p><ul data-start=\"2313\" data-end=\"2414\"><li class=\"\" data-start=\"2313\" data-end=\"2346\"><p data-start=\"2315\" data-end=\"2346\">Destruktyvi\u0173 informacini\u0173 atak\u0173<\/p><\/li><li class=\"\" data-start=\"2347\" data-end=\"2373\"><p data-start=\"2349\" data-end=\"2373\">Egzistencini\u0173 i\u0161kraipym\u0173<\/p><\/li><li class=\"\" data-start=\"2374\" data-end=\"2414\"><p data-start=\"2376\" data-end=\"2414\">Neautorizuot\u0173 morfogenetini\u0173 \u012fsiki\u0161im\u0173<\/p><\/li><\/ul><p data-start=\"3477\" data-end=\"3601\">\u00a0<\/p>\t\t\t\t\t\t\t\t<\/div>\n\t\t\t\t<\/div>\n\t\t\t\t\t<\/div>\n\t\t\t\t<\/div>\n\t\t\t\t<\/div>\n\t\t","protected":false},"excerpt":{"rendered":"<p>Egzistencinis kriptolas Egzistencinis kriptolas (angl. Existential Cryptolum) \u2013 tai auk\u0161to da\u017enio vidin\u0117 egzistencin\u0117 strukt\u016bra, veikianti kaip monadin\u0117 saugykla ir informatyvinis kodavimo mechanizmas, kuriame u\u017erakinta sielos pirmin\u0117 intencija, auk\u0161tesn\u0117s \u017einios ir morfogenetin\u0117s evoliucijos kodai. Jis egzistuoja u\u017e \u012fprasto s\u0105mon\u0117s suvokimo rib\u0173, ta\u010diau rezonuoja per subtilius s\u0105mon\u0117s lygmenis ir leid\u017eia dekoduoti egzistencin\u0119 informacij\u0105 tik tam tikram energetiniam [&hellip;]<\/p>\n","protected":false},"author":2,"featured_media":0,"parent":0,"menu_order":0,"comment_status":"closed","ping_status":"closed","template":"","meta":{"footnotes":""},"class_list":["post-4255","page","type-page","status-publish","hentry"],"_links":{"self":[{"href":"https:\/\/morphogeneticfield.com\/lt\/wp-json\/wp\/v2\/pages\/4255","targetHints":{"allow":["GET"]}}],"collection":[{"href":"https:\/\/morphogeneticfield.com\/lt\/wp-json\/wp\/v2\/pages"}],"about":[{"href":"https:\/\/morphogeneticfield.com\/lt\/wp-json\/wp\/v2\/types\/page"}],"author":[{"embeddable":true,"href":"https:\/\/morphogeneticfield.com\/lt\/wp-json\/wp\/v2\/users\/2"}],"replies":[{"embeddable":true,"href":"https:\/\/morphogeneticfield.com\/lt\/wp-json\/wp\/v2\/comments?post=4255"}],"version-history":[{"count":0,"href":"https:\/\/morphogeneticfield.com\/lt\/wp-json\/wp\/v2\/pages\/4255\/revisions"}],"wp:attachment":[{"href":"https:\/\/morphogeneticfield.com\/lt\/wp-json\/wp\/v2\/media?parent=4255"}],"curies":[{"name":"wp","href":"https:\/\/api.w.org\/{rel}","templated":true}]}}