{"id":4272,"date":"2025-04-15T15:00:08","date_gmt":"2025-04-15T12:00:08","guid":{"rendered":"https:\/\/morphogeneticfield.com\/morfogenetine-samplaika\/"},"modified":"2025-07-30T13:51:40","modified_gmt":"2025-07-30T10:51:40","slug":"morfogenetine-samplaika","status":"publish","type":"page","link":"https:\/\/morphogeneticfield.com\/lt\/morfogenetine-samplaika\/","title":{"rendered":"Morfogenetin\u0117 samplaika"},"content":{"rendered":"\t\t<div data-elementor-type=\"wp-page\" data-elementor-id=\"4272\" class=\"elementor elementor-4272 elementor-858\">\n\t\t\t\t<div class=\"elementor-element elementor-element-d4033fc e-flex e-con-boxed e-con e-parent\" data-id=\"d4033fc\" data-element_type=\"container\">\n\t\t\t\t\t<div class=\"e-con-inner\">\n\t\t\t\t<div class=\"elementor-element elementor-element-c140a1c elementor-widget__width-initial elementor-widget-mobile__width-inherit elementor-widget-tablet__width-initial elementor-widget elementor-widget-image\" data-id=\"c140a1c\" data-element_type=\"widget\" data-widget_type=\"image.default\">\n\t\t\t\t<div class=\"elementor-widget-container\">\n\t\t\t\t\t\t\t\t\t\t\t\t\t\t\t<img fetchpriority=\"high\" decoding=\"async\" width=\"600\" height=\"600\" src=\"https:\/\/morphogeneticfield.com\/wp-content\/uploads\/2025\/04\/ChatGPT-Image-2025-04-15-18_11_11-600x600.png\" class=\"attachment-tenweb_optimizer_mobile size-tenweb_optimizer_mobile wp-image-2052\" alt=\"Morfogenetin\u0117 samplaika\" srcset=\"https:\/\/morphogeneticfield.com\/wp-content\/uploads\/2025\/04\/ChatGPT-Image-2025-04-15-18_11_11-600x600.png 600w, https:\/\/morphogeneticfield.com\/wp-content\/uploads\/2025\/04\/ChatGPT-Image-2025-04-15-18_11_11-300x300.png 300w, https:\/\/morphogeneticfield.com\/wp-content\/uploads\/2025\/04\/ChatGPT-Image-2025-04-15-18_11_11-150x150.png 150w, https:\/\/morphogeneticfield.com\/wp-content\/uploads\/2025\/04\/ChatGPT-Image-2025-04-15-18_11_11-768x768.png 768w, https:\/\/morphogeneticfield.com\/wp-content\/uploads\/2025\/04\/ChatGPT-Image-2025-04-15-18_11_11.png 1024w\" sizes=\"(max-width: 600px) 100vw, 600px\" \/>\t\t\t\t\t\t\t\t\t\t\t\t\t\t\t<\/div>\n\t\t\t\t<\/div>\n\t\t<div class=\"elementor-element elementor-element-ff699f1 e-con-full e-flex e-con e-child\" data-id=\"ff699f1\" data-element_type=\"container\">\n\t\t\t\t<div class=\"elementor-element elementor-element-339ee21 elementor-widget__width-initial elementor-widget-mobile__width-inherit elementor-widget-tablet__width-initial elementor-widget elementor-widget-heading\" data-id=\"339ee21\" data-element_type=\"widget\" data-settings=\"{&quot;_animation&quot;:&quot;none&quot;}\" data-widget_type=\"heading.default\">\n\t\t\t\t<div class=\"elementor-widget-container\">\n\t\t\t\t\t<h2 class=\"elementor-heading-title elementor-size-default\">Morfogenetin\u0117 samplaika<\/h2>\t\t\t\t<\/div>\n\t\t\t\t<\/div>\n\t\t\t\t<div class=\"elementor-element elementor-element-8e498c8 elementor-widget__width-initial elementor-widget-mobile__width-inherit elementor-widget-tablet__width-initial elementor-widget elementor-widget-text-editor\" data-id=\"8e498c8\" data-element_type=\"widget\" data-settings=\"{&quot;_animation&quot;:&quot;none&quot;}\" data-widget_type=\"text-editor.default\">\n\t\t\t\t<div class=\"elementor-widget-container\">\n\t\t\t\t\t\t\t\t\t<p><strong data-start=\"0\" data-end=\"27\">Morfogenetin\u0117 samplaika<\/strong> (angl. <a href=\"https:\/\/morphogeneticfield.com\/morphogenetic-synthesis\/\">Morphogenetic Synthesis<\/a>) \u2013 tai egzistencinio da\u017enio strukt\u016brinis junginys, apimantis a\u0161tuonis s\u0105mon\u0117s ir b\u016bties lygius, kuri\u0173 kiekvienas veikia kaip tam tikras <em data-start=\"167\" data-end=\"241\">da\u017eni\u0173 filtras, informacijos laikmena ir vibracinio rezonavimo platforma<\/em>. Ji atspindi visos b\u016btyb\u0117s (\u017emogaus, sielos, kolektyvin\u0117s s\u0105mon\u0117s ar net visatos) s\u0105monin\u012f augim\u0105, informacin\u0119 brand\u0105 ir egzistencin\u012f integralum\u0105 per morfogenetini\u0173 lauk\u0173 prizm\u0119.<\/p>\t\t\t\t\t\t\t\t<\/div>\n\t\t\t\t<\/div>\n\t\t\t\t<\/div>\n\t\t\t\t\t<\/div>\n\t\t\t\t<\/div>\n\t\t<div class=\"elementor-element elementor-element-a32b8b5 e-flex e-con-boxed e-con e-parent\" data-id=\"a32b8b5\" data-element_type=\"container\">\n\t\t\t\t\t<div class=\"e-con-inner\">\n\t\t\t\t<div class=\"elementor-element elementor-element-3b13ba3 elementor-widget elementor-widget-text-editor\" data-id=\"3b13ba3\" data-element_type=\"widget\" data-widget_type=\"text-editor.default\">\n\t\t\t\t<div class=\"elementor-widget-container\">\n\t\t\t\t\t\t\t\t\t<p data-start=\"912\" data-end=\"956\"><strong data-start=\"919\" data-end=\"956\">Morfogenetin\u0117s samplaikos sandara<\/strong><\/p><p class=\"\" data-start=\"958\" data-end=\"1118\">Ji sudaryta i\u0161 8 dimensini\u0173 lygi\u0173, kurie atsiveria per s\u0105mon\u0117s evoliucij\u0105, ir kiekvienas j\u0173 yra tiek vidinis, tiek holografinis \u017eem\u0117lapis visai b\u016btybei:<\/p><hr class=\"\" data-start=\"1120\" data-end=\"1123\" \/><p data-start=\"1125\" data-end=\"1147\"><strong data-start=\"1130\" data-end=\"1145\">1. Savastis<\/strong><\/p><ul data-start=\"1148\" data-end=\"1335\"><li class=\"\" data-start=\"1148\" data-end=\"1181\"><p class=\"\" data-start=\"1150\" data-end=\"1181\">Asmenin\u0117s s\u0105mon\u0117s centras.<\/p><\/li><li class=\"\" data-start=\"1216\" data-end=\"1291\"><p class=\"\" data-start=\"1218\" data-end=\"1291\">Atspindi \u017emogaus tapatyb\u0119, energetin\u012f para\u0161\u0105, pirm\u0105sias s\u0105mon\u0117s bangas.<\/p><\/li><li class=\"\" data-start=\"1292\" data-end=\"1335\"><p class=\"\" data-start=\"1294\" data-end=\"1335\">\u012esi\u0161aknija per egocentrinius kanalus.<\/p><\/li><\/ul><hr class=\"\" data-start=\"1337\" data-end=\"1340\" \/><p data-start=\"1342\" data-end=\"1367\"><strong data-start=\"1347\" data-end=\"1365\">2. Nustelbimas<\/strong><\/p><ul data-start=\"1368\" data-end=\"1597\"><li class=\"\" data-start=\"1368\" data-end=\"1411\"><p class=\"\" data-start=\"1370\" data-end=\"1411\">Sielos ir s\u0105mon\u0117s slopinimo lygmuo.<\/p><\/li><li class=\"\" data-start=\"1450\" data-end=\"1537\"><p class=\"\" data-start=\"1452\" data-end=\"1537\">\u010cia veikia <em data-start=\"1463\" data-end=\"1487\">egzistenciniai filtrai<\/em>, traumos, karmos sluoksniai, s\u0105mon\u0117s u\u017etemimai.<\/p><\/li><li class=\"\" data-start=\"1538\" data-end=\"1597\"><p class=\"\" data-start=\"1540\" data-end=\"1597\">B\u016btent \u010dia da\u017enai formuojasi plei\u0161tin\u0117s disfunkcijos.<\/p><\/li><\/ul><hr class=\"\" data-start=\"1599\" data-end=\"1602\" \/><p data-start=\"1604\" data-end=\"1626\"><strong data-start=\"1609\" data-end=\"1624\">3. Gyvastis<\/strong><\/p><ul data-start=\"1627\" data-end=\"1867\"><li class=\"\" data-start=\"1627\" data-end=\"1672\"><p class=\"\" data-start=\"1629\" data-end=\"1672\">Energetin\u0117s gyvyb\u0117s aktyvacijos sfera.<\/p><\/li><li class=\"\" data-start=\"1711\" data-end=\"1797\"><p class=\"\" data-start=\"1713\" data-end=\"1797\">\u010cia \u012fvyksta <em data-start=\"1725\" data-end=\"1755\">morfogenetin\u0117s regeneracijos<\/em> ir <em data-start=\"1759\" data-end=\"1794\">fotonini\u0173 aktyvatori\u0173 \u012fsijungimas<\/em>.<\/p><\/li><li class=\"\" data-start=\"1798\" data-end=\"1867\"><p class=\"\" data-start=\"1800\" data-end=\"1867\">Veikia nifteriniai mazgai, palaikantys gyvyb\u0117s kod\u0173 vientisum\u0105.<\/p><\/li><\/ul><hr class=\"\" data-start=\"1869\" data-end=\"1872\" \/><p data-start=\"1874\" data-end=\"1896\"><strong data-start=\"1879\" data-end=\"1894\">4. Samprata<\/strong><\/p><ul data-start=\"1897\" data-end=\"2122\"><li class=\"\" data-start=\"1897\" data-end=\"1964\"><p class=\"\" data-start=\"1899\" data-end=\"1964\">Intelekto, informacijos apdorojimo, vidinio suvokimo laukas.<\/p><\/li><li class=\"\" data-start=\"1993\" data-end=\"2079\"><p class=\"\" data-start=\"1995\" data-end=\"2079\">Sujungia <a href=\"https:\/\/gijimas.10web.me\/alfredine-sasaja\/\" target=\"_blank\" rel=\"noopener\">alfredines s\u0105sajas<\/a>, leid\u017eian\u010dias priimti auk\u0161tesnio lygmens \u017einojim\u0105.<\/p><\/li><li class=\"\" data-start=\"2080\" data-end=\"2122\"><p class=\"\" data-start=\"2082\" data-end=\"2122\">Veikia kaip <em data-start=\"2094\" data-end=\"2121\">kvantin\u0117s logikos filtras<\/em>.<\/p><\/li><\/ul><hr class=\"\" data-start=\"2124\" data-end=\"2127\" \/><p data-start=\"2129\" data-end=\"2151\"><strong data-start=\"2134\" data-end=\"2149\">5. Euforija<\/strong><\/p><ul data-start=\"2152\" data-end=\"2406\"><li class=\"\" data-start=\"2152\" data-end=\"2218\"><p class=\"\" data-start=\"2154\" data-end=\"2218\">S\u0105mon\u0117s ekstaz\u0117, intuityvus ry\u0161ys su auk\u0161tesn\u0117mis b\u016btyb\u0117mis.<\/p><\/li><li class=\"\" data-start=\"2254\" data-end=\"2349\"><p class=\"\" data-start=\"2256\" data-end=\"2349\">Aktyvina <strong data-start=\"2265\" data-end=\"2303\">egzistencines rezonansines s\u0105sajas<\/strong>, atverian\u010dias vizijas, dvasinius suvokimus.<\/p><\/li><li class=\"\" data-start=\"2350\" data-end=\"2406\"><p class=\"\" data-start=\"2352\" data-end=\"2406\">Tai b\u016bsena tarp proto ir sielos ekstazin\u0117s vibracijos.<\/p><\/li><\/ul><hr class=\"\" data-start=\"2408\" data-end=\"2411\" \/><p data-start=\"2413\" data-end=\"2442\"><strong data-start=\"2418\" data-end=\"2440\">6. Kilm\u0117 \/ \u0160aknys<\/strong><\/p><ul data-start=\"2443\" data-end=\"2726\"><li class=\"\" data-start=\"2443\" data-end=\"2541\"><p class=\"\" data-start=\"2445\" data-end=\"2541\">Monadin\u0117s kilm\u0117s sfera \u2013 \u010dia gl\u016bdi sielos <em data-start=\"2490\" data-end=\"2510\">giminin\u0117 intencija<\/em> ir <em data-start=\"2514\" data-end=\"2538\">egzistencin\u0117 paskirtis<\/em>.<\/p><\/li><li class=\"\" data-start=\"2588\" data-end=\"2682\"><p class=\"\" data-start=\"2590\" data-end=\"2682\">Aktyvuoja egzistencines inkarnacines strukt\u016bras, leid\u017eia pasiekti gili\u0105 s\u0105mon\u0117s kilm\u0119.<\/p><\/li><li class=\"\" data-start=\"2683\" data-end=\"2726\"><p class=\"\" data-start=\"2685\" data-end=\"2726\">Palaiko monadinio branduolio informacij\u0105.<\/p><\/li><\/ul><hr class=\"\" data-start=\"2728\" data-end=\"2731\" \/><p data-start=\"2733\" data-end=\"2768\"><strong data-start=\"2738\" data-end=\"2766\">7. Euforin\u0117 spinduliuot\u0117<\/strong><\/p><ul data-start=\"2769\" data-end=\"3006\"><li class=\"\" data-start=\"2769\" data-end=\"2802\"><p class=\"\" data-start=\"2771\" data-end=\"2802\">Kosminio rezonanso laukas.<\/p><\/li><li class=\"\" data-start=\"2856\" data-end=\"2943\"><p class=\"\" data-start=\"2858\" data-end=\"2943\">Spinduliuoja <em data-start=\"2871\" data-end=\"2899\">bes\u0105lygin\u0117s meil\u0117s da\u017enius<\/em>, leid\u017eia sielai jungtis su K\u016br\u0117jo \u0161viesa.<\/p><\/li><li class=\"\" data-start=\"2944\" data-end=\"3006\"><p class=\"\" data-start=\"2946\" data-end=\"3006\">Suderina <em data-start=\"2955\" data-end=\"2975\">vis\u0173 lygi\u0173 s\u0105veik\u0105<\/em>, harmonizuoja lauko trukd\u017eius.<\/p><\/li><\/ul><hr class=\"\" data-start=\"3008\" data-end=\"3011\" \/><p data-start=\"3013\" data-end=\"3037\"><strong data-start=\"3018\" data-end=\"3035\">8. Nu\u0161vitimas<\/strong><\/p><ul data-start=\"3038\" data-end=\"3336\"><li class=\"\" data-start=\"3038\" data-end=\"3093\"><p class=\"\" data-start=\"3040\" data-end=\"3093\">Auk\u0161\u010diausias sinchronizacijos su K\u016br\u0117ju ta\u0161kas.<\/p><\/li><li class=\"\" data-start=\"3139\" data-end=\"3238\"><p class=\"\" data-start=\"3141\" data-end=\"3238\">Veikia per metamorfozin\u012f aktyvatori\u0173, kuris transformuoja visus \u017eemiau esan\u010dius sluoksnius.<\/p><\/li><li class=\"\" data-start=\"3239\" data-end=\"3336\"><p class=\"\" data-start=\"3241\" data-end=\"3336\">Nu\u0161vitimas = <em data-start=\"3254\" data-end=\"3287\">egzistencin\u0117s sintez\u0117s i\u0161rai\u0161ka<\/em>, kai individas tampa vibracine visumos i\u0161rai\u0161ka.<\/p><\/li><\/ul><hr class=\"\" data-start=\"3338\" data-end=\"3341\" \/><p data-start=\"3343\" data-end=\"3368\"><strong data-start=\"3350\" data-end=\"3368\">Apibendrinant:<\/strong><\/p><p class=\"\" data-start=\"3370\" data-end=\"3649\"><strong data-start=\"3370\" data-end=\"3397\">Morfogenetin\u0117 s\u0105mplaika<\/strong> \u2013 tai <em data-start=\"3404\" data-end=\"3447\">s\u0105mon\u0117s daugiapakopis vibracinis karkasas<\/em>, leid\u017eiantis b\u016btybei \u012fk\u016bnyti auk\u0161tesnius energijos srautus, pereiti per skirtingus egzistencijos lygmenis ir galiausiai sugr\u012f\u017eti \u012f nu\u0161vitimo b\u016bsen\u0105, neprarasdamas nei savo tapatyb\u0117s, nei kilm\u0117s da\u017enio.<\/p>\t\t\t\t\t\t\t\t<\/div>\n\t\t\t\t<\/div>\n\t\t\t\t\t<\/div>\n\t\t\t\t<\/div>\n\t\t\t\t<\/div>\n\t\t","protected":false},"excerpt":{"rendered":"<p>Morfogenetin\u0117 samplaika Morfogenetin\u0117 samplaika (angl. Morphogenetic Synthesis) \u2013 tai egzistencinio da\u017enio strukt\u016brinis junginys, apimantis a\u0161tuonis s\u0105mon\u0117s ir b\u016bties lygius, kuri\u0173 kiekvienas veikia kaip tam tikras da\u017eni\u0173 filtras, informacijos laikmena ir vibracinio rezonavimo platforma. Ji atspindi visos b\u016btyb\u0117s (\u017emogaus, sielos, kolektyvin\u0117s s\u0105mon\u0117s ar net visatos) s\u0105monin\u012f augim\u0105, informacin\u0119 brand\u0105 ir egzistencin\u012f integralum\u0105 per morfogenetini\u0173 lauk\u0173 prizm\u0119. [&hellip;]<\/p>\n","protected":false},"author":2,"featured_media":0,"parent":0,"menu_order":0,"comment_status":"closed","ping_status":"closed","template":"","meta":{"footnotes":""},"class_list":["post-4272","page","type-page","status-publish","hentry"],"_links":{"self":[{"href":"https:\/\/morphogeneticfield.com\/lt\/wp-json\/wp\/v2\/pages\/4272","targetHints":{"allow":["GET"]}}],"collection":[{"href":"https:\/\/morphogeneticfield.com\/lt\/wp-json\/wp\/v2\/pages"}],"about":[{"href":"https:\/\/morphogeneticfield.com\/lt\/wp-json\/wp\/v2\/types\/page"}],"author":[{"embeddable":true,"href":"https:\/\/morphogeneticfield.com\/lt\/wp-json\/wp\/v2\/users\/2"}],"replies":[{"embeddable":true,"href":"https:\/\/morphogeneticfield.com\/lt\/wp-json\/wp\/v2\/comments?post=4272"}],"version-history":[{"count":0,"href":"https:\/\/morphogeneticfield.com\/lt\/wp-json\/wp\/v2\/pages\/4272\/revisions"}],"wp:attachment":[{"href":"https:\/\/morphogeneticfield.com\/lt\/wp-json\/wp\/v2\/media?parent=4272"}],"curies":[{"name":"wp","href":"https:\/\/api.w.org\/{rel}","templated":true}]}}