{"id":4294,"date":"2025-03-28T05:40:32","date_gmt":"2025-03-28T03:40:32","guid":{"rendered":"https:\/\/morphogeneticfield.com\/pilksvumo-avangardas\/"},"modified":"2025-07-30T13:54:06","modified_gmt":"2025-07-30T10:54:06","slug":"pilksvumo-avangardas","status":"publish","type":"page","link":"https:\/\/morphogeneticfield.com\/lt\/pilksvumo-avangardas\/","title":{"rendered":"Pilk\u0161vumo avangardas"},"content":{"rendered":"\t\t<div data-elementor-type=\"wp-page\" data-elementor-id=\"4294\" class=\"elementor elementor-4294 elementor-498\">\n\t\t\t\t<div class=\"elementor-element elementor-element-d1cadd3 e-flex e-con-boxed e-con e-parent\" data-id=\"d1cadd3\" data-element_type=\"container\">\n\t\t\t\t\t<div class=\"e-con-inner\">\n\t\t\t\t<div class=\"elementor-element elementor-element-cf69165 elementor-widget__width-initial elementor-widget-mobile__width-inherit elementor-widget-tablet__width-initial elementor-widget elementor-widget-image\" data-id=\"cf69165\" data-element_type=\"widget\" data-widget_type=\"image.default\">\n\t\t\t\t<div class=\"elementor-widget-container\">\n\t\t\t\t\t\t\t\t\t\t\t\t\t\t\t<img fetchpriority=\"high\" decoding=\"async\" width=\"600\" height=\"600\" src=\"https:\/\/morphogeneticfield.com\/wp-content\/uploads\/2025\/03\/ChatGPT-Image-2025-03-28-07_59_52-600x600.png\" class=\"attachment-tenweb_optimizer_mobile size-tenweb_optimizer_mobile wp-image-2040\" alt=\"Pilk\u0161vumo avangardas\" srcset=\"https:\/\/morphogeneticfield.com\/wp-content\/uploads\/2025\/03\/ChatGPT-Image-2025-03-28-07_59_52-600x600.png 600w, https:\/\/morphogeneticfield.com\/wp-content\/uploads\/2025\/03\/ChatGPT-Image-2025-03-28-07_59_52-300x300.png 300w, https:\/\/morphogeneticfield.com\/wp-content\/uploads\/2025\/03\/ChatGPT-Image-2025-03-28-07_59_52-150x150.png 150w, https:\/\/morphogeneticfield.com\/wp-content\/uploads\/2025\/03\/ChatGPT-Image-2025-03-28-07_59_52-768x768.png 768w, https:\/\/morphogeneticfield.com\/wp-content\/uploads\/2025\/03\/ChatGPT-Image-2025-03-28-07_59_52.png 1024w\" sizes=\"(max-width: 600px) 100vw, 600px\" \/>\t\t\t\t\t\t\t\t\t\t\t\t\t\t\t<\/div>\n\t\t\t\t<\/div>\n\t\t<div class=\"elementor-element elementor-element-9edee51 e-con-full e-flex e-con e-child\" data-id=\"9edee51\" data-element_type=\"container\">\n\t\t\t\t<div class=\"elementor-element elementor-element-32c834c elementor-widget__width-initial elementor-widget-mobile__width-inherit elementor-widget-tablet__width-initial elementor-widget elementor-widget-heading\" data-id=\"32c834c\" data-element_type=\"widget\" data-settings=\"{&quot;_animation&quot;:&quot;none&quot;}\" data-widget_type=\"heading.default\">\n\t\t\t\t<div class=\"elementor-widget-container\">\n\t\t\t\t\t<h2 class=\"elementor-heading-title elementor-size-default\">Pilk\u0161vumo avangardas<\/h2>\t\t\t\t<\/div>\n\t\t\t\t<\/div>\n\t\t\t\t<div class=\"elementor-element elementor-element-1370bd7 elementor-widget__width-initial elementor-widget-mobile__width-inherit elementor-widget-tablet__width-initial elementor-widget elementor-widget-text-editor\" data-id=\"1370bd7\" data-element_type=\"widget\" data-settings=\"{&quot;_animation&quot;:&quot;none&quot;}\" data-widget_type=\"text-editor.default\">\n\t\t\t\t<div class=\"elementor-widget-container\">\n\t\t\t\t\t\t\t\t\t<p><strong data-start=\"0\" data-end=\"26\">Pilksvumo avangardas<\/strong> (angl. <a href=\"https:\/\/morphogeneticfield.com\/greyveil-vanguard\/\">Greyveil Vanguard<\/a>) \u2013 tai egzistencin\u0117-metafizin\u0117 s\u0105voka, susijusi su sielos energetin\u0117s prizm\u0117s s\u0105veika su \u017eemesn\u0117s strukt\u016bros elementais, kai auk\u0161tesnioji s\u0105mon\u0117s dalis patenka \u012f b\u016bsen\u0105 tarp \u0161viesos ir materijos. Tai n\u0117ra tiesiog energetinis ar moralinis \u201epilkumas\u201c, bet pereinamoji b\u016bsena, kai siela praranda ai\u0161k\u0173 orientyr\u0105 tarp K\u016br\u0117jo \u0161viesos ir \u017emogi\u0161kosios inercijos.<\/p>\t\t\t\t\t\t\t\t<\/div>\n\t\t\t\t<\/div>\n\t\t\t\t<\/div>\n\t\t\t\t\t<\/div>\n\t\t\t\t<\/div>\n\t\t<div class=\"elementor-element elementor-element-61ef121 e-flex e-con-boxed e-con e-parent\" data-id=\"61ef121\" data-element_type=\"container\">\n\t\t\t\t\t<div class=\"e-con-inner\">\n\t\t\t\t<div class=\"elementor-element elementor-element-56566ca elementor-widget elementor-widget-text-editor\" data-id=\"56566ca\" data-element_type=\"widget\" data-widget_type=\"text-editor.default\">\n\t\t\t\t<div class=\"elementor-widget-container\">\n\t\t\t\t\t\t\t\t\t<p data-start=\"437\" data-end=\"459\"><strong data-start=\"444\" data-end=\"459\">Apibr\u0117\u017eimas<\/strong><\/p><p class=\"\" data-start=\"461\" data-end=\"894\">Pilksvumo avangardas \u2013 tai egzistencin\u0117s inercijos ir \u0161viesos mi\u0161inio b\u016bsena, kai sielos energetin\u0117 prizm\u0117 susimai\u0161o su strukt\u016briniais (da\u017enai neautenti\u0161kais) realyb\u0117s komponentais.<br data-start=\"654\" data-end=\"657\" \/>Vastika \u2013 senasis terminas, da\u017enai randamas morfogenetin\u0117s kalbos ir archain\u0117s simbolikos tekstuose, rei\u0161kiantis prie\u0161ingos krypties energetin\u012f sukimosi lauk\u0105, kuris neutralizuoja ai\u0161ki\u0105 dvasingumo ar materijos poliarizacij\u0105.<\/p><p class=\"\" data-start=\"896\" data-end=\"910\">\u0160i b\u016bsena yra:<\/p><ul data-start=\"912\" data-end=\"1163\"><li class=\"\" data-start=\"912\" data-end=\"971\"><p class=\"\" data-start=\"914\" data-end=\"971\">Ne nei\u0161sigelb\u0117jusi, nei prarasta, bet sustingusi.<\/p><\/li><li class=\"\" data-start=\"972\" data-end=\"1018\"><p class=\"\" data-start=\"974\" data-end=\"1018\">Tai ne \u0161viesos, bet dar ne tamsos b\u016bvis.<\/p><\/li><li class=\"\" data-start=\"1019\" data-end=\"1163\"><p class=\"\" data-start=\"1021\" data-end=\"1163\">Ji yra egzistencinio neapsisprendimo mazgas, kur siela praranda kontakt\u0105 su monadine intencija, bet dar n\u0117ra nutraukusi ry\u0161io su \u0160altiniu.<\/p><\/li><\/ul><hr class=\"\" data-start=\"1165\" data-end=\"1168\" \/><p data-start=\"1170\" data-end=\"1194\"><strong data-start=\"1177\" data-end=\"1194\">S\u0105vokos kilm\u0117<\/strong><\/p><ul data-start=\"1196\" data-end=\"1756\"><li class=\"\" data-start=\"1196\" data-end=\"1371\"><p class=\"\" data-start=\"1198\" data-end=\"1371\">\u201ePilksvumas\u201c \u010dia rei\u0161kia ne spalvin\u0119 gam\u0105, o egzistencin\u012f spektr\u0105, kuriame s\u0105mon\u0117s da\u017enis suma\u017e\u0117ja tiek, kad nebesugeba skirti auk\u0161tesni\u0173 vibracij\u0173 nuo \u017eemesni\u0173.<\/p><\/li><li class=\"\" data-start=\"1372\" data-end=\"1531\"><p class=\"\" data-start=\"1374\" data-end=\"1531\">\u201eAvangardas\u201c \u0161iuo atveju rei\u0161kia priekin\u0119 linij\u0105 \u2013 tai yra pirmoji s\u0105mon\u0117s linija, kuri ima irti ar mai\u0161ytis, kai siela praranda sav\u0105j\u012f \u017einojim\u0105.<\/p><\/li><li class=\"\" data-start=\"1532\" data-end=\"1756\"><p class=\"\" data-start=\"1534\" data-end=\"1756\">\u201eVastika\u201c i\u0161 \u0161aknies <em data-start=\"1559\" data-end=\"1565\">vas-<\/em> (senoji morfogenetin\u0117 reik\u0161m\u0117: \u201esukti\u201c, \u201etek\u0117ti\u201c, \u201esusimai\u0161yti\u201c) ir da\u017enai siejama su d\u0117sningumu, kuris mai\u0161o dvasines ir materines kryptis, sukuriant ne-stabil\u0173 energetin\u012f vektori\u0173.<\/p><\/li><\/ul><hr class=\"\" data-start=\"1758\" data-end=\"1761\" \/><p data-start=\"1763\" data-end=\"1793\"><strong data-start=\"1770\" data-end=\"1793\">Sandara (strukt\u016bra)<\/strong><\/p><p class=\"\" data-start=\"1795\" data-end=\"1893\">Pilksvumo avangard\u0105 sudaro keli pagrindiniai sluoksniai, kurie yra aktyv\u016bs morfogenetiniame lauke:<\/p><p data-start=\"1895\" data-end=\"1932\">Energetin\u0117s prizm\u0117s l\u016b\u017eis<\/p><ul data-start=\"1933\" data-end=\"2104\"><li class=\"\" data-start=\"1933\" data-end=\"2022\"><p class=\"\" data-start=\"1935\" data-end=\"2022\">Sielos da\u017enis ima lau\u017etis, kai vidinis rezonansas nebepalaiko ry\u0161io su K\u016br\u0117jo kodu.<\/p><\/li><li class=\"\" data-start=\"2023\" data-end=\"2104\"><p class=\"\" data-start=\"2025\" data-end=\"2104\">Prizm\u0117 skleid\u017eia nekoherentin\u0119 \u0161vies\u0105, mai\u0161yt\u0105 su \u017eemi\u0161komis projekcijomis.<\/p><\/li><\/ul><p data-start=\"2106\" data-end=\"2140\">Strukt\u016brinis u\u017etemimas<\/p><ul data-start=\"2141\" data-end=\"2302\"><li class=\"\" data-start=\"2141\" data-end=\"2262\"><p class=\"\" data-start=\"2143\" data-end=\"2262\">Sielos atminties strukt\u016bros pradeda kaupti netyras formas: mentalines matricas, svetimus norus, pseudo-identitetus.<\/p><\/li><li class=\"\" data-start=\"2263\" data-end=\"2302\"><p class=\"\" data-start=\"2265\" data-end=\"2302\">Tai sukuria informacin\u012f u\u017etemim\u0105.<\/p><\/li><\/ul><p data-start=\"2304\" data-end=\"2352\">Egzistencinio kryptingumo praradimas<\/p><ul data-start=\"2353\" data-end=\"2507\"><li class=\"\" data-start=\"2353\" data-end=\"2430\"><p class=\"\" data-start=\"2355\" data-end=\"2430\">Nifteriniai mazgai nebesugeba paskirstyti da\u017eni\u0173 per egocentrinius kanalus.<\/p><\/li><li class=\"\" data-start=\"2431\" data-end=\"2507\"><p class=\"\" data-start=\"2433\" data-end=\"2507\">Atsiranda dezorientacija: \u017emogus nebejau\u010dia, ko i\u0161 tikr\u0173j\u0173 nori siela.<\/p><\/li><\/ul><p data-start=\"2509\" data-end=\"2544\">Rezonansinis disonansas<\/p><ul data-start=\"2545\" data-end=\"2676\"><li class=\"\" data-start=\"2545\" data-end=\"2637\"><p class=\"\" data-start=\"2547\" data-end=\"2637\">Fenomali\u0173 veiksm\u0173 srautas pradeda formuotis i\u0161 ego intencij\u0173, o ne i\u0161 monadinio ry\u0161io.<\/p><\/li><li class=\"\" data-start=\"2638\" data-end=\"2676\"><p class=\"\" data-start=\"2640\" data-end=\"2676\">S\u0105mon\u0117 ima reaguoti, o ne kurti.<\/p><\/li><\/ul><hr class=\"\" data-start=\"2678\" data-end=\"2681\" \/><p data-start=\"2683\" data-end=\"2728\"><strong>Kada atsiranda \u201ePilksvumo avangardas\u201c?<\/strong><\/p><ul data-start=\"2730\" data-end=\"3064\"><li class=\"\" data-start=\"2730\" data-end=\"2810\"><p class=\"\" data-start=\"2732\" data-end=\"2810\">Per egzistencin\u012f nuovarg\u012f \u2013 kai \u017emogus per ilgai yra be dvasin\u0117s krypties.<\/p><\/li><li class=\"\" data-start=\"2811\" data-end=\"2903\"><p class=\"\" data-start=\"2813\" data-end=\"2903\">Po morfogenetinio \u0161oko \u2013 pvz., patyrus laiko linijos i\u0161si\u0161akojim\u0105 ar sielos sukr\u0117tim\u0105.<\/p><\/li><li class=\"\" data-start=\"2904\" data-end=\"2977\"><p class=\"\" data-start=\"2906\" data-end=\"2977\">Esant egzistenciniam kliforijui \u2013 kai \u017emogus pakimba tarp realybi\u0173.<\/p><\/li><li class=\"\" data-start=\"2978\" data-end=\"3064\"><p class=\"\" data-start=\"2980\" data-end=\"3064\">Kai \u017emogus atsisako K\u016br\u0117jo intencijos, bet dar nepriima destruktyvios programos.<\/p><\/li><\/ul><hr class=\"\" data-start=\"3066\" data-end=\"3069\" \/><p data-start=\"3071\" data-end=\"3103\"><strong>Kaip \u0161i\u0105 b\u016bsen\u0105 pakeisti<\/strong>?<\/p><p class=\"\" data-start=\"3108\" data-end=\"3273\">Metamorfozinis susigr\u0105\u017einimas \u2013 tai procesas, kai siela kvie\u010diama atgal per tyros intencijos akt\u0105, da\u017enai per meil\u0117s \u017eybsn\u012f ar egzistencin\u012f suvokim\u0105.<\/p><p class=\"\" data-start=\"3277\" data-end=\"3407\">Egzistencinio rato atstatymas \u2013 kai vakuolinis energetinis ratas v\u0117l pradeda suktis ne i\u0161 inercijos, bet i\u0161 k\u016brybin\u0117s \u0161viesos.<\/p><p class=\"\" data-start=\"3411\" data-end=\"3506\">Kontaktas su K\u016br\u0117jo da\u017eniu \u2013 b\u016btinas fotoninis aktyvavimas i\u0161 vir\u0161s\u0105moningo sielos lygmens.<\/p>\t\t\t\t\t\t\t\t<\/div>\n\t\t\t\t<\/div>\n\t\t\t\t\t<\/div>\n\t\t\t\t<\/div>\n\t\t\t\t<\/div>\n\t\t","protected":false},"excerpt":{"rendered":"<p>Pilk\u0161vumo avangardas Pilksvumo avangardas (angl. Greyveil Vanguard) \u2013 tai egzistencin\u0117-metafizin\u0117 s\u0105voka, susijusi su sielos energetin\u0117s prizm\u0117s s\u0105veika su \u017eemesn\u0117s strukt\u016bros elementais, kai auk\u0161tesnioji s\u0105mon\u0117s dalis patenka \u012f b\u016bsen\u0105 tarp \u0161viesos ir materijos. Tai n\u0117ra tiesiog energetinis ar moralinis \u201epilkumas\u201c, bet pereinamoji b\u016bsena, kai siela praranda ai\u0161k\u0173 orientyr\u0105 tarp K\u016br\u0117jo \u0161viesos ir \u017emogi\u0161kosios inercijos. Apibr\u0117\u017eimas Pilksvumo [&hellip;]<\/p>\n","protected":false},"author":2,"featured_media":0,"parent":0,"menu_order":0,"comment_status":"closed","ping_status":"closed","template":"","meta":{"footnotes":""},"class_list":["post-4294","page","type-page","status-publish","hentry"],"_links":{"self":[{"href":"https:\/\/morphogeneticfield.com\/lt\/wp-json\/wp\/v2\/pages\/4294","targetHints":{"allow":["GET"]}}],"collection":[{"href":"https:\/\/morphogeneticfield.com\/lt\/wp-json\/wp\/v2\/pages"}],"about":[{"href":"https:\/\/morphogeneticfield.com\/lt\/wp-json\/wp\/v2\/types\/page"}],"author":[{"embeddable":true,"href":"https:\/\/morphogeneticfield.com\/lt\/wp-json\/wp\/v2\/users\/2"}],"replies":[{"embeddable":true,"href":"https:\/\/morphogeneticfield.com\/lt\/wp-json\/wp\/v2\/comments?post=4294"}],"version-history":[{"count":0,"href":"https:\/\/morphogeneticfield.com\/lt\/wp-json\/wp\/v2\/pages\/4294\/revisions"}],"wp:attachment":[{"href":"https:\/\/morphogeneticfield.com\/lt\/wp-json\/wp\/v2\/media?parent=4294"}],"curies":[{"name":"wp","href":"https:\/\/api.w.org\/{rel}","templated":true}]}}