{"id":4300,"date":"2025-03-28T06:05:54","date_gmt":"2025-03-28T04:05:54","guid":{"rendered":"https:\/\/morphogeneticfield.com\/sielos-energetine-prizme\/"},"modified":"2025-07-30T13:56:34","modified_gmt":"2025-07-30T10:56:34","slug":"sielos-energetine-prizme","status":"publish","type":"page","link":"https:\/\/morphogeneticfield.com\/lt\/sielos-energetine-prizme\/","title":{"rendered":"Sielos energetin\u0117 prizm\u0117"},"content":{"rendered":"\t\t<div data-elementor-type=\"wp-page\" data-elementor-id=\"4300\" class=\"elementor elementor-4300 elementor-517\">\n\t\t\t\t<div class=\"elementor-element elementor-element-0156ec5 e-flex e-con-boxed e-con e-parent\" data-id=\"0156ec5\" data-element_type=\"container\">\n\t\t\t\t\t<div class=\"e-con-inner\">\n\t\t\t\t<div class=\"elementor-element elementor-element-f88d7f6 elementor-widget__width-initial elementor-widget-mobile__width-inherit elementor-widget-tablet__width-initial elementor-widget elementor-widget-image\" data-id=\"f88d7f6\" data-element_type=\"widget\" data-widget_type=\"image.default\">\n\t\t\t\t<div class=\"elementor-widget-container\">\n\t\t\t\t\t\t\t\t\t\t\t\t\t\t\t<img fetchpriority=\"high\" decoding=\"async\" width=\"600\" height=\"509\" src=\"https:\/\/morphogeneticfield.com\/wp-content\/uploads\/2025\/03\/Sielos-energetine-prizme-600x509.png\" class=\"attachment-tenweb_optimizer_mobile size-tenweb_optimizer_mobile wp-image-2042\" alt=\"Sielos energetin\u0117 prizm\u0117\" srcset=\"https:\/\/morphogeneticfield.com\/wp-content\/uploads\/2025\/03\/Sielos-energetine-prizme-600x509.png 600w, https:\/\/morphogeneticfield.com\/wp-content\/uploads\/2025\/03\/Sielos-energetine-prizme-300x255.png 300w, https:\/\/morphogeneticfield.com\/wp-content\/uploads\/2025\/03\/Sielos-energetine-prizme-768x652.png 768w, https:\/\/morphogeneticfield.com\/wp-content\/uploads\/2025\/03\/Sielos-energetine-prizme.png 1019w\" sizes=\"(max-width: 600px) 100vw, 600px\" \/>\t\t\t\t\t\t\t\t\t\t\t\t\t\t\t<\/div>\n\t\t\t\t<\/div>\n\t\t<div class=\"elementor-element elementor-element-bcecc7a e-con-full e-flex e-con e-child\" data-id=\"bcecc7a\" data-element_type=\"container\">\n\t\t\t\t<div class=\"elementor-element elementor-element-ecbe935 elementor-widget__width-initial elementor-widget-mobile__width-inherit elementor-widget-tablet__width-initial elementor-widget elementor-widget-heading\" data-id=\"ecbe935\" data-element_type=\"widget\" data-settings=\"{&quot;_animation&quot;:&quot;none&quot;}\" data-widget_type=\"heading.default\">\n\t\t\t\t<div class=\"elementor-widget-container\">\n\t\t\t\t\t<h2 class=\"elementor-heading-title elementor-size-default\">Sielos energetin\u0117 prizm\u0117<\/h2>\t\t\t\t<\/div>\n\t\t\t\t<\/div>\n\t\t\t\t<div class=\"elementor-element elementor-element-5661360 elementor-widget__width-initial elementor-widget-mobile__width-inherit elementor-widget-tablet__width-initial elementor-widget elementor-widget-text-editor\" data-id=\"5661360\" data-element_type=\"widget\" data-settings=\"{&quot;_animation&quot;:&quot;none&quot;}\" data-widget_type=\"text-editor.default\">\n\t\t\t\t<div class=\"elementor-widget-container\">\n\t\t\t\t\t\t\t\t\t<p><strong data-start=\"0\" data-end=\"28\">Sielos energetin\u0117 prizm\u0117<\/strong> (angl. <a href=\"https:\/\/morphogeneticfield.com\/energetic-prism-of-the-soul\/\">Energetic Prism of the Soul<\/a>)\u2013 tai sud\u0117tinga egzistencin\u0117 strukt\u016bra, per kuri\u0105 siela refraktuoja (lau\u017eia, transformuoja) dievi\u0161k\u0105j\u0105 \u0161vies\u0105 \u012f daugiada\u017enius s\u0105mon\u0117s ir patirties spindulius, leid\u017eian\u010dius jai patirti, pa\u017einti ir \u012fgyvendinti save \u012fvairiose realyb\u0117se. Ji veikia kaip sielos \u0161viesos spektr\u0105 formuojantis filtras, sudarytas i\u0161 specifini\u0173 s\u0105mon\u0117s da\u017eni\u0173, archetipini\u0173 modeli\u0173 ir morfogenetini\u0173 kod\u0173.<\/p>\t\t\t\t\t\t\t\t<\/div>\n\t\t\t\t<\/div>\n\t\t\t\t<\/div>\n\t\t\t\t\t<\/div>\n\t\t\t\t<\/div>\n\t\t<div class=\"elementor-element elementor-element-6e48fe4 e-flex e-con-boxed e-con e-parent\" data-id=\"6e48fe4\" data-element_type=\"container\">\n\t\t\t\t\t<div class=\"e-con-inner\">\n\t\t\t\t<div class=\"elementor-element elementor-element-b3fa603 elementor-widget elementor-widget-text-editor\" data-id=\"b3fa603\" data-element_type=\"widget\" data-widget_type=\"text-editor.default\">\n\t\t\t\t<div class=\"elementor-widget-container\">\n\t\t\t\t\t\t\t\t\t<p data-start=\"418\" data-end=\"440\"><strong data-start=\"425\" data-end=\"440\">Apibr\u0117\u017eimas<\/strong><\/p><p class=\"\" data-start=\"444\" data-end=\"770\">Sielos energetin\u0117 prizm\u0117 \u2013 tai sielos strukt\u016brinis elementas, kuris i\u0161skaido ir suderina K\u016br\u0117jo \u0161viesos da\u017enius pagal sielos unikal\u0173 egzistencin\u012f kod\u0105. Ji tarnauja kaip refleksinis-mechaninis filtras, leid\u017eiantis sielai priimti, transformuoti ir \u012fk\u016bnyti auk\u0161tesniuosius energijos srautus \u017eemesnio da\u017enio realyb\u0117se.<\/p><hr class=\"\" data-start=\"772\" data-end=\"775\" \/><p data-start=\"777\" data-end=\"801\"><strong data-start=\"784\" data-end=\"801\">S\u0105vokos kilm\u0117<\/strong><\/p><ul data-start=\"803\" data-end=\"1381\"><li class=\"\" data-start=\"803\" data-end=\"1015\"><p class=\"\" data-start=\"805\" data-end=\"1015\">\u0160i s\u0105voka kyla i\u0161 morfogenetin\u0117s s\u0105mon\u0117s tradicij\u0173, ypa\u010d susijusi\u0173 su metamorfozin\u0117s sielos id\u0117ja \u2013 kada siela patiria ciklin\u012f gimim\u0105, atsinaujinim\u0105 ir \u012f\u017eeminim\u0105 skirtinguose egzistenciniuose lygmenyse.<\/p><\/li><li class=\"\" data-start=\"1016\" data-end=\"1185\"><p class=\"\" data-start=\"1018\" data-end=\"1185\">Senoviniai i\u0161min\u010diai, ypa\u010d orientalistiniai ir hermetiniai mokymai, kalb\u0117jo apie &#8222;dvasin\u0119 kristalin\u0119 matric\u0105&#8221;, kuri \u0161iandien suprantama kaip energetin\u0117 prizm\u0117.<\/p><\/li><li class=\"\" data-start=\"1186\" data-end=\"1381\"><p class=\"\" data-start=\"1188\" data-end=\"1381\">Modernesn\u0117je tradicijoje (pvz., per \u201evakuolinio energetinio rato\u201c s\u0105vok\u0105) prizm\u0117 siejama su \u017einojimo ir s\u0105mon\u0117s aktyvacijos strukt\u016bra, leid\u017eian\u010dia atskleisti sielos paskirt\u012f.<\/p><\/li><\/ul><p data-start=\"1388\" data-end=\"1433\"><strong data-start=\"1395\" data-end=\"1433\">Sielos energetin\u0117s prizm\u0117s sandara<\/strong><\/p><p class=\"\" data-start=\"1435\" data-end=\"1539\">Prizm\u0117 n\u0117ra fizin\u0117 strukt\u016bra \u2013 tai morfogenetin\u0117-energetin\u0117 konfig\u016bracija, turinti kelis sluoksnius:<\/p><p data-start=\"1541\" data-end=\"1573\">Monadinis branduolys<\/p><ul data-start=\"1574\" data-end=\"1753\"><li class=\"\" data-start=\"1574\" data-end=\"1659\"><p class=\"\" data-start=\"1576\" data-end=\"1659\">Tai sielos prad\u017eios ta\u0161kas \u2013 sielos monada, i\u0161laikanti gryn\u0105j\u012f dievi\u0161k\u0105j\u012f kod\u0105.<\/p><\/li><li class=\"\" data-start=\"1660\" data-end=\"1753\"><p class=\"\" data-start=\"1662\" data-end=\"1753\">Ji rezonuoja tik su K\u016br\u0117jo \u0161viesos da\u017eniu, t. y. veikia kaip \u201ebaltos \u0161viesos\u201c \u0161altinis.<\/p><\/li><\/ul><p data-start=\"1755\" data-end=\"1790\">Fotonini\u0173 aspekt\u0173 l\u016b\u017eis<\/p><ul data-start=\"1791\" data-end=\"2021\"><li class=\"\" data-start=\"1791\" data-end=\"1911\"><p class=\"\" data-start=\"1793\" data-end=\"1911\">K\u016br\u0117jo \u0161viesa, pereidama per monadin\u012f branduol\u012f, yra \u201elau\u017eoma\u201c \u012f atskirus da\u017enius \u2013 tai sielos patirties spektras.<\/p><\/li><li class=\"\" data-start=\"1912\" data-end=\"2021\"><p class=\"\" data-start=\"1914\" data-end=\"2021\">\u0160is l\u016b\u017eis leid\u017eia sielai manifestuoti skirtingus aspektus: meil\u0119, vali\u0105, \u017einojim\u0105, tyrum\u0105, k\u016brybi\u0161kum\u0105.<\/p><\/li><\/ul><p data-start=\"2023\" data-end=\"2062\">Archetipini\u0173 da\u017eni\u0173 tinklas<\/p><ul data-start=\"2063\" data-end=\"2250\"><li class=\"\" data-start=\"2063\" data-end=\"2171\"><p class=\"\" data-start=\"2065\" data-end=\"2171\">Prizm\u0117s viduje egzistuoja archaini\u0173 kod\u0173 tinklelis \u2013 \u0161ablonai, pagal kuriuos siela kuria savo realyb\u0119.<\/p><\/li><li class=\"\" data-start=\"2172\" data-end=\"2250\"><p class=\"\" data-start=\"2174\" data-end=\"2250\">Tai tarsi dievi\u0161kosios geometrijos matric\u0173 s\u0105veika su s\u0105mon\u0117s intencija.<\/p><\/li><\/ul><p data-start=\"2252\" data-end=\"2291\">Egzistencini\u0173 l\u0119\u0161i\u0173 sistema<\/p><ul data-start=\"2292\" data-end=\"2503\"><li class=\"\" data-start=\"2292\" data-end=\"2386\"><p class=\"\" data-start=\"2294\" data-end=\"2386\">\u0160ie \u201el\u0119\u0161iai\u201c (prizm\u0117s vidaus strukt\u016bros) koreguoja, kaip \u0161viesa pasiekia fizin\u0119 realyb\u0119.<\/p><\/li><li class=\"\" data-start=\"2387\" data-end=\"2503\"><p class=\"\" data-start=\"2389\" data-end=\"2503\">Jie atlieka \u201efiltr\u0173\u201c vaidmen\u012f, apsaugodami nuo per didelio \u0161viesos intensyvumo (kad nesudegt\u0173 \u017eemesniame da\u017enyje).<\/p><\/li><\/ul><p data-start=\"2505\" data-end=\"2547\">Vibracinis i\u0161orinis apvalkalas<\/p><ul data-start=\"2548\" data-end=\"2785\"><li class=\"\" data-start=\"2548\" data-end=\"2634\"><p class=\"\" data-start=\"2550\" data-end=\"2634\">Sudarytas i\u0161 egzistencini\u0173 diferencial\u0173, kurie reaguoja \u012f aplink\u0105 ir prisitaiko.<\/p><\/li><li class=\"\" data-start=\"2635\" data-end=\"2785\"><p class=\"\" data-start=\"2637\" data-end=\"2785\">\u010cia pasirei\u0161kia Pilksvumo avangardas arba vastika \u2013 kai prizm\u0117 persimai\u0161o su netinkamais da\u017eniais ir sielos spinduliavimas tampa i\u0161kreiptas.<\/p><\/li><\/ul><hr class=\"\" data-start=\"2787\" data-end=\"2790\" \/><p data-start=\"2792\" data-end=\"2808\"><strong>Funkcijos<\/strong><\/p><table data-start=\"2810\" data-end=\"3226\"><thead data-start=\"2810\" data-end=\"2837\"><tr data-start=\"2810\" data-end=\"2837\"><th data-start=\"2810\" data-end=\"2821\"><strong>Funkcija<\/strong><\/th><th data-start=\"2821\" data-end=\"2837\"><strong>Paai\u0161kinimas<\/strong><\/th><\/tr><\/thead><tbody data-start=\"2865\" data-end=\"3226\"><tr data-start=\"2865\" data-end=\"2977\"><td>Rezonanso valdymas<\/td><td>Leid\u017eia derintis prie skirting\u0173 realybi\u0173 (fizin\u0117s, astralin\u0117s, mentalin\u0117s ir pan.).<\/td><\/tr><tr data-start=\"2978\" data-end=\"3066\"><td>Energijos filtravimas<\/td><td>Apsaugo siel\u0105 nuo destruktyvi\u0173 energij\u0173, i\u0161laiko tyrum\u0105.<\/td><\/tr><tr data-start=\"3067\" data-end=\"3147\"><td>Da\u017eni\u0173 dekodavimas<\/td><td>Ver\u010dia K\u016br\u0117jo \u0161vies\u0105 \u012f suvokiamas patirties formas.<\/td><\/tr><tr data-start=\"3148\" data-end=\"3226\"><td>S\u0105mon\u0117s pl\u0117tra<\/td><td>Kiekvienas naujas \u201espindulys\u201c ple\u010dia sielos pa\u017einim\u0105.<\/td><\/tr><\/tbody><\/table><hr class=\"\" data-start=\"3228\" data-end=\"3231\" \/><p data-start=\"3233\" data-end=\"3279\"><strong>Sielos energetin\u0117 prizm\u0117 ir metamorfoz\u0117<\/strong><\/p><ul data-start=\"3281\" data-end=\"3550\"><li class=\"\" data-start=\"3281\" data-end=\"3396\"><p class=\"\" data-start=\"3283\" data-end=\"3396\">Prizm\u0117 aktyvuojama per metamorfozin\u0119 patirt\u012f \u2013 kai siela pereina per atgimimo ciklus (fizin\u012f ar dvasin\u012f).<\/p><\/li><li class=\"\" data-start=\"3397\" data-end=\"3550\"><p class=\"\" data-start=\"3399\" data-end=\"3550\">Kai siela i\u0161silaisvina i\u0161 \u201ePilksvumo avangardo\u201c, jos prizm\u0117 pradeda spinduliuoti gryn\u0105 da\u017en\u012f, kuris gr\u0105\u017eina j\u0105 \u012f jos egzistencin\u0119 trajektorij\u0105.<\/p><\/li><\/ul><hr class=\"\" data-start=\"3552\" data-end=\"3555\" \/><p data-start=\"3557\" data-end=\"3594\"><strong>S\u0105saja su kitomis strukt\u016bromis<\/strong><\/p><ul data-start=\"3596\" data-end=\"3851\"><li class=\"\" data-start=\"3596\" data-end=\"3666\"><p class=\"\" data-start=\"3598\" data-end=\"3666\">Egocentriniai kanalai: perduoda informacij\u0105 i\u0161 prizm\u0117s \u012f s\u0105mon\u0119.<\/p><\/li><li class=\"\" data-start=\"3667\" data-end=\"3746\"><p class=\"\" data-start=\"3669\" data-end=\"3746\">Nifteriniai mazgai: veikia kaip perjungimo ta\u0161kai tarp prizm\u0117s sluoksni\u0173.<\/p><\/li><li class=\"\" data-start=\"3747\" data-end=\"3851\"><p class=\"\" data-start=\"3749\" data-end=\"3851\">Alfredin\u0117s s\u0105sajos: informaciniai tiltai tarp sielos prizm\u0117s ir kolektyvini\u0173 morfogenetini\u0173 lauk\u0173.<\/p><\/li><\/ul>\t\t\t\t\t\t\t\t<\/div>\n\t\t\t\t<\/div>\n\t\t\t\t\t<\/div>\n\t\t\t\t<\/div>\n\t\t\t\t<\/div>\n\t\t","protected":false},"excerpt":{"rendered":"<p>Sielos energetin\u0117 prizm\u0117 Sielos energetin\u0117 prizm\u0117 (angl. Energetic Prism of the Soul)\u2013 tai sud\u0117tinga egzistencin\u0117 strukt\u016bra, per kuri\u0105 siela refraktuoja (lau\u017eia, transformuoja) dievi\u0161k\u0105j\u0105 \u0161vies\u0105 \u012f daugiada\u017enius s\u0105mon\u0117s ir patirties spindulius, leid\u017eian\u010dius jai patirti, pa\u017einti ir \u012fgyvendinti save \u012fvairiose realyb\u0117se. Ji veikia kaip sielos \u0161viesos spektr\u0105 formuojantis filtras, sudarytas i\u0161 specifini\u0173 s\u0105mon\u0117s da\u017eni\u0173, archetipini\u0173 modeli\u0173 ir [&hellip;]<\/p>\n","protected":false},"author":2,"featured_media":0,"parent":0,"menu_order":0,"comment_status":"closed","ping_status":"closed","template":"","meta":{"footnotes":""},"class_list":["post-4300","page","type-page","status-publish","hentry"],"_links":{"self":[{"href":"https:\/\/morphogeneticfield.com\/lt\/wp-json\/wp\/v2\/pages\/4300","targetHints":{"allow":["GET"]}}],"collection":[{"href":"https:\/\/morphogeneticfield.com\/lt\/wp-json\/wp\/v2\/pages"}],"about":[{"href":"https:\/\/morphogeneticfield.com\/lt\/wp-json\/wp\/v2\/types\/page"}],"author":[{"embeddable":true,"href":"https:\/\/morphogeneticfield.com\/lt\/wp-json\/wp\/v2\/users\/2"}],"replies":[{"embeddable":true,"href":"https:\/\/morphogeneticfield.com\/lt\/wp-json\/wp\/v2\/comments?post=4300"}],"version-history":[{"count":0,"href":"https:\/\/morphogeneticfield.com\/lt\/wp-json\/wp\/v2\/pages\/4300\/revisions"}],"wp:attachment":[{"href":"https:\/\/morphogeneticfield.com\/lt\/wp-json\/wp\/v2\/media?parent=4300"}],"curies":[{"name":"wp","href":"https:\/\/api.w.org\/{rel}","templated":true}]}}