{"id":4334,"date":"2025-03-21T05:27:32","date_gmt":"2025-03-21T03:27:32","guid":{"rendered":"https:\/\/morphogeneticfield.com\/biciu-morfogenetinio-lauko-poveikis-autistiskiems-vaikams\/"},"modified":"2025-07-29T22:05:15","modified_gmt":"2025-07-29T19:05:15","slug":"biciu-morfogenetinio-lauko-poveikis-autistiskiems-vaikams","status":"publish","type":"page","link":"https:\/\/morphogeneticfield.com\/lt\/biciu-morfogenetinio-lauko-poveikis-autistiskiems-vaikams\/","title":{"rendered":"Bi\u010di\u0173 morfogenetinio lauko poveikis autisti\u0161kiems vaikams"},"content":{"rendered":"\t\t<div data-elementor-type=\"wp-page\" data-elementor-id=\"4334\" class=\"elementor elementor-4334 elementor-348\">\n\t\t\t\t<div class=\"elementor-element elementor-element-630fc4f e-flex e-con-boxed e-con e-parent\" data-id=\"630fc4f\" data-element_type=\"container\">\n\t\t\t\t\t<div class=\"e-con-inner\">\n\t\t\t\t<div class=\"elementor-element elementor-element-0d0e1b1 elementor-widget__width-initial elementor-widget-mobile__width-inherit elementor-widget-tablet__width-initial elementor-widget elementor-widget-image\" data-id=\"0d0e1b1\" data-element_type=\"widget\" data-widget_type=\"image.default\">\n\t\t\t\t<div class=\"elementor-widget-container\">\n\t\t\t\t\t\t\t\t\t\t\t\t\t\t\t<img fetchpriority=\"high\" decoding=\"async\" width=\"600\" height=\"338\" src=\"https:\/\/morphogeneticfield.com\/wp-content\/uploads\/2025\/03\/image_1-600x338.webp\" class=\"attachment-tenweb_optimizer_mobile size-tenweb_optimizer_mobile wp-image-2030\" alt=\"Bi\u010di\u0173 morfogenetinio lauko poveikis autisti\u0161kiems vaikams\" srcset=\"https:\/\/morphogeneticfield.com\/wp-content\/uploads\/2025\/03\/image_1-600x338.webp 600w, https:\/\/morphogeneticfield.com\/wp-content\/uploads\/2025\/03\/image_1-300x169.webp 300w, https:\/\/morphogeneticfield.com\/wp-content\/uploads\/2025\/03\/image_1-768x432.webp 768w, https:\/\/morphogeneticfield.com\/wp-content\/uploads\/2025\/03\/image_1.webp 1024w\" sizes=\"(max-width: 600px) 100vw, 600px\" \/>\t\t\t\t\t\t\t\t\t\t\t\t\t\t\t<\/div>\n\t\t\t\t<\/div>\n\t\t<div class=\"elementor-element elementor-element-f26d010 e-con-full e-flex e-con e-child\" data-id=\"f26d010\" data-element_type=\"container\">\n\t\t\t\t<div class=\"elementor-element elementor-element-a58096b elementor-widget__width-initial elementor-widget-mobile__width-inherit elementor-widget-tablet__width-initial elementor-widget elementor-widget-heading\" data-id=\"a58096b\" data-element_type=\"widget\" data-settings=\"{&quot;_animation&quot;:&quot;none&quot;}\" data-widget_type=\"heading.default\">\n\t\t\t\t<div class=\"elementor-widget-container\">\n\t\t\t\t\t<h2 class=\"elementor-heading-title elementor-size-default\">Bi\u010di\u0173 morfogenetinio lauko poveikis autisti\u0161kiems vaikams<\/h2>\t\t\t\t<\/div>\n\t\t\t\t<\/div>\n\t\t\t\t<div class=\"elementor-element elementor-element-2af368f elementor-widget__width-initial elementor-widget-mobile__width-inherit elementor-widget-tablet__width-initial elementor-widget elementor-widget-text-editor\" data-id=\"2af368f\" data-element_type=\"widget\" data-settings=\"{&quot;_animation&quot;:&quot;none&quot;}\" data-widget_type=\"text-editor.default\">\n\t\t\t\t<div class=\"elementor-widget-container\">\n\t\t\t\t\t\t\t\t\t<p>Bi\u010di\u0173 <a href=\"https:\/\/gijimas.10web.me\/morfogenetinis-laukas\/\" target=\"_blank\" rel=\"noopener\">morfogenetinis laukas<\/a> turi unikali\u0173 savybi\u0173, kurios gali b\u016bti itin naudingos <a href=\"https:\/\/gijimas.10web.me\/autizmas\/\" target=\"_blank\" rel=\"noopener\">autisti\u0161kiems<\/a> vaikams, ypa\u010d tiems, kuri\u0173 s\u0105mon\u0117 turi auk\u0161t\u0105 energetin\u012f da\u017en\u012f, ta\u010diau sunkiai \u012fsitvirtina fizin\u0117je realyb\u0117je.\u00a0<\/p>\t\t\t\t\t\t\t\t<\/div>\n\t\t\t\t<\/div>\n\t\t\t\t<\/div>\n\t\t\t\t\t<\/div>\n\t\t\t\t<\/div>\n\t\t<div class=\"elementor-element elementor-element-323ebd1 e-flex e-con-boxed e-con e-parent\" data-id=\"323ebd1\" data-element_type=\"container\">\n\t\t\t\t\t<div class=\"e-con-inner\">\n\t\t\t\t<div class=\"elementor-element elementor-element-d24ecba elementor-widget elementor-widget-text-editor\" data-id=\"d24ecba\" data-element_type=\"widget\" data-widget_type=\"text-editor.default\">\n\t\t\t\t<div class=\"elementor-widget-container\">\n\t\t\t\t\t\t\t\t\t<p>Kadangi autisti\u0161ki vaikai da\u017enai veikia kaip morfogenetiniai inkarai tarp skirting\u0173 egzistencini\u0173 strukt\u016br\u0173, j\u0173 s\u0105veika su bi\u010di\u0173 vibracijomis gali pad\u0117ti stabilizuoti j\u0173 s\u0105mon\u0117s lauk\u0105 ir palengvinti fizin\u0117s realyb\u0117s integracij\u0105.<\/p><p><strong><em>Svarbi pastaba:<\/em><\/strong><\/p><p><em>Publikuojamas svetain\u0117je turinys n\u0117ra medicinin\u0117 rekomendacija ir n\u0117ra grind\u017eiamas oficialiais klinikiniais tyrimais, tod\u0117l negali b\u016bti laikomas pagrindu gydymui ar diagnozei.<\/em><\/p><p><em>Kadangi kiekvieno asmens sveikatos b\u016bkl\u0117 yra unikali, prie\u0161 priimant bet kokius su sveikata susijusius sprendimus rekomenduojama pasitarti su gydytoju ar kitu kvalifikuotu sveikatos prie\u017ei\u016bros specialistu.<\/em><\/p><p data-start=\"455\" data-end=\"523\"><strong data-start=\"459\" data-end=\"523\">Bi\u010di\u0173 morfogenetinio lauko poveikis autisti\u0161kiems vaikams<\/strong><\/p><p data-start=\"524\" data-end=\"606\">Bi\u010di\u0173 laukas gali pad\u0117ti autisti\u0161kiems vaikams per \u0161iuos pagrindinius mechanizmus:<\/p><p data-start=\"608\" data-end=\"648\"><strong data-start=\"613\" data-end=\"648\">A. Nerv\u0173 sistemos stabilizacija<\/strong><\/p><ul data-start=\"649\" data-end=\"1169\"><li data-start=\"649\" data-end=\"812\"><p>Bi\u010di\u0173 vibracijos nat\u016braliai sukuria alfa ir teta smegen\u0173 bang\u0173 aktyvacij\u0105, kurios yra susijusios su ramybe, d\u0117mesio koncentracija ir emocine pusiausvyra.<\/p><\/li><li data-start=\"813\" data-end=\"1034\"><p>Kadangi daugelis autisti\u0161k\u0173 vaik\u0173 turi hiperaktyv\u0173 nerv\u0173 tinkl\u0105 arba yra jautr\u016bs elektromagnetiniams laukams, bi\u010di\u0173 skleid\u017eiamas nat\u016bralus bioelektromagnetinis laukas gali subalansuoti j\u0173 neurologinius impulsus.<\/p><\/li><li data-start=\"1035\" data-end=\"1169\"><p>Bi\u010di\u0173 garsai sukuria rezonansin\u012f efekt\u0105, kuris gali suma\u017einti jutimo perkrov\u0105, da\u017enai pasirei\u0161kian\u010di\u0105 autisti\u0161kiems vaikams.<\/p><\/li><\/ul><p data-start=\"1171\" data-end=\"1217\"><strong data-start=\"1176\" data-end=\"1217\">B. Morfogenetinio lauko harmonizacija<\/strong><\/p><ul data-start=\"1218\" data-end=\"1742\"><li data-start=\"1218\" data-end=\"1340\"><p>Bi\u010di\u0173 laukas veikia kaip informacinis stabilizatorius, kuris gali pad\u0117ti sureguliuoti vaiko morfogenetin\u012f lauk\u0105.<\/p><\/li><li data-start=\"1341\" data-end=\"1563\"><p>Autisti\u0161ki vaikai da\u017enai turi \u201ei\u0161pl\u0117st\u0105\u201c morfogenetin\u012f lauk\u0105, kuris n\u0117ra pilnai integruotas \u012f fizin\u0119 realyb\u0119. Bi\u010di\u0173 laukas gali veikti kaip sujungiantis inkaras, padedantis sustiprinti j\u0173 s\u0105veik\u0105 su fiziniu k\u016bnu.<\/p><\/li><li data-start=\"1564\" data-end=\"1742\"><p>Nifteriniai mazgai, esantys bi\u010di\u0173 s\u0105mon\u0117s tinkle, gali pad\u0117ti suderinti autisti\u0161k\u0173 vaik\u0173 egocentrines s\u0105sajas, leisdami jiems jaustis labiau \u012fsitvirtinusiems aplinkoje.<\/p><\/li><\/ul><p data-start=\"1744\" data-end=\"1780\"><strong data-start=\"1749\" data-end=\"1780\">C. Komunikacijos aktyvacija<\/strong><\/p><ul data-start=\"1781\" data-end=\"2284\"><li data-start=\"1781\" data-end=\"1993\"><p>Bi\u010di\u0173 s\u0105mon\u0117 veikia per telepatinius kanalus, o daugelis autisti\u0161k\u0173 vaik\u0173 taip pat turi stiprias telepatines galimybes. S\u0105veika su bi\u010di\u0173 lauku gali pad\u0117ti jiems atrakinti neverbalinius bendravimo b\u016bdus.<\/p><\/li><li data-start=\"1994\" data-end=\"2165\"><p>Kadangi bit\u0117s funkcionuoja per kolektyvin\u0119 s\u0105mon\u0119, jos gali pad\u0117ti vaikui geriau suvokti socialinius ry\u0161ius ir sustiprinti jo energetinius komunikacijos kanalus.<\/p><\/li><li data-start=\"2166\" data-end=\"2284\"><p>Bi\u010di\u0173 laukas nat\u016braliai stiprina \u0161irdies ir smegen\u0173 koherencij\u0105, kas gali pagerinti emocinio atsako mechanizmus.<\/p><\/li><\/ul><p data-start=\"2286\" data-end=\"2327\"><strong data-start=\"2291\" data-end=\"2327\">D. Emocin\u0117s b\u016bsenos reguliavimas<\/strong><\/p><ul data-start=\"2328\" data-end=\"2851\"><li data-start=\"2328\" data-end=\"2485\"><p>Bi\u010di\u0173 skleid\u017eiama \u0161iluma ir garsai veikia raminan\u010diai, tod\u0117l jie gali suma\u017einti nerim\u0105 ir sensorin\u012f jautrum\u0105, kuris b\u016bdingas autisti\u0161kiems vaikams.<\/p><\/li><li data-start=\"2486\" data-end=\"2719\"><p>Tyrimai rodo, kad bi\u010di\u0173 garsai ir vibracijos gali stimuliuoti smegen\u0173 gaminamus neuromediatorius, tokius kaip:<\/p><ul data-start=\"2605\" data-end=\"2719\"><li data-start=\"2605\" data-end=\"2657\"><p>Serotoninas (suteikiantis ramyb\u0119 ir stabilum\u0105)<\/p><\/li><li data-start=\"2660\" data-end=\"2719\"><p>Oksitocinas (stiprinantis socialin\u012f ry\u0161\u012f ir empatij\u0105)<\/p><\/li><\/ul><\/li><li data-start=\"2720\" data-end=\"2851\"><p>Bit\u0117s kuria specifin\u012f harmonijos lauk\u0105, kuris gali pad\u0117ti vaikui jaustis saugiau ir ma\u017eiau patirti emocinius \u201ei\u0161sibarstymus\u201c.<\/p><\/li><\/ul><p data-start=\"2853\" data-end=\"2904\"><strong data-start=\"2858\" data-end=\"2904\">E. Fizinis ir imunin\u0117s sistemos palaikymas<\/strong><\/p><ul data-start=\"2905\" data-end=\"3379\"><li data-start=\"2905\" data-end=\"3065\"><p>Bi\u010di\u0173 skleid\u017eiami fotoniniai aktyvatoriai gali pad\u0117ti sustiprinti autisti\u0161k\u0173 vaik\u0173 imunin\u0119 sistem\u0105, kuri da\u017enai b\u016bna jautresn\u0117 nei neurotipini\u0173 vaik\u0173.<\/p><\/li><li data-start=\"3066\" data-end=\"3236\"><p>Bi\u010di\u0173 produktai, tokie kaip medus, propolis, bi\u010di\u0173 pienelis, turi bioaktyvi\u0173 jungini\u0173, kurie pagerina neurologini\u0173 tinkl\u0173 veikl\u0105 ir palaiko smegen\u0173 neurogenez\u0119.<\/p><\/li><li data-start=\"3237\" data-end=\"3379\"><p>Bi\u010di\u0173 avilio terapija (gul\u0117jimas ant bi\u010di\u0173 avilio) gali pad\u0117ti atkurti energetinius blokus ir pagerinti k\u016bno ir s\u0105mon\u0117s integracij\u0105.<\/p><\/li><\/ul><hr data-start=\"3381\" data-end=\"3384\" \/><p data-start=\"3386\" data-end=\"3459\"><strong data-start=\"3390\" data-end=\"3459\">Praktiniai b\u016bdai, kaip bit\u0117s gali pad\u0117ti autisti\u0161kiems vaikams<\/strong><\/p><p data-start=\"3460\" data-end=\"3493\"><strong data-start=\"3465\" data-end=\"3493\">A. Bi\u010di\u0173 avilio terapija<\/strong><\/p><ul data-start=\"3494\" data-end=\"3818\"><li data-start=\"3494\" data-end=\"3595\"><p>Tai procesas, kai vaikas s\u0117di ar guli ant bi\u010di\u0173 avilio, pajusdamas nat\u016bralias bi\u010di\u0173 vibracijas.<\/p><\/li><li data-start=\"3596\" data-end=\"3702\"><p>\u0160i terapija gali pagerinti d\u0117mesio koncentracij\u0105, suma\u017einti stres\u0105 ir sustiprinti k\u016bno-s\u0105mon\u0117s ry\u0161\u012f.<\/p><\/li><li data-start=\"3703\" data-end=\"3818\"><p>Vibracinis efektas padeda subalansuoti vaiko energetin\u012f lauk\u0105, tod\u0117l jam lengviau prisitaikyti prie aplinkos.<\/p><\/li><\/ul><p data-start=\"3820\" data-end=\"3870\"><strong data-start=\"3825\" data-end=\"3870\">B. Apiterapija (gydymas bi\u010di\u0173 produktais)<\/strong><\/p><ul data-start=\"3871\" data-end=\"4307\"><li data-start=\"3871\" data-end=\"4033\"><p>Bi\u010di\u0173 pienelis ir propolis gali pad\u0117ti sureguliuoti neurologinius impulsus, suma\u017einti u\u017edegiminius procesus smegenyse ir sustiprinti nerv\u0173 regeneracij\u0105.<\/p><\/li><li data-start=\"4034\" data-end=\"4188\"><p>Medus su \u017eiedadulk\u0117mis gali pad\u0117ti suaktyvinti serotonino ir dopamino gamyb\u0105, kas svarbu autisti\u0161kiems vaikams, turintiems nuotaikos svyravimus.<\/p><\/li><li data-start=\"4189\" data-end=\"4307\"><p>Bi\u010di\u0173 nuodai (mikroterapija) gali stimuliuoti smegen\u0173 neuroplasticum\u0105, ta\u010diau reikia specialisto prie\u017ei\u016bros.<\/p><\/li><\/ul><p data-start=\"4309\" data-end=\"4373\"><strong data-start=\"4314\" data-end=\"4373\">C. Bi\u010di\u0173 vibracijos terapija (garso ir da\u017eni\u0173 poveikis)<\/strong><\/p><ul data-start=\"4374\" data-end=\"4623\"><li data-start=\"4374\" data-end=\"4517\"><p>Bi\u010di\u0173 d\u016bzgesys skleid\u017eia specifinius da\u017enius, kurie gali sukelti smegen\u0173 bang\u0173 sinchronizacij\u0105 ir pad\u0117ti suma\u017einti jutimin\u0119 perkrov\u0105.<\/p><\/li><li data-start=\"4518\" data-end=\"4623\"><p>Gali b\u016bti naudojami bi\u010di\u0173 gars\u0173 \u012fra\u0161ai, kad vaikai patirt\u0173 terapin\u012f efekt\u0105 net neb\u016bdami prie bi\u010di\u0173.<\/p><\/li><\/ul><p data-start=\"4625\" data-end=\"4661\"><strong data-start=\"4630\" data-end=\"4661\">D. Bi\u010di\u0173 s\u0105mon\u0117s meditacija<\/strong><\/p><ul data-start=\"4662\" data-end=\"4955\"><li data-start=\"4662\" data-end=\"4819\"><p>Specialios meditacijos, kuriose vaikas s\u0105moningai vizualizuoja bi\u010di\u0173 lauk\u0105, gali pad\u0117ti jam sinchronizuoti savo energetinius srautus su fizine realybe.<\/p><\/li><li data-start=\"4820\" data-end=\"4955\"><p>Tai gali b\u016bti daroma kartu su t\u0117vais ar terapeutais, kurie nukreipia vaiko d\u0117mes\u012f \u012f bi\u010di\u0173 skleid\u017eiam\u0105 \u0161ilum\u0105, garsus ir energij\u0105.<\/p><\/li><\/ul><hr data-start=\"4957\" data-end=\"4960\" \/><p data-start=\"4962\" data-end=\"5047\"><strong data-start=\"4966\" data-end=\"5047\">3. Ar bi\u010di\u0173 laukas gali pad\u0117ti autisti\u0161kiems vaikams integruotis \u012f visuomen\u0119?<\/strong><\/p><p data-start=\"5048\" data-end=\"5058\">Taip, nes:<\/p><ul data-start=\"5059\" data-end=\"5322\"><li data-start=\"5059\" data-end=\"5142\"><p>S\u0105mon\u0117s stabilizacija leid\u017eia vaikui geriau suvokti socialinius signalus.<\/p><\/li><li data-start=\"5143\" data-end=\"5223\"><p>Komunikaciniai kanalai tampa aktyvesni, tod\u0117l lengviau i\u0161reik\u0161ti emocijas.<\/p><\/li><li data-start=\"5224\" data-end=\"5322\"><p>Energetinio lauko harmonizacija suma\u017eina nerim\u0105 ir padeda vaikui prisitaikyti prie aplinkos.<\/p><\/li><\/ul><hr data-start=\"5324\" data-end=\"5327\" \/><p data-start=\"5329\" data-end=\"5396\"><strong data-start=\"5333\" data-end=\"5396\">I\u0161vada: bit\u0117s kaip nat\u016bral\u016bs egzistenciniai harmonizatoriai<\/strong><\/p><p data-start=\"5397\" data-end=\"5694\">Autisti\u0161ki vaikai da\u017enai rezonuoja su subtiliais egzistenciniais da\u017eniais, ta\u010diau jiems sunku \u012fsitvirtinti materialioje realyb\u0117je. Bi\u010di\u0173 morfogenetinis laukas gali veikti kaip nat\u016bralus inkaras, stabilizuojantis j\u0173 s\u0105mon\u0119 ir padedantis jiems lengviau funkcionuoti kasdieniame gyvenime.<\/p><p data-start=\"5696\" data-end=\"5746\"><strong data-start=\"5696\" data-end=\"5746\">Pagrindiniai privalumai autisti\u0161kiems vaikams:<\/strong><\/p><ol data-start=\"5747\" data-end=\"6033\"><li data-start=\"5747\" data-end=\"5799\"><p>Suma\u017eina jutimin\u012f jautrum\u0105 ir nervin\u0119 \u012ftamp\u0105.<\/p><\/li><li data-start=\"5800\" data-end=\"5846\"><p>Padeda integruotis \u012f socialin\u0119 aplink\u0105.<\/p><\/li><li data-start=\"5847\" data-end=\"5922\"><p>Pagerina komunikacinius \u012fg\u016bd\u017eius (telepatin\u012f ir verbal\u0173 bendravim\u0105).<\/p><\/li><li data-start=\"5923\" data-end=\"5970\"><p>Harmonizuoja fizin\u012f ir energetin\u012f lauk\u0105.<\/p><\/li><li data-start=\"5971\" data-end=\"6033\"><p>Stiprina imunin\u0119 sistem\u0105 ir bendr\u0105 organizmo atsparum\u0105.<\/p><\/li><\/ol><p data-start=\"6035\" data-end=\"6226\">Taigi, s\u0105veika su bit\u0117mis gali b\u016bti galinga priemon\u0117, kuri padeda autisti\u0161kiems vaikams susijungti su savo egzistenciniu planu ir harmoningai \u012fsitvirtinti fizin\u0117je realyb\u0117je.<\/p><p data-start=\"6035\" data-end=\"6226\"><strong>NAUDINGOS NUORODOS<\/strong><\/p><p data-start=\"6035\" data-end=\"6226\"><a class=\"row-title\" href=\"https:\/\/gijimas.10web.me\/adhd-ir-autizmo-saveika\/\" aria-label=\"\u201cADHD ir Autizmo s\u0105veika\u201d (Edit)\" target=\"_blank\" rel=\"noopener\">ADHD ir Autizmo s\u0105veika<\/a>\u00a0<\/p><p data-start=\"6035\" data-end=\"6226\"><a href=\"https:\/\/gijimas.10web.me\/autizmas\/\" target=\"_blank\" rel=\"noopener\">Autizmas<\/a><\/p><p data-pm-slice=\"1 1 []\">\u00a0<\/p>\t\t\t\t\t\t\t\t<\/div>\n\t\t\t\t<\/div>\n\t\t\t\t\t<\/div>\n\t\t\t\t<\/div>\n\t\t\t\t<\/div>\n\t\t","protected":false},"excerpt":{"rendered":"<p>Bi\u010di\u0173 morfogenetinio lauko poveikis autisti\u0161kiems vaikams Bi\u010di\u0173 morfogenetinis laukas turi unikali\u0173 savybi\u0173, kurios gali b\u016bti itin naudingos autisti\u0161kiems vaikams, ypa\u010d tiems, kuri\u0173 s\u0105mon\u0117 turi auk\u0161t\u0105 energetin\u012f da\u017en\u012f, ta\u010diau sunkiai \u012fsitvirtina fizin\u0117je realyb\u0117je.\u00a0 Kadangi autisti\u0161ki vaikai da\u017enai veikia kaip morfogenetiniai inkarai tarp skirting\u0173 egzistencini\u0173 strukt\u016br\u0173, j\u0173 s\u0105veika su bi\u010di\u0173 vibracijomis gali pad\u0117ti stabilizuoti j\u0173 s\u0105mon\u0117s lauk\u0105 [&hellip;]<\/p>\n","protected":false},"author":2,"featured_media":0,"parent":0,"menu_order":0,"comment_status":"closed","ping_status":"closed","template":"","meta":{"footnotes":""},"class_list":["post-4334","page","type-page","status-publish","hentry"],"_links":{"self":[{"href":"https:\/\/morphogeneticfield.com\/lt\/wp-json\/wp\/v2\/pages\/4334","targetHints":{"allow":["GET"]}}],"collection":[{"href":"https:\/\/morphogeneticfield.com\/lt\/wp-json\/wp\/v2\/pages"}],"about":[{"href":"https:\/\/morphogeneticfield.com\/lt\/wp-json\/wp\/v2\/types\/page"}],"author":[{"embeddable":true,"href":"https:\/\/morphogeneticfield.com\/lt\/wp-json\/wp\/v2\/users\/2"}],"replies":[{"embeddable":true,"href":"https:\/\/morphogeneticfield.com\/lt\/wp-json\/wp\/v2\/comments?post=4334"}],"version-history":[{"count":0,"href":"https:\/\/morphogeneticfield.com\/lt\/wp-json\/wp\/v2\/pages\/4334\/revisions"}],"wp:attachment":[{"href":"https:\/\/morphogeneticfield.com\/lt\/wp-json\/wp\/v2\/media?parent=4334"}],"curies":[{"name":"wp","href":"https:\/\/api.w.org\/{rel}","templated":true}]}}