{"id":4340,"date":"2025-04-13T05:45:59","date_gmt":"2025-04-13T02:45:59","guid":{"rendered":"https:\/\/morphogeneticfield.com\/kaip-morfogenetiniu-lauku-suvokimas-gali-tureti-itakos-mokslui\/"},"modified":"2025-07-29T22:10:49","modified_gmt":"2025-07-29T19:10:49","slug":"kaip-morfogenetiniu-lauku-suvokimas-gali-tureti-itakos-mokslui","status":"publish","type":"page","link":"https:\/\/morphogeneticfield.com\/lt\/kaip-morfogenetiniu-lauku-suvokimas-gali-tureti-itakos-mokslui\/","title":{"rendered":"Kaip morfogenetini\u0173 lauk\u0173 suvokimas gali tur\u0117ti \u012ftakos mokslui"},"content":{"rendered":"\t\t<div data-elementor-type=\"wp-page\" data-elementor-id=\"4340\" class=\"elementor elementor-4340 elementor-811\">\n\t\t\t\t<div class=\"elementor-element elementor-element-458e132 e-flex e-con-boxed e-con e-parent\" data-id=\"458e132\" data-element_type=\"container\">\n\t\t\t\t\t<div class=\"e-con-inner\">\n\t\t\t\t<div class=\"elementor-element elementor-element-eb6bd45 elementor-widget__width-initial elementor-widget-mobile__width-inherit elementor-widget-tablet__width-initial elementor-widget elementor-widget-image\" data-id=\"eb6bd45\" data-element_type=\"widget\" data-widget_type=\"image.default\">\n\t\t\t\t<div class=\"elementor-widget-container\">\n\t\t\t\t\t\t\t\t\t\t\t\t\t\t\t<img fetchpriority=\"high\" decoding=\"async\" width=\"600\" height=\"486\" src=\"https:\/\/morphogeneticfield.com\/wp-content\/uploads\/2025\/04\/ChatGPT-Image-2025-04-13-08_52_19-1-600x486.png\" class=\"attachment-tenweb_optimizer_mobile size-tenweb_optimizer_mobile wp-image-2050\" alt=\"Kaip morfogenetini\u0173 lauk\u0173 suvokimas gali tur\u0117ti \u012ftakos mokslui\" srcset=\"https:\/\/morphogeneticfield.com\/wp-content\/uploads\/2025\/04\/ChatGPT-Image-2025-04-13-08_52_19-1-600x486.png 600w, https:\/\/morphogeneticfield.com\/wp-content\/uploads\/2025\/04\/ChatGPT-Image-2025-04-13-08_52_19-1-300x243.png 300w, https:\/\/morphogeneticfield.com\/wp-content\/uploads\/2025\/04\/ChatGPT-Image-2025-04-13-08_52_19-1-768x622.png 768w, https:\/\/morphogeneticfield.com\/wp-content\/uploads\/2025\/04\/ChatGPT-Image-2025-04-13-08_52_19-1.png 1024w\" sizes=\"(max-width: 600px) 100vw, 600px\" \/>\t\t\t\t\t\t\t\t\t\t\t\t\t\t\t<\/div>\n\t\t\t\t<\/div>\n\t\t<div class=\"elementor-element elementor-element-d5e1a71 e-con-full e-flex e-con e-child\" data-id=\"d5e1a71\" data-element_type=\"container\">\n\t\t\t\t<div class=\"elementor-element elementor-element-0ffdbe6 elementor-widget__width-initial elementor-widget-mobile__width-inherit elementor-widget-tablet__width-initial elementor-widget elementor-widget-heading\" data-id=\"0ffdbe6\" data-element_type=\"widget\" data-settings=\"{&quot;_animation&quot;:&quot;none&quot;}\" data-widget_type=\"heading.default\">\n\t\t\t\t<div class=\"elementor-widget-container\">\n\t\t\t\t\t<h2 class=\"elementor-heading-title elementor-size-default\">Kaip morfogenetini\u0173 lauk\u0173 suvokimas gali tur\u0117ti \u012ftakos mokslui<\/h2>\t\t\t\t<\/div>\n\t\t\t\t<\/div>\n\t\t\t\t<div class=\"elementor-element elementor-element-8d069ea elementor-widget__width-initial elementor-widget-mobile__width-inherit elementor-widget-tablet__width-initial elementor-widget elementor-widget-text-editor\" data-id=\"8d069ea\" data-element_type=\"widget\" data-settings=\"{&quot;_animation&quot;:&quot;none&quot;}\" data-widget_type=\"text-editor.default\">\n\t\t\t\t<div class=\"elementor-widget-container\">\n\t\t\t\t\t\t\t\t\t<p class=\"\" data-start=\"369\" data-end=\"636\">Jei laikysime, kad morfogenetini\u0173 lauk\u0173 teorija yra teisinga, tai reik\u0161t\u0173 ne pavien\u012f mokslo prapl\u0117tim\u0105, bet potencial\u0105 sujungti fragmentuotas \u017einojimo sritis \u012f vien\u0105 dinamin\u0119 informacin\u0119 visum\u0105.<\/p><p class=\"\" data-start=\"638\" data-end=\"848\">Tai \u2013 galimyb\u0117 pa\u017evelgti \u012f gyvenim\u0105, organizmus, s\u0105mon\u0119 ir Visat\u0105 ne kaip \u012f atsitiktinum\u0173 grandin\u0119, o kaip \u012f strukt\u016bruot\u0105, rezonansin\u0119 s\u0105veik\u0105, kur kiekviena forma, judesys ar poj\u016btis turi savo viet\u0105 lauke.<\/p>\t\t\t\t\t\t\t\t<\/div>\n\t\t\t\t<\/div>\n\t\t\t\t<\/div>\n\t\t\t\t\t<\/div>\n\t\t\t\t<\/div>\n\t\t<div class=\"elementor-element elementor-element-c9d98d1 e-flex e-con-boxed e-con e-parent\" data-id=\"c9d98d1\" data-element_type=\"container\">\n\t\t\t\t\t<div class=\"e-con-inner\">\n\t\t\t\t<div class=\"elementor-element elementor-element-c7feaac elementor-widget elementor-widget-text-editor\" data-id=\"c7feaac\" data-element_type=\"widget\" data-widget_type=\"text-editor.default\">\n\t\t\t\t<div class=\"elementor-widget-container\">\n\t\t\t\t\t\t\t\t\t<p data-start=\"480\" data-end=\"754\">Toliau \u2013 konkreti kiekvienos srities problema ir kaip j\u0105 gal\u0117t\u0173 pad\u0117ti spr\u0119sti morfogenetiniai laukai.<\/p><hr class=\"\" data-start=\"756\" data-end=\"759\" \/><p data-start=\"761\" data-end=\"799\"><strong>Biologija \/ Morfogenez\u0117<\/strong><\/p><p data-start=\"800\" data-end=\"875\">Problema: <em data-start=\"817\" data-end=\"875\">Kaip l\u0105stel\u0117s \u017eino, kuo tapti, jei vis\u0173 DNR yra vienoda?<\/em><\/p><p data-start=\"877\" data-end=\"1022\">\u0160iuolaikin\u0117 biologija neturi galutinio atsakymo, kaip viena l\u0105stel\u0117 tampa akimi, kita \u2013 \u0161irdimi. Kod\u0117l jos skirtingai interpretuoja t\u0105 pa\u010di\u0105 DNR?<\/p><p data-start=\"1024\" data-end=\"1078\">Galimas sprendimas per morfogenetinius laukus:<\/p><p data-start=\"1079\" data-end=\"1214\">Morfogenetinis laukas veikt\u0173 kaip neregima formos matrica, kuri \u201einformuoja\u201c l\u0105steles apie j\u0173 funkcij\u0105, viet\u0105 ir strukt\u016br\u0105. Tuomet:<\/p><ul data-start=\"1216\" data-end=\"1360\"><li class=\"\" data-start=\"1216\" data-end=\"1258\"><p data-start=\"1218\" data-end=\"1258\">L\u0105stel\u0117s <em data-start=\"1227\" data-end=\"1238\">rezonuoja<\/em> su lauko \u0161ablonu,<\/p><\/li><li class=\"\" data-start=\"1259\" data-end=\"1360\"><p data-start=\"1261\" data-end=\"1360\">Diferenciacija \u012fvyksta <em data-start=\"1284\" data-end=\"1311\">ne per gen\u0173 signalus vien<\/em>, bet per informacijos prisijungim\u0105 i\u0161 lauko.<\/p><\/li><\/ul><hr class=\"\" data-start=\"1362\" data-end=\"1365\" \/><p data-start=\"1367\" data-end=\"1416\"><strong>Epigenetika ir paveldimumas be DNR<\/strong><\/p><p data-start=\"1417\" data-end=\"1505\">Problema: <em data-start=\"1434\" data-end=\"1505\">Kod\u0117l kai kurios traumos ir elgesio modeliai perduodami negeneti\u0161kai?<\/em><\/p><p data-start=\"1507\" data-end=\"1616\">Mokslas pastebi, kad vaik\u0173 ar an\u016bk\u0173 elgesyje kartojasi traumos ar baim\u0117s, net jei jie j\u0173 asmeni\u0161kai nepatyr\u0117.<\/p><p data-start=\"1618\" data-end=\"1645\">Galimas sprendimas:<\/p><p data-start=\"1646\" data-end=\"1774\">Morfogenetinis laukas veikia kaip elgesio ir emocini\u0173 modeli\u0173 saugykla, paveldima ne per chromosomas, o per lauk\u0173 strukt\u016br\u0105.<\/p><ul data-start=\"1776\" data-end=\"1918\"><li class=\"\" data-start=\"1776\" data-end=\"1821\"><p data-start=\"1778\" data-end=\"1821\">\u012emanomas transgeneracinis rezonansas,<\/p><\/li><li class=\"\" data-start=\"1822\" data-end=\"1918\"><p data-start=\"1824\" data-end=\"1918\">Gydymas b\u016bt\u0173 ne tik emocinis ar terapinis, bet ir lauko perra\u0161ymo ar perkodavimo procesas.<\/p><\/li><\/ul><hr class=\"\" data-start=\"1920\" data-end=\"1923\" \/><p data-start=\"1925\" data-end=\"1964\"><strong>Neurobiologija ir s\u0105mon\u0117<\/strong><\/p><p data-start=\"1965\" data-end=\"2018\">Problema: <em data-start=\"1982\" data-end=\"2018\">Kas yra s\u0105mon\u0117 ir kur ji \u201egyvena\u201c?<\/em><\/p><p data-start=\"2020\" data-end=\"2114\">S\u0105mon\u0117 vis dar n\u0117ra paai\u0161kinta. N\u0117ra ai\u0161ku, kaip neuron\u0173 veikla \u201esukuria\u201c subjektyvi\u0105 patirt\u012f.<\/p><p data-start=\"2116\" data-end=\"2143\">Galimas sprendimas:<\/p><p data-start=\"2144\" data-end=\"2253\">Morfogenetinis laukas b\u016bt\u0173 s\u0105mon\u0117s ne\u0161\u0117jas, o smegenys \u2013 tik jos lokalizacijos instrumentas. Tai reik\u0161t\u0173:<\/p><ul data-start=\"2255\" data-end=\"2468\"><li class=\"\" data-start=\"2255\" data-end=\"2294\"><p data-start=\"2257\" data-end=\"2294\">S\u0105mon\u0117 egzistuoja <em data-start=\"2275\" data-end=\"2291\">ne tik galvoje<\/em>,<\/p><\/li><li class=\"\" data-start=\"2295\" data-end=\"2370\"><p data-start=\"2297\" data-end=\"2370\">Telepatija, intuicija ar net sapnai \u2013 rezonansin\u0117s lauko funkcijos,<\/p><\/li><li class=\"\" data-start=\"2371\" data-end=\"2468\"><p data-start=\"2373\" data-end=\"2468\">Klinikin\u0117s mirties s\u0105mon\u0117s patirtys \u2013 atsijungimas nuo k\u016bno, bet ne nuo informacijos lauko.<\/p><\/li><\/ul><hr class=\"\" data-start=\"2470\" data-end=\"2473\" \/><p data-start=\"2475\" data-end=\"2532\"><strong>Kvantin\u0117 fizika ir informacijos perdavimas<\/strong><\/p><p data-start=\"2533\" data-end=\"2636\">Problema: <em data-start=\"2550\" data-end=\"2636\">Kaip gali vykti informacijos perdavimas be laiko ir atstumo (kvantinis susipynimas)?<\/em><\/p><p data-start=\"2638\" data-end=\"2720\">Kvantiniai eksperimentai rodo, kad dalel\u0117s reaguoja viena \u012f kit\u0105 be fizinio ry\u0161io.<\/p><p data-start=\"2722\" data-end=\"2749\">Galimas sprendimas:<\/p><p data-start=\"2750\" data-end=\"2824\">Morfogenetinis laukas veikia kaip nelokalus informacijos laukas. Jame:<\/p><ul data-start=\"2826\" data-end=\"3015\"><li class=\"\" data-start=\"2826\" data-end=\"2878\"><p data-start=\"2828\" data-end=\"2878\">Visi ta\u0161kai susieti per rezonansin\u0119 matric\u0105,<\/p><\/li><li class=\"\" data-start=\"2879\" data-end=\"2946\"><p data-start=\"2881\" data-end=\"2946\">\u201eGreitis\u201c neegzistuoja \u2013 <em data-start=\"2906\" data-end=\"2943\">veikia strukt\u016brinis sinchroni\u0161kumas<\/em>,<\/p><\/li><li class=\"\" data-start=\"2947\" data-end=\"3015\"><p data-start=\"2949\" data-end=\"3015\">Informacija sklinda ne per erdv\u0119, o per lauko vienalaiki\u0161kum\u0105.<\/p><\/li><\/ul><hr class=\"\" data-start=\"3017\" data-end=\"3020\" \/><p data-start=\"3022\" data-end=\"3071\"><strong>Psichologija ir kolektyvin\u0117 s\u0105mon\u0117<\/strong><\/p><p data-start=\"3072\" data-end=\"3170\">Problema: <em data-start=\"3089\" data-end=\"3170\">I\u0161 kur kyla archetipai, pasikartojantys sapnai, kolektyviniai elgesio modeliai?<\/em><\/p><p data-start=\"3172\" data-end=\"3244\">Jungas \u012fved\u0117 \u201ekolektyvin\u0117s pas\u0105mon\u0117s\u201c s\u0105vok\u0105, bet mechanizmo neapibr\u0117\u017e\u0117.<\/p><p data-start=\"3246\" data-end=\"3273\">Galimas sprendimas:<\/p><p data-start=\"3274\" data-end=\"3365\">Morfogenetiniai laukai gal\u0117t\u0173 b\u016bti kolektyvini\u0173 psichini\u0173 form\u0173 talpyklos. Tai rei\u0161kia:<\/p><ul data-start=\"3367\" data-end=\"3542\"><li class=\"\" data-start=\"3367\" data-end=\"3419\"><p data-start=\"3369\" data-end=\"3419\">Archetipai \u2013 psichologin\u0117s lauko strukt\u016bros,<\/p><\/li><li class=\"\" data-start=\"3420\" data-end=\"3469\"><p data-start=\"3422\" data-end=\"3469\">Emocijos ir mintys \u2013 rezonuoja per lauk\u0105,<\/p><\/li><li class=\"\" data-start=\"3470\" data-end=\"3542\"><p data-start=\"3472\" data-end=\"3542\">Trauma = lauko i\u0161kraipymas, kur\u012f galima <em data-start=\"3512\" data-end=\"3541\">psichologi\u0161kai harmonizuoti<\/em>.<\/p><\/li><\/ul><hr class=\"\" data-start=\"3544\" data-end=\"3547\" \/><p data-start=\"3549\" data-end=\"3605\"><strong>Regeneracin\u0117 medicina ir organ\u0173 atk\u016brimas<\/strong><\/p><p data-start=\"3606\" data-end=\"3704\">Problema: <em data-start=\"3623\" data-end=\"3704\">Kod\u0117l \u017emogaus organai regeneruoja ribotai, o kai kuri\u0173 r\u016b\u0161i\u0173 \u2013 beveik visi\u0161kai?<\/em><\/p><p data-start=\"3706\" data-end=\"3814\">\u0160iuolaikin\u0117 medicina ie\u0161ko regeneracijos gen\u0173, bet regeneracijos geb\u0117jimai n\u0117ra vien geneti\u0161kai paai\u0161kinami.<\/p><p data-start=\"3816\" data-end=\"3843\">Galimas sprendimas:<\/p><p data-start=\"3844\" data-end=\"3902\">Jei k\u016bno forma saugoma morfogenetiniame lauke, tuomet:<\/p><ul data-start=\"3904\" data-end=\"4104\"><li class=\"\" data-start=\"3904\" data-end=\"3964\"><p data-start=\"3906\" data-end=\"3964\">Organ\u0173 regeneracija gali b\u016bti <em data-start=\"3936\" data-end=\"3961\">i\u0161 naujo sinchronizuota<\/em>,<\/p><\/li><li class=\"\" data-start=\"3965\" data-end=\"4049\"><p data-start=\"3967\" data-end=\"4049\">Ligos (pvz., v\u0117\u017eys) gal\u0117t\u0173 b\u016bti lauko sutrikimai, o ne tik l\u0105steli\u0173 klaidos,<\/p><\/li><li class=\"\" data-start=\"4050\" data-end=\"4104\"><p data-start=\"4052\" data-end=\"4104\">K\u016bno \u201eprojekto\u201c atnaujinimas \u2013 reali gydymo kryptis.<\/p><\/li><\/ul><hr class=\"\" data-start=\"4106\" data-end=\"4109\" \/><p data-start=\"4111\" data-end=\"4136\"><strong>Evoliucija<\/strong><\/p><p data-start=\"4137\" data-end=\"4235\">Problema: <em data-start=\"4154\" data-end=\"4235\">Kaip paai\u0161kinti evoliucinius \u0161uolius ir form\u0173 pasikartojim\u0105 skirtingose r\u016b\u0161yse?<\/em><\/p><p data-start=\"4237\" data-end=\"4330\">Darvino modelis pagr\u012fstas atsitiktinumu ir atranka, bet kartais r\u016b\u0161ys \u201ekopijuoja\u201c viena kit\u0105.<\/p><p data-start=\"4332\" data-end=\"4359\">Galimas sprendimas:<\/p><p data-start=\"4360\" data-end=\"4417\">Evoliucija gali b\u016bti lauko rezonansin\u0117 atmintis, kur:<\/p><ul data-start=\"4419\" data-end=\"4578\"><li class=\"\" data-start=\"4419\" data-end=\"4457\"><p data-start=\"4421\" data-end=\"4457\">Viena r\u016b\u0161is \u201e\u012fra\u0161o\u201c form\u0105 \u012f lauk\u0105,<\/p><\/li><li class=\"\" data-start=\"4458\" data-end=\"4501\"><p data-start=\"4460\" data-end=\"4501\">Kita \u2013 j\u0105 \u201epagauna\u201c be genetinio ry\u0161io,<\/p><\/li><li class=\"\" data-start=\"4502\" data-end=\"4578\"><p data-start=\"4504\" data-end=\"4578\">Evoliuciniai \u0161uoliai \u2013 kolektyvinio lauko sinchronizacijos rezultatas.<\/p><\/li><\/ul><hr class=\"\" data-start=\"4580\" data-end=\"4583\" \/><p data-start=\"4585\" data-end=\"4652\"><strong>Metafizika, s\u0105mon\u0117s praktikos, healing technologijos<\/strong><\/p><p data-start=\"4653\" data-end=\"4754\">Problema: <em data-start=\"4670\" data-end=\"4754\">Kod\u0117l kai kurios s\u0105mon\u0117s praktikos (pvz., meditacija, kv\u0117pavimas) veikia fizi\u0161kai?<\/em><\/p><p data-start=\"4756\" data-end=\"4858\">\u0160iuolaikinis mokslas dar neturi ai\u0161kios baz\u0117s, kaip dvasin\u0117s praktikos gali paveikti k\u016bn\u0105 ar psichik\u0105.<\/p><p data-start=\"4860\" data-end=\"4887\">Galimas sprendimas:<\/p><p data-start=\"4888\" data-end=\"4974\">Morfogenetiniai laukai leid\u017eia vertinti praktikas kaip moduliacijos technologijas:<\/p><ul data-start=\"4976\" data-end=\"5145\"><li class=\"\" data-start=\"4976\" data-end=\"5017\"><p data-start=\"4978\" data-end=\"5017\">Meditacija = lauko harmonizacija,<\/p><\/li><li class=\"\" data-start=\"5018\" data-end=\"5085\"><p data-start=\"5020\" data-end=\"5085\">Reiki = intencijos sinchronizavimas su informacine matrica,<\/p><\/li><li class=\"\" data-start=\"5086\" data-end=\"5145\"><p data-start=\"5088\" data-end=\"5145\">Garsas, \u0161viesa, vibracija \u2013 lauko kodavimo priemon\u0117s.<\/p><\/li><\/ul><hr class=\"\" data-start=\"5147\" data-end=\"5150\" \/><p data-start=\"5152\" data-end=\"5220\"><strong>Santrauka:<\/strong> Problemos ir galimyb\u0117s per morfogenetin\u012f model\u012f<\/p><div class=\"tableContainer horzScrollShadows\"><table class=\"min-w-full\" data-start=\"5222\" data-end=\"6975\"><thead data-start=\"5222\" data-end=\"5394\"><tr data-start=\"5222\" data-end=\"5394\"><th data-start=\"5222\" data-end=\"5259\"><strong>Sritis<\/strong><\/th><th data-start=\"5259\" data-end=\"5324\"><strong>Esmin\u0117 problema<\/strong><\/th><th data-start=\"5324\" data-end=\"5394\"><strong>Galimas sprendimas per lauk\u0105<\/strong><\/th><\/tr><\/thead><tbody data-start=\"5570\" data-end=\"6975\"><tr data-start=\"5570\" data-end=\"5744\"><td class=\"max-w-[calc(var(--thread-content-max-width)*2\/3)]\" data-start=\"5570\" data-end=\"5606\">Biologija \/ Morfogenez\u0117<\/td><td class=\"max-w-[calc(var(--thread-content-max-width)*2\/3)]\" data-start=\"5606\" data-end=\"5673\">Kaip l\u0105stel\u0117s \u017eino, kuo tapti?<\/td><td class=\"max-w-[calc(var(--thread-content-max-width)*2\/3)] min-w-[calc(var(--thread-content-max-width)\/3)]\" data-start=\"5673\" data-end=\"5744\">Lauko \u0161ablonas, vedantis l\u0105steli\u0173 diferenciacij\u0105<\/td><\/tr><tr data-start=\"5745\" data-end=\"5919\"><td class=\"max-w-[calc(var(--thread-content-max-width)*2\/3)]\" data-start=\"5745\" data-end=\"5781\">Epigenetika<\/td><td class=\"max-w-[calc(var(--thread-content-max-width)*2\/3)] min-w-[calc(var(--thread-content-max-width)\/3)]\" data-start=\"5781\" data-end=\"5848\">Negenetin\u0117s traumos ir elgesio perdavimas<\/td><td class=\"max-w-[calc(var(--thread-content-max-width)*2\/3)]\" data-start=\"5848\" data-end=\"5919\">Transgeneracinis informacinis rezonansas<\/td><\/tr><tr data-start=\"5920\" data-end=\"6095\"><td class=\"max-w-[calc(var(--thread-content-max-width)*2\/3)]\" data-start=\"5920\" data-end=\"5956\">Neurobiologija<\/td><td class=\"max-w-[calc(var(--thread-content-max-width)*2\/3)]\" data-start=\"5956\" data-end=\"6024\">Neai\u0161ki s\u0105mon\u0117s kilm\u0117<\/td><td class=\"max-w-[calc(var(--thread-content-max-width)*2\/3)] min-w-[calc(var(--thread-content-max-width)\/3)]\" data-start=\"6024\" data-end=\"6095\">S\u0105mon\u0117 kaip nelokalus rezonansinis lauko rei\u0161kinys<\/td><\/tr><tr data-start=\"6096\" data-end=\"6271\"><td class=\"max-w-[calc(var(--thread-content-max-width)*2\/3)]\" data-start=\"6096\" data-end=\"6132\">Kvantin\u0117 fizika<\/td><td class=\"max-w-[calc(var(--thread-content-max-width)*2\/3)] min-w-[calc(var(--thread-content-max-width)\/3)]\" data-start=\"6132\" data-end=\"6200\">Informacijos perdavimas be laiko ir atstumo<\/td><td class=\"max-w-[calc(var(--thread-content-max-width)*2\/3)]\" data-start=\"6200\" data-end=\"6271\">Strukt\u016brin\u0117 sinchronija lauke<\/td><\/tr><tr data-start=\"6272\" data-end=\"6447\"><td class=\"max-w-[calc(var(--thread-content-max-width)*2\/3)]\" data-start=\"6272\" data-end=\"6308\">Psichologija<\/td><td class=\"max-w-[calc(var(--thread-content-max-width)*2\/3)]\" data-start=\"6308\" data-end=\"6376\">Kolektyviniai modeliai, archetipai<\/td><td class=\"max-w-[calc(var(--thread-content-max-width)*2\/3)]\" data-start=\"6376\" data-end=\"6447\">Psichologiniai morfogenetiniai laukai<\/td><\/tr><tr data-start=\"6448\" data-end=\"6623\"><td class=\"max-w-[calc(var(--thread-content-max-width)*2\/3)]\" data-start=\"6448\" data-end=\"6484\">Medicina<\/td><td class=\"max-w-[calc(var(--thread-content-max-width)*2\/3)]\" data-start=\"6484\" data-end=\"6552\">Ribota regeneracija ir lig\u0173 kilm\u0117<\/td><td class=\"max-w-[calc(var(--thread-content-max-width)*2\/3)] min-w-[calc(var(--thread-content-max-width)\/3)]\" data-start=\"6552\" data-end=\"6623\">K\u016bno atk\u016brimas per formos informacin\u012f lauk\u0105<\/td><\/tr><tr data-start=\"6624\" data-end=\"6799\"><td class=\"max-w-[calc(var(--thread-content-max-width)*2\/3)]\" data-start=\"6624\" data-end=\"6660\">Evoliucija<\/td><td class=\"max-w-[calc(var(--thread-content-max-width)*2\/3)]\" data-start=\"6660\" data-end=\"6728\">Netik\u0117ti \u0161uoliai ir form\u0173 pasikartojimai<\/td><td class=\"max-w-[calc(var(--thread-content-max-width)*2\/3)]\" data-start=\"6728\" data-end=\"6799\">Evoliucija per rezonansin\u0119 atmint\u012f<\/td><\/tr><tr data-start=\"6800\" data-end=\"6975\"><td class=\"max-w-[calc(var(--thread-content-max-width)*2\/3)]\" data-start=\"6800\" data-end=\"6836\">Metafizika \/ s\u0105mon\u0117s technologijos<\/td><td class=\"max-w-[calc(var(--thread-content-max-width)*2\/3)] min-w-[calc(var(--thread-content-max-width)\/3)]\" data-start=\"6836\" data-end=\"6904\">Kaip dvasin\u0117s praktikos veikia k\u016bn\u0105 ir prot\u0105<\/td><td class=\"max-w-[calc(var(--thread-content-max-width)*2\/3)] min-w-[calc(var(--thread-content-max-width)\/3)]\" data-start=\"6904\" data-end=\"6975\">Praktikos kaip lauko moduliavimo technologijos<\/td><\/tr><\/tbody><\/table><\/div><hr class=\"\" data-start=\"6977\" data-end=\"6980\" \/><p data-start=\"6982\" data-end=\"7026\">U\u017euot griov\u0119 \u2013 i\u0161pl\u0117skime \u017einojim\u0105<\/p><p data-start=\"7028\" data-end=\"7179\">Morfogenetini\u0173 lauk\u0173 teorija nesi\u016blo mesti visko, k\u0105 \u017einome. Ji si\u016blo i\u0161pl\u0117sti akirat\u012f \u2013 nuo fizinio prie strukt\u016brinio, nuo lokalumo prie s\u0105veikos.<\/p><p data-start=\"7181\" data-end=\"7194\">Tai galimyb\u0117:<\/p><ul data-start=\"7196\" data-end=\"7340\"><li class=\"\" data-start=\"7196\" data-end=\"7233\"><p data-start=\"7198\" data-end=\"7233\">Perkurti \u017emogaus ir visatos ry\u0161\u012f,<\/p><\/li><li class=\"\" data-start=\"7234\" data-end=\"7284\"><p data-start=\"7236\" data-end=\"7284\">Gydyti ne tik k\u016bn\u0105, bet ir informacin\u012f pamat\u0105,<\/p><\/li><li class=\"\" data-start=\"7285\" data-end=\"7340\"><p data-start=\"7287\" data-end=\"7340\">Kurti mokslo ir s\u0105mon\u0117s sintez\u0119 \u2013 login\u0119, ne mistin\u0119.<\/p><\/li><\/ul>\t\t\t\t\t\t\t\t<\/div>\n\t\t\t\t<\/div>\n\t\t\t\t\t<\/div>\n\t\t\t\t<\/div>\n\t\t\t\t<\/div>\n\t\t","protected":false},"excerpt":{"rendered":"<p>Kaip morfogenetini\u0173 lauk\u0173 suvokimas gali tur\u0117ti \u012ftakos mokslui Jei laikysime, kad morfogenetini\u0173 lauk\u0173 teorija yra teisinga, tai reik\u0161t\u0173 ne pavien\u012f mokslo prapl\u0117tim\u0105, bet potencial\u0105 sujungti fragmentuotas \u017einojimo sritis \u012f vien\u0105 dinamin\u0119 informacin\u0119 visum\u0105. Tai \u2013 galimyb\u0117 pa\u017evelgti \u012f gyvenim\u0105, organizmus, s\u0105mon\u0119 ir Visat\u0105 ne kaip \u012f atsitiktinum\u0173 grandin\u0119, o kaip \u012f strukt\u016bruot\u0105, rezonansin\u0119 s\u0105veik\u0105, kur [&hellip;]<\/p>\n","protected":false},"author":2,"featured_media":0,"parent":0,"menu_order":0,"comment_status":"closed","ping_status":"closed","template":"","meta":{"footnotes":""},"class_list":["post-4340","page","type-page","status-publish","hentry"],"_links":{"self":[{"href":"https:\/\/morphogeneticfield.com\/lt\/wp-json\/wp\/v2\/pages\/4340","targetHints":{"allow":["GET"]}}],"collection":[{"href":"https:\/\/morphogeneticfield.com\/lt\/wp-json\/wp\/v2\/pages"}],"about":[{"href":"https:\/\/morphogeneticfield.com\/lt\/wp-json\/wp\/v2\/types\/page"}],"author":[{"embeddable":true,"href":"https:\/\/morphogeneticfield.com\/lt\/wp-json\/wp\/v2\/users\/2"}],"replies":[{"embeddable":true,"href":"https:\/\/morphogeneticfield.com\/lt\/wp-json\/wp\/v2\/comments?post=4340"}],"version-history":[{"count":0,"href":"https:\/\/morphogeneticfield.com\/lt\/wp-json\/wp\/v2\/pages\/4340\/revisions"}],"wp:attachment":[{"href":"https:\/\/morphogeneticfield.com\/lt\/wp-json\/wp\/v2\/media?parent=4340"}],"curies":[{"name":"wp","href":"https:\/\/api.w.org\/{rel}","templated":true}]}}