{"id":4358,"date":"2025-04-13T16:46:14","date_gmt":"2025-04-13T13:46:14","guid":{"rendered":"https:\/\/morphogeneticfield.com\/sapnai-ir-sapnavimas\/"},"modified":"2025-07-30T08:26:41","modified_gmt":"2025-07-30T05:26:41","slug":"sapnai-ir-sapnavimas","status":"publish","type":"page","link":"https:\/\/morphogeneticfield.com\/lt\/sapnai-ir-sapnavimas\/","title":{"rendered":"Sapnai ir sapnavimas"},"content":{"rendered":"\t\t<div data-elementor-type=\"wp-page\" data-elementor-id=\"4358\" class=\"elementor elementor-4358 elementor-840\">\n\t\t\t\t<div class=\"elementor-element elementor-element-97c77a0 e-flex e-con-boxed e-con e-parent\" data-id=\"97c77a0\" data-element_type=\"container\">\n\t\t\t\t\t<div class=\"e-con-inner\">\n\t\t\t\t<div class=\"elementor-element elementor-element-ec93b81 elementor-widget__width-initial elementor-widget-mobile__width-inherit elementor-widget-tablet__width-initial elementor-widget elementor-widget-image\" data-id=\"ec93b81\" data-element_type=\"widget\" data-widget_type=\"image.default\">\n\t\t\t\t<div class=\"elementor-widget-container\">\n\t\t\t\t\t\t\t\t\t\t\t\t\t\t\t<img fetchpriority=\"high\" decoding=\"async\" width=\"600\" height=\"600\" src=\"https:\/\/morphogeneticfield.com\/wp-content\/uploads\/2025\/04\/ChatGPT-Image-2025-04-13-19_44_52-600x600.png\" class=\"attachment-tenweb_optimizer_mobile size-tenweb_optimizer_mobile wp-image-2051\" alt=\"Sapnai ir sapnavimas\" srcset=\"https:\/\/morphogeneticfield.com\/wp-content\/uploads\/2025\/04\/ChatGPT-Image-2025-04-13-19_44_52-600x600.png 600w, https:\/\/morphogeneticfield.com\/wp-content\/uploads\/2025\/04\/ChatGPT-Image-2025-04-13-19_44_52-300x300.png 300w, https:\/\/morphogeneticfield.com\/wp-content\/uploads\/2025\/04\/ChatGPT-Image-2025-04-13-19_44_52-150x150.png 150w, https:\/\/morphogeneticfield.com\/wp-content\/uploads\/2025\/04\/ChatGPT-Image-2025-04-13-19_44_52-768x768.png 768w, https:\/\/morphogeneticfield.com\/wp-content\/uploads\/2025\/04\/ChatGPT-Image-2025-04-13-19_44_52.png 1024w\" sizes=\"(max-width: 600px) 100vw, 600px\" \/>\t\t\t\t\t\t\t\t\t\t\t\t\t\t\t<\/div>\n\t\t\t\t<\/div>\n\t\t<div class=\"elementor-element elementor-element-d2eac33 e-con-full e-flex e-con e-child\" data-id=\"d2eac33\" data-element_type=\"container\">\n\t\t\t\t<div class=\"elementor-element elementor-element-489e58e elementor-widget__width-initial elementor-widget-mobile__width-inherit elementor-widget-tablet__width-initial elementor-widget elementor-widget-heading\" data-id=\"489e58e\" data-element_type=\"widget\" data-settings=\"{&quot;_animation&quot;:&quot;none&quot;}\" data-widget_type=\"heading.default\">\n\t\t\t\t<div class=\"elementor-widget-container\">\n\t\t\t\t\t<h2 class=\"elementor-heading-title elementor-size-default\">Sapnai ir sapnavimas<\/h2>\t\t\t\t<\/div>\n\t\t\t\t<\/div>\n\t\t\t\t<div class=\"elementor-element elementor-element-e16a1ef elementor-widget__width-initial elementor-widget-mobile__width-inherit elementor-widget-tablet__width-initial elementor-widget elementor-widget-text-editor\" data-id=\"e16a1ef\" data-element_type=\"widget\" data-settings=\"{&quot;_animation&quot;:&quot;none&quot;}\" data-widget_type=\"text-editor.default\">\n\t\t\t\t<div class=\"elementor-widget-container\">\n\t\t\t\t\t\t\t\t\t<p>Sapnai ir sapnavimas \u2013 tai ne tik psichinis ar neurofiziologinis rei\u0161kinys, bet ir gilus egzistencinis procesas, atskleid\u017eiantis sielos keliones, morfogenetinius persijungimus bei kvantin\u0117s informacijos sraut\u0173 veikim\u0105. Per morfogenetini\u0173 lauk\u0173 prizm\u0119 sapnavimas tampa \u201egamtine portalo\u201c funkcija, leid\u017eianti s\u0105monei keliauti tarp skirting\u0173 realyb\u0117s sluoksni\u0173.<\/p>\t\t\t\t\t\t\t\t<\/div>\n\t\t\t\t<\/div>\n\t\t\t\t<\/div>\n\t\t\t\t\t<\/div>\n\t\t\t\t<\/div>\n\t\t<div class=\"elementor-element elementor-element-5a9e4ca e-flex e-con-boxed e-con e-parent\" data-id=\"5a9e4ca\" data-element_type=\"container\">\n\t\t\t\t\t<div class=\"e-con-inner\">\n\t\t\t\t<div class=\"elementor-element elementor-element-c343ab2 elementor-widget elementor-widget-text-editor\" data-id=\"c343ab2\" data-element_type=\"widget\" data-widget_type=\"text-editor.default\">\n\t\t\t\t<div class=\"elementor-widget-container\">\n\t\t\t\t\t\t\t\t\t<p data-pm-slice=\"1 3 []\"><strong> MORFOGENETINIS IR KVANTINIS SAPNAVIMO LYGMUO<\/strong><\/p><p><strong>Morfogenetin\u0117 sapno strukt\u016bra<\/strong><\/p><p>Sapnas atsiranda, kai \u017emogaus s\u0105mon\u0117 atjungia pirmin\u012f fizin\u012f morfogenetin\u012f lauk\u0105 ir pereina prie subtili\u0173 strukt\u016br\u0173:<\/p><ul data-spread=\"false\"><li><p>Alfredin\u0117s s\u0105sajos aktyvuoja informacinius kanalus.<\/p><\/li><li><p>Nifteriniai mazgai filtruoja informacij\u0105, susijusi\u0105 su asmenine bei kolektyvine patirtimi.<\/p><\/li><li><p>Egocentriniai kanalai lemia, kokia informacija pasiekiama s\u0105moningam \u201eA\u0161\u201c.<\/p><\/li><li><p>Kristalizacijos ta\u0161kai perduoda simbolines vizijas, kurios sudaro sapno turin\u012f.<\/p><\/li><\/ul><p><strong>Kvantinis sapnavimo procesas<\/strong><\/p><ul data-spread=\"false\"><li><p>Kvantin\u0117 s\u0105mon\u0117 sapnuojant pereina per paralelinius informacinius sluoksnius<\/p><\/li><li><p>Sapnas = Projekcijos modelis, kuris padeda apibr\u0117\u017eti ir surezonuoti art\u0117jan\u010dios dienos eig\u0105.<\/p><\/li><li><p>Sapnas gali veikti kaip fotoninis aktyvatorius, atstatantis sielos arba neuroninio tinklo strukt\u016bras.<\/p><\/li><\/ul><hr \/><p><strong>ATEINAN\u010cIOS DIENOS SAPNAI<\/strong><\/p><p>Kai sapnuojama apie \u012fvykius, kurie \u012fvyksta ateinan\u010di\u0105 dien\u0105, tai rei\u0161kia:<\/p><ul data-spread=\"false\"><li><p>\u017dmogaus s\u0105mon\u0117 miego metu nuskenuoja laiko linijos potencial\u0105.<\/p><\/li><li><p>Aktyvuojamas projekcinis nifterinis mazgas, leid\u017eiantis matyti labiausiai tik\u0117tin\u0105 realyb\u0117s eig\u0105.<\/p><\/li><li><p>Intencij\u0173 rezonansas i\u0161gryninamas sapne, o v\u0117liau \u0161is informacinis paketas per morfogenetin\u012f lauk\u0105 realizuojasi.<\/p><\/li><li><p>Sapnas \u0161iuo atveju \u2013 tai u\u017eb\u0117ganti vizualizacija, leid\u017eianti sielai ir k\u016bnui suderinti b\u016bsim\u0105 dien\u0105.<\/p><\/li><\/ul><hr \/><p><strong>SAPN\u0172 KLASIFIKACIJOS PER MORFOGENETIN\u0118 PRIZM\u0118<\/strong><\/p><p>Pagal informacijos \u0161altin\u012f<\/p><ol start=\"1\" data-spread=\"true\"><li><p>Sielos sapnai<\/p><ul data-spread=\"false\"><li><p>Ateina i\u0161 monadin\u0117s sielos strukt\u016br\u0173.<\/p><\/li><li><p>B\u016bna prana\u0161i\u0161ki, archetipiniai, ap\u0161viesti.<\/p><\/li><li><p>Veikia kaip fotoniniai aktyvatoriai.<\/p><\/li><\/ul><\/li><li><p>K\u016bno sapnai<\/p><ul data-spread=\"false\"><li><p>Susij\u0119 su fiziniu diskomfortu, vidaus organ\u0173 veikla.<\/p><\/li><li><p>Pvz., kai \u0161alta \u2013 sapnuojami ledynai.<\/p><\/li><\/ul><\/li><li><p>Psichikos sapnai<\/p><ul data-spread=\"false\"><li><p>Apdoroja dienos \u012fvykius, vidinius konfliktus.<\/p><\/li><li><p>Gali b\u016bti chaoti\u0161ki ir neorganizuoti.<\/p><\/li><\/ul><\/li><li><p>Intenciniai sapnai (s\u0105moningi sapnai)<\/p><ul data-spread=\"false\"><li><p>Sapnuotojas \u017eino, kad sapnuoja.<\/p><\/li><li><p>Gali valdyti aplink\u0105, veiksmus, bendrauti su energetin\u0117mis b\u016btyb\u0117mis.<\/p><\/li><\/ul><\/li><li><p>Kolektyviniai sapnai<\/p><ul data-spread=\"false\"><li><p>Apima visos \u017emonijos ar siel\u0173 tinkl\u0173 energijas.<\/p><\/li><li><p>Pvz., sapnai apie globalius poky\u010dius, katastrofas.<\/p><\/li><\/ul><\/li><li><p>Paralelin\u0117s realyb\u0117s sapnai<\/p><ul data-spread=\"false\"><li><p>Atskleid\u017eia \u012fvykius, kurie ne\u012fvyksta \u0161ioje laiko linijoje.<\/p><\/li><li><p>Rezonuoja su alternatyviais laiko scenarijais.<\/p><\/li><\/ul><\/li><li><p>Egzistenciniai sapnai<\/p><ul data-spread=\"false\"><li><p>Apima sielos kontraktus, mirt\u012f, per\u0117jimus, karm\u0105.<\/p><\/li><li><p>Da\u017enai turi stipr\u0173 simbolin\u012f kodavim\u0105.<\/p><\/li><\/ul><\/li><li><p>Kosminiai\/arkangeliniai sapnai<\/p><ul data-spread=\"false\"><li><p>Kontaktai su \u017eemesn\u0117mis ar auk\u0161tesn\u0117mis b\u016btyb\u0117mis.<\/p><\/li><li><p>Da\u017enai sapnuojami per transformacijos, pabudimo laikotarpius.<\/p><\/li><\/ul><\/li><li><p>Regeneraciniai sapnai<\/p><ul data-spread=\"false\"><li><p>Skirti fizinio ar energetinio lauko atstatymui.<\/p><\/li><li><p>Da\u017enai lydi gilaus miego faz\u0119.<\/p><\/li><\/ul><\/li><li><p>Simboliniai sapnai<\/p><ul data-spread=\"false\"><li><p>Turinys sud\u0117tas i\u0161 archetipini\u0173 vaizdini\u0173.<\/p><\/li><li><p>Reikalauja dekodavimo per sielos prizm\u0119.<\/p><\/li><\/ul><\/li><li><p>Projekciniai sapnai<\/p><ul data-spread=\"false\"><li><p>S\u0105mon\u0117s suformuotas dienos modelis, kuris materializuojasi per vibracin\u012f rezonans\u0105.<\/p><\/li><li><p>Turi itin stipr\u0173 poveik\u012f realyb\u0117s \u012fvyki\u0173 strukt\u016brai.<\/p><\/li><\/ul><\/li><\/ol><hr \/><p><strong>SAPNAVIMAS KAIP EGZISTENCIN\u0116 METAMORFOZ\u0116<\/strong><\/p><ul data-spread=\"false\"><li><p>Sapnas yra intencijos veiksmo rezultatas, kuris dar ne\u012fvyk\u0119s realyb\u0117je.<\/p><\/li><li><p>Sapnavimas leid\u017eia transformuoti sielos lauk\u0105 ir susigr\u0105\u017einti prarastus energetinius komponentus.<\/p><\/li><li><p>Per sapn\u0105 galima atstatyti morfogenetin\u0119 palm\u0119 \u2013 s\u0105mon\u0117s, informacijos ir veikimo centr\u0105.<\/p><\/li><li><p>Projekciniai sapnai padeda sukurti b\u016bsimos dienos \u012fvyki\u0173 matric\u0105, kuri\u0105 v\u0117liau i\u0161skleid\u017eia K\u016br\u0117jo energijos aktyvuotas morfogenetinis laukas.<\/p><\/li><\/ul><hr \/><p><strong>I\u0160VADA<\/strong><\/p><p>Sapnai yra ne atsitiktiniai vaizdiniai, bet auk\u0161to lygio informaciniai srautai, kuriuos s\u0105mon\u0117 gauna per subtilias strukt\u016bras. Sapnavimas tampa \u012frankiu, leid\u017eian\u010diu:<\/p><ul data-spread=\"false\"><li><p>Persijungti tarp laiko linij\u0173.<\/p><\/li><li><p>Gauti atsakymus i\u0161 sielos, fizinio kuno, emocinio kuno ir t.t.<\/p><\/li><li><p>Atstatyti energetinius pa\u017eeidimus.<\/p><\/li><li><p>Sukurti ir suaktyvinti ateinan\u010dios dienos projekcij\u0105.<\/p><\/li><\/ul><p data-start=\"298\" data-end=\"366\"><strong data-start=\"304\" data-end=\"366\">S\u0104MONINGAS SAPN\u0172 TIP\u0172 AKTYVAVIMAS PER MORFOGENETIN\u0118 PRIZM\u0118<\/strong><\/p><p data-start=\"298\" data-end=\"366\"><strong>Bendri aktyvavimo principai<\/strong> <em data-start=\"407\" data-end=\"432\">(galioja visoms r\u016b\u0161ims)<\/em>:<\/p><ol data-start=\"435\" data-end=\"838\"><li class=\"\" data-start=\"435\" data-end=\"505\"><p data-start=\"438\" data-end=\"505\"><strong data-start=\"438\" data-end=\"463\">Intencija prie\u0161 mieg\u0105<\/strong> \u2013 s\u0105moningas sprendimas, k\u0105 nori patirti.<\/p><\/li><li class=\"\" data-start=\"506\" data-end=\"612\"><p data-start=\"509\" data-end=\"612\"><strong data-start=\"509\" data-end=\"535\">Energetinis paruo\u0161imas<\/strong> \u2013 k\u016bno ir lauko nuraminimas (garso, kvapo, kristal\u0173 ar meditacijos pagalba).<\/p><\/li><li class=\"\" data-start=\"613\" data-end=\"707\"><p data-start=\"616\" data-end=\"707\"><strong data-start=\"616\" data-end=\"653\">Kristalizacijos ta\u0161ko nukreipimas<\/strong> \u2013 d\u0117mesio koncentracija \u012f vidin\u012f ekran\u0105 tarp antaki\u0173.<\/p><\/li><li class=\"\" data-start=\"708\" data-end=\"838\"><p data-start=\"711\" data-end=\"838\"><strong data-start=\"711\" data-end=\"747\">Alfredin\u0117s s\u0105sajos suaktyvinimas<\/strong> \u2013 ry\u0161io su auk\u0161tesniuoju A\u0161, siela ar K\u016br\u0117jo da\u017eniu paleidimas (per mald\u0105, fraz\u0119, vizij\u0105).<\/p><\/li><\/ol><hr class=\"\" data-start=\"840\" data-end=\"843\" \/><hr class=\"\" data-start=\"4750\" data-end=\"4753\" \/><p data-start=\"4755\" data-end=\"4769\"><strong>Pabaigai<\/strong><\/p><p data-start=\"4771\" data-end=\"4937\">S\u0105moningas sapnavimas \u2013 tai egzistencin\u0117s k\u016brybos menas. Tu ne tik matai, k\u0105 sapnuoji \u2013 tu s\u0105moningai formuoji savo ateit\u012f per sapn\u0105. Sapnas tampa tiltu tarp:<\/p><ul data-start=\"4939\" data-end=\"4995\"><li class=\"\" data-start=\"4939\" data-end=\"4995\"><p data-start=\"4941\" data-end=\"4995\">intencijos \u2192 informacijos \u2192 energijos \u2192 materijos.<\/p><\/li><\/ul>\t\t\t\t\t\t\t\t<\/div>\n\t\t\t\t<\/div>\n\t\t\t\t\t<\/div>\n\t\t\t\t<\/div>\n\t\t\t\t<\/div>\n\t\t","protected":false},"excerpt":{"rendered":"<p>Sapnai ir sapnavimas Sapnai ir sapnavimas \u2013 tai ne tik psichinis ar neurofiziologinis rei\u0161kinys, bet ir gilus egzistencinis procesas, atskleid\u017eiantis sielos keliones, morfogenetinius persijungimus bei kvantin\u0117s informacijos sraut\u0173 veikim\u0105. Per morfogenetini\u0173 lauk\u0173 prizm\u0119 sapnavimas tampa \u201egamtine portalo\u201c funkcija, leid\u017eianti s\u0105monei keliauti tarp skirting\u0173 realyb\u0117s sluoksni\u0173. MORFOGENETINIS IR KVANTINIS SAPNAVIMO LYGMUO Morfogenetin\u0117 sapno strukt\u016bra Sapnas atsiranda, [&hellip;]<\/p>\n","protected":false},"author":2,"featured_media":0,"parent":0,"menu_order":0,"comment_status":"closed","ping_status":"closed","template":"","meta":{"footnotes":""},"class_list":["post-4358","page","type-page","status-publish","hentry"],"_links":{"self":[{"href":"https:\/\/morphogeneticfield.com\/lt\/wp-json\/wp\/v2\/pages\/4358","targetHints":{"allow":["GET"]}}],"collection":[{"href":"https:\/\/morphogeneticfield.com\/lt\/wp-json\/wp\/v2\/pages"}],"about":[{"href":"https:\/\/morphogeneticfield.com\/lt\/wp-json\/wp\/v2\/types\/page"}],"author":[{"embeddable":true,"href":"https:\/\/morphogeneticfield.com\/lt\/wp-json\/wp\/v2\/users\/2"}],"replies":[{"embeddable":true,"href":"https:\/\/morphogeneticfield.com\/lt\/wp-json\/wp\/v2\/comments?post=4358"}],"version-history":[{"count":0,"href":"https:\/\/morphogeneticfield.com\/lt\/wp-json\/wp\/v2\/pages\/4358\/revisions"}],"wp:attachment":[{"href":"https:\/\/morphogeneticfield.com\/lt\/wp-json\/wp\/v2\/media?parent=4358"}],"curies":[{"name":"wp","href":"https:\/\/api.w.org\/{rel}","templated":true}]}}