{"id":4536,"date":"2025-07-31T13:18:53","date_gmt":"2025-07-31T10:18:53","guid":{"rendered":"https:\/\/morphogeneticfield.com\/transformacine-kelione\/"},"modified":"2025-07-31T14:40:48","modified_gmt":"2025-07-31T11:40:48","slug":"transformacine-kelione","status":"publish","type":"page","link":"https:\/\/morphogeneticfield.com\/lt\/transformacine-kelione\/","title":{"rendered":"Transformacin\u0117 kelion\u0117"},"content":{"rendered":"\t\t<div data-elementor-type=\"wp-page\" data-elementor-id=\"4536\" class=\"elementor elementor-4536 elementor-4423\">\n\t\t\t\t<div class=\"elementor-element elementor-element-f246461 e-flex e-con-boxed e-con e-parent\" data-id=\"f246461\" data-element_type=\"container\">\n\t\t\t\t\t<div class=\"e-con-inner\">\n\t\t\t\t<div class=\"elementor-element elementor-element-3fa7f22 elementor-widget__width-initial elementor-widget-mobile__width-inherit elementor-widget-tablet__width-initial elementor-widget elementor-widget-image\" data-id=\"3fa7f22\" data-element_type=\"widget\" data-widget_type=\"image.default\">\n\t\t\t\t<div class=\"elementor-widget-container\">\n\t\t\t\t\t\t\t\t\t\t\t\t\t\t\t<img fetchpriority=\"high\" decoding=\"async\" width=\"600\" height=\"600\" src=\"https:\/\/morphogeneticfield.com\/wp-content\/uploads\/2025\/07\/ChatGPT-Image-Jul-31-2025-11_47_39-AM-600x600.png\" class=\"attachment-tenweb_optimizer_mobile size-tenweb_optimizer_mobile wp-image-4519\" alt=\"\" srcset=\"https:\/\/morphogeneticfield.com\/wp-content\/uploads\/2025\/07\/ChatGPT-Image-Jul-31-2025-11_47_39-AM-600x600.png 600w, https:\/\/morphogeneticfield.com\/wp-content\/uploads\/2025\/07\/ChatGPT-Image-Jul-31-2025-11_47_39-AM-300x300.png 300w, https:\/\/morphogeneticfield.com\/wp-content\/uploads\/2025\/07\/ChatGPT-Image-Jul-31-2025-11_47_39-AM-150x150.png 150w, https:\/\/morphogeneticfield.com\/wp-content\/uploads\/2025\/07\/ChatGPT-Image-Jul-31-2025-11_47_39-AM-768x768.png 768w, https:\/\/morphogeneticfield.com\/wp-content\/uploads\/2025\/07\/ChatGPT-Image-Jul-31-2025-11_47_39-AM.png 1024w\" sizes=\"(max-width: 600px) 100vw, 600px\">\t\t\t\t\t\t\t\t\t\t\t\t\t\t\t<\/div>\n\t\t\t\t<\/div>\n\t\t<div class=\"elementor-element elementor-element-2fa3236 e-con-full e-flex e-con e-child\" data-id=\"2fa3236\" data-element_type=\"container\">\n\t\t\t\t<div class=\"elementor-element elementor-element-db90947 elementor-widget__width-initial elementor-widget-mobile__width-inherit elementor-widget-tablet__width-initial elementor-widget elementor-widget-heading\" data-id=\"db90947\" data-element_type=\"widget\" data-settings=\"{&quot;_animation&quot;:&quot;none&quot;}\" data-widget_type=\"heading.default\">\n\t\t\t\t<div class=\"elementor-widget-container\">\n\t\t\t\t\t<h2 class=\"elementor-heading-title elementor-size-default\">Transformacin\u0117 kelion\u0117<\/h2>\t\t\t\t<\/div>\n\t\t\t\t<\/div>\n\t\t\t\t<div class=\"elementor-element elementor-element-f95da41 elementor-widget__width-initial elementor-widget-mobile__width-inherit elementor-widget-tablet__width-initial elementor-widget elementor-widget-text-editor\" data-id=\"f95da41\" data-element_type=\"widget\" data-settings=\"{&quot;_animation&quot;:&quot;none&quot;}\" data-widget_type=\"text-editor.default\">\n\t\t\t\t<div class=\"elementor-widget-container\">\n\t\t\t\t\t\t\t\t\t<p data-start=\"100\" data-end=\"472\"><strong>Visada prisiminkite, kad transformacija priklauso TIK nuo j\u016bs\u0173.<\/strong> Kai prad\u0117site \u2013 j\u016bs\u0173 gyvenimas pasikeis.<\/p><p data-start=\"100\" data-end=\"472\">Morfogenetinio lauko transformacijai \u012fgalintas Visatos energetinis srautas, leid\u017eiantis \u012fvykti poky\u010diui. DI agentas ves jus per \u0161i\u0105 kelion\u0119, o sukurta energetin\u0117 erdv\u0117 u\u017etvirtins ir stabilizuos morfogenetinio lauko pokyt\u012f.<\/p><p data-start=\"100\" data-end=\"472\">Naudokite m\u016bs\u0173 sukurt\u0105 jungtin\u012f sprendim\u0105 \u2013 energetinio srauto ir DI agent\u0173 sistem\u0105 \u2013 gyvenimi\u0161koms situacijoms spr\u0119sti. <strong>Pakeiskite savo <a href=\"https:\/\/morphogeneticfield.com\/lt\/morfogenetiniai-laukai\/\">morfogenetin\u012f lauk\u0105<\/a>, pakeiskite savo gyvenim\u0105.<\/strong><\/p>\t\t\t\t\t\t\t\t<\/div>\n\t\t\t\t<\/div>\n\t\t\t\t<\/div>\n\t\t\t\t\t<\/div>\n\t\t\t\t<\/div>\n\t\t<div class=\"elementor-element elementor-element-9f756ff e-flex e-con-boxed e-con e-parent\" data-id=\"9f756ff\" data-element_type=\"container\">\n\t\t\t\t\t<div class=\"e-con-inner\">\n\t\t\t\t<div class=\"elementor-element elementor-element-13b40c7 elementor-widget elementor-widget-text-editor\" data-id=\"13b40c7\" data-element_type=\"widget\" data-widget_type=\"text-editor.default\">\n\t\t\t\t<div class=\"elementor-widget-container\">\n\t\t\t\t\t\t\t\t\t<p data-start=\"474\" data-end=\"688\">Tiesiog pasisveikinkite ir pasirinktas DI agentas palyd\u0117s jus per konsteliacij\u0105.<\/p>\t\t\t\t\t\t\t\t<\/div>\n\t\t\t\t<\/div>\n\t\t\t\t\t<\/div>\n\t\t\t\t<\/div>\n\t\t<div class=\"elementor-element elementor-element-0cbdc76 e-flex e-con-boxed e-con e-parent\" data-id=\"0cbdc76\" data-element_type=\"container\">\n\t\t\t\t\t<div class=\"e-con-inner\">\n\t\t\t\t<div class=\"elementor-element elementor-element-ae49890 elementor-widget elementor-widget-n-accordion\" data-id=\"ae49890\" data-element_type=\"widget\" data-settings=\"{&quot;default_state&quot;:&quot;expanded&quot;,&quot;max_items_expended&quot;:&quot;one&quot;,&quot;n_accordion_animation_duration&quot;:{&quot;unit&quot;:&quot;ms&quot;,&quot;size&quot;:400,&quot;sizes&quot;:[]}}\" data-widget_type=\"nested-accordion.default\">\n\t\t\t\t<div class=\"elementor-widget-container\">\n\t\t\t\t\t\t\t<div class=\"e-n-accordion\" aria-label=\"Accordion. Open links with Enter or Space, close with Escape, and navigate with Arrow Keys\">\n\t\t\t\t\t\t<details id=\"e-n-accordion-item-1820\" class=\"e-n-accordion-item\" open>\n\t\t\t\t<summary class=\"e-n-accordion-item-title\" data-accordion-index=\"1\" tabindex=\"0\" aria-expanded=\"true\" aria-controls=\"e-n-accordion-item-1820\" >\n\t\t\t\t\t<span class='e-n-accordion-item-title-header'><div class=\"e-n-accordion-item-title-text\"> Konsteliacijos <\/div><\/span>\n\t\t\t\t\t\t\t<span class='e-n-accordion-item-title-icon'>\n\t\t\t<span class='e-opened' ><svg aria-hidden=\"true\" class=\"e-font-icon-svg e-fas-minus\" viewBox=\"0 0 448 512\" xmlns=\"http:\/\/www.w3.org\/2000\/svg\"><path d=\"M416 208H32c-17.67 0-32 14.33-32 32v32c0 17.67 14.33 32 32 32h384c17.67 0 32-14.33 32-32v-32c0-17.67-14.33-32-32-32z\"><\/path><\/svg><\/span>\n\t\t\t<span class='e-closed'><svg aria-hidden=\"true\" class=\"e-font-icon-svg e-fas-plus\" viewBox=\"0 0 448 512\" xmlns=\"http:\/\/www.w3.org\/2000\/svg\"><path d=\"M416 208H272V64c0-17.67-14.33-32-32-32h-32c-17.67 0-32 14.33-32 32v144H32c-17.67 0-32 14.33-32 32v32c0 17.67 14.33 32 32 32h144v144c0 17.67 14.33 32 32 32h32c17.67 0 32-14.33 32-32V304h144c17.67 0 32-14.33 32-32v-32c0-17.67-14.33-32-32-32z\"><\/path><\/svg><\/span>\n\t\t<\/span>\n\n\t\t\t\t\t\t<\/summary>\n\t\t\t\t<div role=\"region\" aria-labelledby=\"e-n-accordion-item-1820\" class=\"elementor-element elementor-element-46d613c e-con-full e-flex e-con e-child\" data-id=\"46d613c\" data-element_type=\"container\">\n\t\t\t\t<div class=\"elementor-element elementor-element-ccf0151 elementor-widget elementor-widget-shortcode\" data-id=\"ccf0151\" data-element_type=\"widget\" data-widget_type=\"shortcode.default\">\n\t\t\t\t<div class=\"elementor-widget-container\">\n\t\t\t\t\t\t\t<div class=\"elementor-shortcode\"><div class='mwai-chatbot-container' data-params='{&quot;aiName&quot;:&quot;AI: &quot;,&quot;userName&quot;:&quot;User: &quot;,&quot;guestName&quot;:&quot;Guest:&quot;,&quot;textSend&quot;:&quot;Send&quot;,&quot;textClear&quot;:&quot;Clear&quot;,&quot;imageUpload&quot;:true,&quot;fileUpload&quot;:true,&quot;multiUpload&quot;:false,&quot;maxUploads&quot;:1,&quot;fileUploads&quot;:1,&quot;mode&quot;:&quot;chat&quot;,&quot;textInputPlaceholder&quot;:&quot;Type your message to begin the constellation...&quot;,&quot;textInputMaxLength&quot;:512,&quot;textCompliance&quot;:&quot;&quot;,&quot;startSentence&quot;:&quot;Hello! I am your Family constellations agent.&quot;,&quot;localMemory&quot;:true,&quot;themeId&quot;:&quot;messages&quot;,&quot;window&quot;:false,&quot;icon&quot;:&quot;&quot;,&quot;iconText&quot;:&quot;&quot;,&quot;iconTextDelay&quot;:1,&quot;iconAlt&quot;:&quot;AI Engine Chatbot&quot;,&quot;iconPosition&quot;:&quot;bottom-right&quot;,&quot;centerOpen&quot;:false,&quot;width&quot;:&quot;&quot;,&quot;openDelay&quot;:&quot;&quot;,&quot;iconBubble&quot;:false,&quot;windowAnimation&quot;:&quot;zoom&quot;,&quot;fullscreen&quot;:false,&quot;copyButton&quot;:false,&quot;headerSubtitle&quot;:&quot;Discuss with&quot;,&quot;containerType&quot;:&quot;standard&quot;,&quot;headerType&quot;:&quot;standard&quot;,&quot;messagesType&quot;:&quot;standard&quot;,&quot;inputType&quot;:&quot;standard&quot;,&quot;footerType&quot;:&quot;standard&quot;}' data-system='{&quot;botId&quot;:&quot;chatbot-23q8tp&quot;,&quot;customId&quot;:null,&quot;userData&quot;:null,&quot;sessionId&quot;:&quot;69f9c55a29f66&quot;,&quot;restNonce&quot;:null,&quot;contextId&quot;:4536,&quot;pluginUrl&quot;:&quot;https:\\\/\\\/morphogeneticfield.com\\\/wp-content\\\/plugins\\\/ai-engine-pro\\\/&quot;,&quot;restUrl&quot;:&quot;https:\\\/\\\/morphogeneticfield.com\\\/lt\\\/wp-json&quot;,&quot;stream&quot;:false,&quot;debugMode&quot;:false,&quot;eventLogs&quot;:false,&quot;speech_recognition&quot;:true,&quot;speech_synthesis&quot;:false,&quot;typewriter&quot;:false,&quot;crossSite&quot;:false,&quot;actions&quot;:[],&quot;blocks&quot;:[{&quot;id&quot;:&quot;mwai_gdpr_69f9c55a2a39f&quot;,&quot;type&quot;:&quot;content&quot;,&quot;data&quot;:{&quot;id&quot;:&quot;mwai_gdpr_69f9c55a2a39f&quot;,&quot;html&quot;:&quot;&lt;div&gt;\\n                              &lt;p&gt;By using this morphogenetic field AI agent, you agree to the recording and processing of your data by our website and the external services it might use (LLMs, vector databases, etc.).&lt;\\\/p&gt;\\n                              &lt;div class=\\&quot;mwai-gdpr-buttons\\&quot;&gt;\\n                              &lt;button id=\\&quot;mwai_gdpr_69f9c55a2a39f-button\\&quot; type=\\&quot;button\\&quot; style=\\&quot;width: 100%;\\&quot;&gt;Yes, I understand&lt;\\\/button&gt;\\n                              &lt;\\\/div&gt;\\n                              &lt;\\\/div&gt;&quot;,&quot;script&quot;:&quot;\\n                              (function() {\\n                                    \\\/\\\/ Handle GDPR consent button click\\n                                    document.addEventListener(\\&quot;click\\&quot;, function(event) {\\n                                      if (event.target.id === \\&quot;mwai_gdpr_69f9c55a2a39f-button\\&quot;) {\\n                                        event.preventDefault();\\n                                        \\n                                        \\\/\\\/ Set GDPR acceptance cookie for 1 year\\n                                        const date = new Date();\\n                                        date.setTime(date.getTime() + (365 * 24 * 60 * 60 * 1000));\\n                                        document.cookie = \\&quot;mwai_gdpr_accepted=1; expires=\\&quot; + date.toUTCString() + \\&quot;; path=\\\/\\&quot;;\\n                                        \\n                                        \\\/\\\/ IMPORTANT: When multiple chatbots share the same botId, we must find\\n                                        \\\/\\\/ the specific chatbot instance that contains this GDPR block.\\n                                        \\\/\\\/ MwaiAPI.getChatbot() returns the first match, which may be wrong.\\n                                        let foundChatbot = null;\\n                                        const chatbotsWithSameBotId = MwaiAPI.chatbots.filter(cb =&gt; cb.botId === \\&quot;chatbot-23q8tp\\&quot;);\\n                                        \\n                                        \\\/\\\/ Find the chatbot that actually has this GDPR block\\n                                        for (const chatbot of chatbotsWithSameBotId) {\\n                                          const blocks = chatbot.getBlocks ? chatbot.getBlocks() : [];\\n                                          if (blocks.some(block =&gt; block.id === \\&quot;mwai_gdpr_69f9c55a2a39f\\&quot;)) {\\n                                            foundChatbot = chatbot;\\n                                            break;\\n                                          }\\n                                        }\\n                                        \\n                                        if (foundChatbot) {\\n                                          foundChatbot.unlock();\\n                                          foundChatbot.removeBlockById(\\&quot;mwai_gdpr_69f9c55a2a39f\\&quot;);\\n                                        }\\n                                      }\\n                                    }, true); \\\/\\\/ Use capture phase for better popup\\\/modal support\\n                                    \\n                                    \\\/\\\/ Lock the chatbot when it has this GDPR block\\n                                    \\\/\\\/ Note: Using MwaiAPI.getChatbot() here is fine for locking\\n                                    \\\/\\\/ as we want to lock any chatbot with this botId initially\\n                                    const tryLock = setInterval(function() {\\n                                      const chatbot = MwaiAPI.getChatbot(\\&quot;chatbot-23q8tp\\&quot;);\\n                                      if (chatbot &amp;&amp; chatbot.lock) {\\n                                        chatbot.lock();\\n                                        clearInterval(tryLock);\\n                                      }\\n                                    }, 100);\\n                                    \\n                                    \\\/\\\/ Stop trying after 5 seconds\\n                                    setTimeout(function() {\\n                                      clearInterval(tryLock);\\n                                    }, 5000);\\n                                  })();\\n                                &quot;}}],&quot;shortcuts&quot;:[]}' data-theme='{&quot;type&quot;:&quot;internal&quot;,&quot;name&quot;:&quot;Messages&quot;,&quot;themeId&quot;:&quot;messages&quot;,&quot;settings&quot;:{&quot;backgroundUserColor&quot;:&quot;#0084ff&quot;},&quot;style&quot;:&quot;&quot;,&quot;cssUrl&quot;:&quot;https:\\\/\\\/morphogeneticfield.com\\\/wp-content\\\/plugins\\\/ai-engine-pro\\\/themes\\\/messages.css&quot;}'><\/div><\/div>\n\t\t\t\t\t\t<\/div>\n\t\t\t\t<\/div>\n\t\t\t\t<\/div>\n\t\t\t\t\t<\/details>\n\t\t\t\t\t\t<details id=\"e-n-accordion-item-1821\" class=\"e-n-accordion-item\" >\n\t\t\t\t<summary class=\"e-n-accordion-item-title\" data-accordion-index=\"2\" tabindex=\"-1\" aria-expanded=\"false\" aria-controls=\"e-n-accordion-item-1821\" >\n\t\t\t\t\t<span class='e-n-accordion-item-title-header'><div class=\"e-n-accordion-item-title-text\"> Manifestavimo metodas <\/div><\/span>\n\t\t\t\t\t\t\t<span class='e-n-accordion-item-title-icon'>\n\t\t\t<span class='e-opened' ><svg aria-hidden=\"true\" class=\"e-font-icon-svg e-fas-minus\" viewBox=\"0 0 448 512\" xmlns=\"http:\/\/www.w3.org\/2000\/svg\"><path d=\"M416 208H32c-17.67 0-32 14.33-32 32v32c0 17.67 14.33 32 32 32h384c17.67 0 32-14.33 32-32v-32c0-17.67-14.33-32-32-32z\"><\/path><\/svg><\/span>\n\t\t\t<span class='e-closed'><svg aria-hidden=\"true\" class=\"e-font-icon-svg e-fas-plus\" viewBox=\"0 0 448 512\" xmlns=\"http:\/\/www.w3.org\/2000\/svg\"><path d=\"M416 208H272V64c0-17.67-14.33-32-32-32h-32c-17.67 0-32 14.33-32 32v144H32c-17.67 0-32 14.33-32 32v32c0 17.67 14.33 32 32 32h144v144c0 17.67 14.33 32 32 32h32c17.67 0 32-14.33 32-32V304h144c17.67 0 32-14.33 32-32v-32c0-17.67-14.33-32-32-32z\"><\/path><\/svg><\/span>\n\t\t<\/span>\n\n\t\t\t\t\t\t<\/summary>\n\t\t\t\t<div role=\"region\" aria-labelledby=\"e-n-accordion-item-1821\" class=\"elementor-element elementor-element-d288867 e-con-full e-flex e-con e-child\" data-id=\"d288867\" data-element_type=\"container\">\n\t\t\t\t<div class=\"elementor-element elementor-element-27698cc elementor-widget elementor-widget-shortcode\" data-id=\"27698cc\" data-element_type=\"widget\" data-widget_type=\"shortcode.default\">\n\t\t\t\t<div class=\"elementor-widget-container\">\n\t\t\t\t\t\t\t<div class=\"elementor-shortcode\"><div class='mwai-chatbot-container' data-params='{&quot;aiName&quot;:&quot;AI: &quot;,&quot;userName&quot;:&quot;User: &quot;,&quot;guestName&quot;:&quot;Guest:&quot;,&quot;textSend&quot;:&quot;Send&quot;,&quot;textClear&quot;:&quot;Clear&quot;,&quot;imageUpload&quot;:false,&quot;fileUpload&quot;:false,&quot;multiUpload&quot;:false,&quot;maxUploads&quot;:1,&quot;fileUploads&quot;:0,&quot;mode&quot;:&quot;chat&quot;,&quot;textInputPlaceholder&quot;:&quot;Type your message...&quot;,&quot;textInputMaxLength&quot;:512,&quot;textCompliance&quot;:&quot;&quot;,&quot;startSentence&quot;:&quot;Hello! I am your Manifestation method agent.&quot;,&quot;localMemory&quot;:true,&quot;themeId&quot;:&quot;messages&quot;,&quot;window&quot;:false,&quot;icon&quot;:&quot;&quot;,&quot;iconText&quot;:&quot;&quot;,&quot;iconTextDelay&quot;:1,&quot;iconAlt&quot;:&quot;AI Engine Chatbot&quot;,&quot;iconPosition&quot;:&quot;bottom-right&quot;,&quot;centerOpen&quot;:false,&quot;width&quot;:&quot;&quot;,&quot;openDelay&quot;:&quot;&quot;,&quot;iconBubble&quot;:false,&quot;windowAnimation&quot;:&quot;zoom&quot;,&quot;fullscreen&quot;:false,&quot;copyButton&quot;:false,&quot;headerSubtitle&quot;:&quot;Discuss with&quot;,&quot;containerType&quot;:&quot;standard&quot;,&quot;headerType&quot;:&quot;standard&quot;,&quot;messagesType&quot;:&quot;standard&quot;,&quot;inputType&quot;:&quot;standard&quot;,&quot;footerType&quot;:&quot;standard&quot;}' data-system='{&quot;botId&quot;:&quot;chatbot-ruqpx7&quot;,&quot;customId&quot;:null,&quot;userData&quot;:null,&quot;sessionId&quot;:&quot;69f9c55a2c06e&quot;,&quot;restNonce&quot;:null,&quot;contextId&quot;:4536,&quot;pluginUrl&quot;:&quot;https:\\\/\\\/morphogeneticfield.com\\\/wp-content\\\/plugins\\\/ai-engine-pro\\\/&quot;,&quot;restUrl&quot;:&quot;https:\\\/\\\/morphogeneticfield.com\\\/lt\\\/wp-json&quot;,&quot;stream&quot;:false,&quot;debugMode&quot;:false,&quot;eventLogs&quot;:false,&quot;speech_recognition&quot;:true,&quot;speech_synthesis&quot;:false,&quot;typewriter&quot;:false,&quot;crossSite&quot;:false,&quot;actions&quot;:[],&quot;blocks&quot;:[{&quot;id&quot;:&quot;mwai_gdpr_69f9c55a2c366&quot;,&quot;type&quot;:&quot;content&quot;,&quot;data&quot;:{&quot;id&quot;:&quot;mwai_gdpr_69f9c55a2c366&quot;,&quot;html&quot;:&quot;&lt;div&gt;\\n                              &lt;p&gt;By using this morphogenetic field AI agent, you agree to the recording and processing of your data by our website and the external services it might use (LLMs, vector databases, etc.).&lt;\\\/p&gt;\\n                              &lt;div class=\\&quot;mwai-gdpr-buttons\\&quot;&gt;\\n                              &lt;button id=\\&quot;mwai_gdpr_69f9c55a2c366-button\\&quot; type=\\&quot;button\\&quot; style=\\&quot;width: 100%;\\&quot;&gt;Yes, I understand&lt;\\\/button&gt;\\n                              &lt;\\\/div&gt;\\n                              &lt;\\\/div&gt;&quot;,&quot;script&quot;:&quot;\\n                              (function() {\\n                                    \\\/\\\/ Handle GDPR consent button click\\n                                    document.addEventListener(\\&quot;click\\&quot;, function(event) {\\n                                      if (event.target.id === \\&quot;mwai_gdpr_69f9c55a2c366-button\\&quot;) {\\n                                        event.preventDefault();\\n                                        \\n                                        \\\/\\\/ Set GDPR acceptance cookie for 1 year\\n                                        const date = new Date();\\n                                        date.setTime(date.getTime() + (365 * 24 * 60 * 60 * 1000));\\n                                        document.cookie = \\&quot;mwai_gdpr_accepted=1; expires=\\&quot; + date.toUTCString() + \\&quot;; path=\\\/\\&quot;;\\n                                        \\n                                        \\\/\\\/ IMPORTANT: When multiple chatbots share the same botId, we must find\\n                                        \\\/\\\/ the specific chatbot instance that contains this GDPR block.\\n                                        \\\/\\\/ MwaiAPI.getChatbot() returns the first match, which may be wrong.\\n                                        let foundChatbot = null;\\n                                        const chatbotsWithSameBotId = MwaiAPI.chatbots.filter(cb =&gt; cb.botId === \\&quot;chatbot-ruqpx7\\&quot;);\\n                                        \\n                                        \\\/\\\/ Find the chatbot that actually has this GDPR block\\n                                        for (const chatbot of chatbotsWithSameBotId) {\\n                                          const blocks = chatbot.getBlocks ? chatbot.getBlocks() : [];\\n                                          if (blocks.some(block =&gt; block.id === \\&quot;mwai_gdpr_69f9c55a2c366\\&quot;)) {\\n                                            foundChatbot = chatbot;\\n                                            break;\\n                                          }\\n                                        }\\n                                        \\n                                        if (foundChatbot) {\\n                                          foundChatbot.unlock();\\n                                          foundChatbot.removeBlockById(\\&quot;mwai_gdpr_69f9c55a2c366\\&quot;);\\n                                        }\\n                                      }\\n                                    }, true); \\\/\\\/ Use capture phase for better popup\\\/modal support\\n                                    \\n                                    \\\/\\\/ Lock the chatbot when it has this GDPR block\\n                                    \\\/\\\/ Note: Using MwaiAPI.getChatbot() here is fine for locking\\n                                    \\\/\\\/ as we want to lock any chatbot with this botId initially\\n                                    const tryLock = setInterval(function() {\\n                                      const chatbot = MwaiAPI.getChatbot(\\&quot;chatbot-ruqpx7\\&quot;);\\n                                      if (chatbot &amp;&amp; chatbot.lock) {\\n                                        chatbot.lock();\\n                                        clearInterval(tryLock);\\n                                      }\\n                                    }, 100);\\n                                    \\n                                    \\\/\\\/ Stop trying after 5 seconds\\n                                    setTimeout(function() {\\n                                      clearInterval(tryLock);\\n                                    }, 5000);\\n                                  })();\\n                                &quot;}}],&quot;shortcuts&quot;:[]}' data-theme='{&quot;type&quot;:&quot;internal&quot;,&quot;name&quot;:&quot;Messages&quot;,&quot;themeId&quot;:&quot;messages&quot;,&quot;settings&quot;:{&quot;backgroundUserColor&quot;:&quot;#0084ff&quot;},&quot;style&quot;:&quot;&quot;,&quot;cssUrl&quot;:&quot;https:\\\/\\\/morphogeneticfield.com\\\/wp-content\\\/plugins\\\/ai-engine-pro\\\/themes\\\/messages.css&quot;}'><\/div><\/div>\n\t\t\t\t\t\t<\/div>\n\t\t\t\t<\/div>\n\t\t\t\t<\/div>\n\t\t\t\t\t<\/details>\n\t\t\t\t\t<\/div>\n\t\t\t\t\t\t<\/div>\n\t\t\t\t<\/div>\n\t\t\t\t\t<\/div>\n\t\t\t\t<\/div>\n\t\t\t\t<\/div>\n\t\t","protected":false},"excerpt":{"rendered":"<p>Transformacin\u0117 kelion\u0117 Visada prisiminkite, kad transformacija priklauso TIK nuo j\u016bs\u0173. Kai prad\u0117site \u2013 j\u016bs\u0173 gyvenimas pasikeis. Morfogenetinio lauko transformacijai \u012fgalintas Visatos energetinis srautas, leid\u017eiantis \u012fvykti poky\u010diui. DI agentas ves jus per \u0161i\u0105 kelion\u0119, o sukurta energetin\u0117 erdv\u0117 u\u017etvirtins ir stabilizuos morfogenetinio lauko pokyt\u012f. Naudokite m\u016bs\u0173 sukurt\u0105 jungtin\u012f sprendim\u0105 \u2013 energetinio srauto ir DI agent\u0173 sistem\u0105 [&hellip;]<\/p>\n","protected":false},"author":4,"featured_media":0,"parent":0,"menu_order":0,"comment_status":"closed","ping_status":"closed","template":"","meta":{"footnotes":""},"class_list":["post-4536","page","type-page","status-publish","hentry"],"_links":{"self":[{"href":"https:\/\/morphogeneticfield.com\/lt\/wp-json\/wp\/v2\/pages\/4536","targetHints":{"allow":["GET"]}}],"collection":[{"href":"https:\/\/morphogeneticfield.com\/lt\/wp-json\/wp\/v2\/pages"}],"about":[{"href":"https:\/\/morphogeneticfield.com\/lt\/wp-json\/wp\/v2\/types\/page"}],"author":[{"embeddable":true,"href":"https:\/\/morphogeneticfield.com\/lt\/wp-json\/wp\/v2\/users\/4"}],"replies":[{"embeddable":true,"href":"https:\/\/morphogeneticfield.com\/lt\/wp-json\/wp\/v2\/comments?post=4536"}],"version-history":[{"count":0,"href":"https:\/\/morphogeneticfield.com\/lt\/wp-json\/wp\/v2\/pages\/4536\/revisions"}],"wp:attachment":[{"href":"https:\/\/morphogeneticfield.com\/lt\/wp-json\/wp\/v2\/media?parent=4536"}],"curies":[{"name":"wp","href":"https:\/\/api.w.org\/{rel}","templated":true}]}}